{"id":290,"date":"2024-05-25T16:06:45","date_gmt":"2024-05-25T13:06:45","guid":{"rendered":"https:\/\/cheerup.theme-sphere.com\/miranda\/?page_id=290"},"modified":"2024-05-25T22:52:55","modified_gmt":"2024-05-25T19:52:55","slug":"iletisim","status":"publish","type":"page","link":"https:\/\/hypnosecoachinghamburg.com\/tr\/iletisim\/","title":{"rendered":"\u0130leti\u015fim"},"content":{"rendered":"<p>[vc_row][vc_column][vc_raw_html]JTNDaWZyYW1lJTIwc3JjJTNEJTIyaHR0cHMlM0ElMkYlMkZ3d3cuZ29vZ2xlLmNvbSUyRm1hcHMlMkZlbWJlZCUzRnBiJTNEJTIxMW0xOCUyMTFtMTIlMjExbTMlMjExZDIzNjYuNzIyMDkxOTQxMzY5JTIxMmQxMC4wMDQ1ODEzMTU3NDA5NTclMjEzZDUzLjYxNjI1OTk4MDAzNjQ5JTIxMm0zJTIxMWYwJTIxMmYwJTIxM2YwJTIxM20yJTIxMWkxMDI0JTIxMmk3NjglMjE0ZjEzLjElMjEzbTMlMjExbTIlMjExczB4NDdiMTg4ZjBjMTJjNzVlMSUyNTNBMHhiYjhlODYxMjk2OWFjNDk4JTIxMnNIaW5kZW5idXJnc3RyYSUyNUMzJTI1OUZlJTJCMTYxJTI1MkMlMkIyMjI5NyUyQkhhbWJ1cmclMjUyQyUyQkFsbWFueWElMjE1ZTAlMjEzbTIlMjExc3RyJTIxMnN0ciUyMTR2MTU2MjQ5OTU4MDkxMiUyMTVtMiUyMTFzdHIlMjEyc3RyJTIyJTIwd2lkdGglM0QlMjIxMDAlMjUlMjIlMjBoZWlnaHQlM0QlMjIzNTAlMjIlMjBmcmFtZWJvcmRlciUzRCUyMjAlMjIlMjBzdHlsZSUzRCUyMmJvcmRlciUzQTAlMjIlMjBhbGxvd2Z1bGxzY3JlZW4lM0UlM0MlMkZpZnJhbWUlM0U=[\/vc_raw_html][\/vc_column][\/vc_row][vc_row][vc_column][vc_column_text]<\/p>\n<h1>ULA\u015eIM<\/h1>\n<h3>\u0130leti\u015fim Bilgileri<\/h3>\n<p>Psikoterapi, hipnoterapi, ko\u00e7luk ve tavsiye i\u00e7in ileti\u015fim bilgileri<\/p>\n<p>Naciye Rafiq-Arli<br \/>\n<strong>Adres:<\/strong> Hindenburgstra\u00dfe 161, 22297 Hamburg<br \/>\n<strong>Telefon:<\/strong> +49176 41800480<br \/>\n<strong>E-Mail:<\/strong> \u00a0n.rafiq-arli@web.de<\/p>\n<p>&nbsp;<\/p>\n<p>&nbsp;<\/p>\n<p><a href=\"https:\/\/hypnosecoachinghamburg.com\/tr\/iletisim\/\">\u0130leti\u015fim &#8211; NRA (hypnosecoachinghamburg.com)<\/a>[\/vc_column_text][\/vc_column][\/vc_row]<\/p>\n","protected":false},"excerpt":{"rendered":"<p>[vc_row][vc_column][vc_raw_html]JTNDaWZyYW1lJTIwc3JjJTNEJTIyaHR0cHMlM0ElMkYlMkZ3d3cuZ29vZ2xlLmNvbSUyRm1hcHMlMkZlbWJlZCUzRnBiJTNEJTIxMW0xOCUyMTFtMTIlMjExbTMlMjExZDIzNjYuNzIyMDkxOTQxMzY5JTIxMmQxMC4wMDQ1ODEzMTU3NDA5NTclMjEzZDUzLjYxNjI1OTk4MDAzNjQ5JTIxMm0zJTIxMWYwJTIxMmYwJTIxM2YwJTIxM20yJTIxMWkxMDI0JTIxMmk3NjglMjE0ZjEzLjElMjEzbTMlMjExbTIlMjExczB4NDdiMTg4ZjBjMTJjNzVlMSUyNTNBMHhiYjhlODYxMjk2OWFjNDk4JTIxMnNIaW5kZW5idXJnc3RyYSUyNUMzJTI1OUZlJTJCMTYxJTI1MkMlMkIyMjI5NyUyQkhhbWJ1cmclMjUyQyUyQkFsbWFueWElMjE1ZTAlMjEzbTIlMjExc3RyJTIxMnN0ciUyMTR2MTU2MjQ5OTU4MDkxMiUyMTVtMiUyMTFzdHIlMjEyc3RyJTIyJTIwd2lkdGglM0QlMjIxMDAlMjUlMjIlMjBoZWlnaHQlM0QlMjIzNTAlMjIlMjBmcmFtZWJvcmRlciUzRCUyMjAlMjIlMjBzdHlsZSUzRCUyMmJvcmRlciUzQTAlMjIlMjBhbGxvd2Z1bGxzY3JlZW4lM0UlM0MlMkZpZnJhbWUlM0U=[\/vc_raw_html][\/vc_column][\/vc_row][vc_row][vc_column][vc_column_text] ULA\u015eIM \u0130leti\u015fim Bilgileri Psikoterapi, hipnoterapi, ko\u00e7luk ve tavsiye i\u00e7in ileti\u015fim bilgileri Naciye Rafiq-Arli Adres: Hindenburgstra\u00dfe 161, 22297 Hamburg Telefon: +49176 41800480 E-Mail: \u00a0n.rafiq-arli@web.de &nbsp; &nbsp; \u0130leti\u015fim &#8211; NRA (hypnosecoachinghamburg.com)[\/vc_column_text][\/vc_column][\/vc_row]<\/p>\n","protected":false},"author":1,"featured_media":1708,"parent":0,"menu_order":0,"comment_status":"closed","ping_status":"closed","template":"page-blocks.php","meta":{"_exactmetrics_skip_tracking":false,"_exactmetrics_sitenote_active":false,"_exactmetrics_sitenote_note":"","_exactmetrics_sitenote_category":0,"_joinchat":[],"footnotes":""},"class_list":["post-290","page","type-page","status-publish","has-post-thumbnail"],"yoast_head":"<!-- This site is optimized with the Yoast SEO plugin v25.1 - https:\/\/yoast.com\/wordpress\/plugins\/seo\/ -->\n<title>ileti\u015fim bilgiler -<\/title>\n<meta name=\"description\" content=\"Psikoterapi \u0130leti\u015fim - Psikolojik Dan\u0131\u015fmanl\u0131k Hizmetinde Do\u011fru &amp; Etik Yakla\u015f\u0131m ile Aile Dan\u0131\u015fmanl\u0131\u011f\u0131, \u0130li\u015fki ve \u00c7ift Terapileri\" \/>\n<meta name=\"robots\" content=\"index, follow, max-snippet:-1, max-image-preview:large, max-video-preview:-1\" \/>\n<link rel=\"canonical\" href=\"https:\/\/hypnosecoachinghamburg.com\/tr\/iletisim\/\" \/>\n<meta property=\"og:locale\" content=\"tr_TR\" \/>\n<meta property=\"og:type\" content=\"article\" \/>\n<meta property=\"og:title\" content=\"ileti\u015fim bilgiler -\" \/>\n<meta property=\"og:description\" content=\"Psikoterapi \u0130leti\u015fim - Psikolojik Dan\u0131\u015fmanl\u0131k Hizmetinde Do\u011fru &amp; Etik Yakla\u015f\u0131m ile Aile Dan\u0131\u015fmanl\u0131\u011f\u0131, \u0130li\u015fki ve \u00c7ift Terapileri\" \/>\n<meta property=\"og:url\" content=\"https:\/\/hypnosecoachinghamburg.com\/tr\/iletisim\/\" \/>\n<meta property=\"og:site_name\" content=\"NRA\" \/>\n<meta property=\"article:publisher\" content=\"https:\/\/www.facebook.com\/naciyerafiq.arli\" \/>\n<meta property=\"article:modified_time\" content=\"2024-05-25T19:52:55+00:00\" \/>\n<meta property=\"og:image\" content=\"https:\/\/hypnosecoachinghamburg.com\/tr\/wp-content\/uploads\/2022\/09\/contact-us-2418235_1280.jpg\" \/>\n\t<meta property=\"og:image:width\" content=\"1280\" \/>\n\t<meta property=\"og:image:height\" content=\"960\" \/>\n\t<meta property=\"og:image:type\" content=\"image\/jpeg\" \/>\n<meta name=\"twitter:card\" content=\"summary_large_image\" \/>\n<meta name=\"twitter:label1\" content=\"Tahmini okuma s\u00fcresi\" \/>\n\t<meta name=\"twitter:data1\" content=\"1 dakika\" \/>\n<script type=\"application\/ld+json\" class=\"yoast-schema-graph\">{\"@context\":\"https:\/\/schema.org\",\"@graph\":[{\"@type\":\"WebPage\",\"@id\":\"https:\/\/hypnosecoachinghamburg.com\/tr\/iletisim\/\",\"url\":\"https:\/\/hypnosecoachinghamburg.com\/tr\/iletisim\/\",\"name\":\"ileti\u015fim bilgiler -\",\"isPartOf\":{\"@id\":\"https:\/\/hypnosecoachinghamburg.com\/tr\/#website\"},\"primaryImageOfPage\":{\"@id\":\"https:\/\/hypnosecoachinghamburg.com\/tr\/iletisim\/#primaryimage\"},\"image\":{\"@id\":\"https:\/\/hypnosecoachinghamburg.com\/tr\/iletisim\/#primaryimage\"},\"thumbnailUrl\":\"https:\/\/hypnosecoachinghamburg.com\/tr\/wp-content\/uploads\/2022\/09\/contact-us-2418235_1280.jpg\",\"datePublished\":\"2024-05-25T13:06:45+00:00\",\"dateModified\":\"2024-05-25T19:52:55+00:00\",\"description\":\"Psikoterapi \u0130leti\u015fim - Psikolojik Dan\u0131\u015fmanl\u0131k Hizmetinde Do\u011fru & Etik Yakla\u015f\u0131m ile Aile Dan\u0131\u015fmanl\u0131\u011f\u0131, \u0130li\u015fki ve \u00c7ift Terapileri\",\"breadcrumb\":{\"@id\":\"https:\/\/hypnosecoachinghamburg.com\/tr\/iletisim\/#breadcrumb\"},\"inLanguage\":\"tr\",\"potentialAction\":[{\"@type\":\"ReadAction\",\"target\":[\"https:\/\/hypnosecoachinghamburg.com\/tr\/iletisim\/\"]}]},{\"@type\":\"ImageObject\",\"inLanguage\":\"tr\",\"@id\":\"https:\/\/hypnosecoachinghamburg.com\/tr\/iletisim\/#primaryimage\",\"url\":\"https:\/\/hypnosecoachinghamburg.com\/tr\/wp-content\/uploads\/2022\/09\/contact-us-2418235_1280.jpg\",\"contentUrl\":\"https:\/\/hypnosecoachinghamburg.com\/tr\/wp-content\/uploads\/2022\/09\/contact-us-2418235_1280.jpg\",\"width\":1280,\"height\":960},{\"@type\":\"BreadcrumbList\",\"@id\":\"https:\/\/hypnosecoachinghamburg.com\/tr\/iletisim\/#breadcrumb\",\"itemListElement\":[{\"@type\":\"ListItem\",\"position\":1,\"name\":\"Anasayfa\",\"item\":\"https:\/\/hypnosecoachinghamburg.com\/tr\/\"},{\"@type\":\"ListItem\",\"position\":2,\"name\":\"\u0130leti\u015fim\"}]},{\"@type\":\"WebSite\",\"@id\":\"https:\/\/hypnosecoachinghamburg.com\/tr\/#website\",\"url\":\"https:\/\/hypnosecoachinghamburg.com\/tr\/\",\"name\":\"NRA\",\"description\":\"Psikoterapi Alan\u0131nda Do\u011fal Tedavi Uzman\u0131 &amp; Hipnoz Terapisti\",\"publisher\":{\"@id\":\"https:\/\/hypnosecoachinghamburg.com\/tr\/#organization\"},\"potentialAction\":[{\"@type\":\"SearchAction\",\"target\":{\"@type\":\"EntryPoint\",\"urlTemplate\":\"https:\/\/hypnosecoachinghamburg.com\/tr\/?s={search_term_string}\"},\"query-input\":{\"@type\":\"PropertyValueSpecification\",\"valueRequired\":true,\"valueName\":\"search_term_string\"}}],\"inLanguage\":\"tr\"},{\"@type\":\"Organization\",\"@id\":\"https:\/\/hypnosecoachinghamburg.com\/tr\/#organization\",\"name\":\"NRA\",\"url\":\"https:\/\/hypnosecoachinghamburg.com\/tr\/\",\"logo\":{\"@type\":\"ImageObject\",\"inLanguage\":\"tr\",\"@id\":\"https:\/\/hypnosecoachinghamburg.com\/tr\/#\/schema\/logo\/image\/\",\"url\":\"https:\/\/hypnosecoachinghamburg.com\/tr\/wp-content\/uploads\/2019\/07\/logo-nra.png\",\"contentUrl\":\"https:\/\/hypnosecoachinghamburg.com\/tr\/wp-content\/uploads\/2019\/07\/logo-nra.png\",\"width\":681,\"height\":521,\"caption\":\"NRA\"},\"image\":{\"@id\":\"https:\/\/hypnosecoachinghamburg.com\/tr\/#\/schema\/logo\/image\/\"},\"sameAs\":[\"https:\/\/www.facebook.com\/naciyerafiq.arli\",\"https:\/\/www.instagram.com\/hypnosepraxishamburg\/\"]}]}<\/script>\n<!-- \/ Yoast SEO plugin. -->","yoast_head_json":{"title":"ileti\u015fim bilgiler -","description":"Psikoterapi \u0130leti\u015fim - Psikolojik Dan\u0131\u015fmanl\u0131k Hizmetinde Do\u011fru & Etik Yakla\u015f\u0131m ile Aile Dan\u0131\u015fmanl\u0131\u011f\u0131, \u0130li\u015fki ve \u00c7ift Terapileri","robots":{"index":"index","follow":"follow","max-snippet":"max-snippet:-1","max-image-preview":"max-image-preview:large","max-video-preview":"max-video-preview:-1"},"canonical":"https:\/\/hypnosecoachinghamburg.com\/tr\/iletisim\/","og_locale":"tr_TR","og_type":"article","og_title":"ileti\u015fim bilgiler -","og_description":"Psikoterapi \u0130leti\u015fim - Psikolojik Dan\u0131\u015fmanl\u0131k Hizmetinde Do\u011fru & Etik Yakla\u015f\u0131m ile Aile Dan\u0131\u015fmanl\u0131\u011f\u0131, \u0130li\u015fki ve \u00c7ift Terapileri","og_url":"https:\/\/hypnosecoachinghamburg.com\/tr\/iletisim\/","og_site_name":"NRA","article_publisher":"https:\/\/www.facebook.com\/naciyerafiq.arli","article_modified_time":"2024-05-25T19:52:55+00:00","og_image":[{"width":1280,"height":960,"url":"https:\/\/hypnosecoachinghamburg.com\/tr\/wp-content\/uploads\/2022\/09\/contact-us-2418235_1280.jpg","type":"image\/jpeg"}],"twitter_card":"summary_large_image","twitter_misc":{"Tahmini okuma s\u00fcresi":"1 dakika"},"schema":{"@context":"https:\/\/schema.org","@graph":[{"@type":"WebPage","@id":"https:\/\/hypnosecoachinghamburg.com\/tr\/iletisim\/","url":"https:\/\/hypnosecoachinghamburg.com\/tr\/iletisim\/","name":"ileti\u015fim bilgiler -","isPartOf":{"@id":"https:\/\/hypnosecoachinghamburg.com\/tr\/#website"},"primaryImageOfPage":{"@id":"https:\/\/hypnosecoachinghamburg.com\/tr\/iletisim\/#primaryimage"},"image":{"@id":"https:\/\/hypnosecoachinghamburg.com\/tr\/iletisim\/#primaryimage"},"thumbnailUrl":"https:\/\/hypnosecoachinghamburg.com\/tr\/wp-content\/uploads\/2022\/09\/contact-us-2418235_1280.jpg","datePublished":"2024-05-25T13:06:45+00:00","dateModified":"2024-05-25T19:52:55+00:00","description":"Psikoterapi \u0130leti\u015fim - Psikolojik Dan\u0131\u015fmanl\u0131k Hizmetinde Do\u011fru & Etik Yakla\u015f\u0131m ile Aile Dan\u0131\u015fmanl\u0131\u011f\u0131, \u0130li\u015fki ve \u00c7ift Terapileri","breadcrumb":{"@id":"https:\/\/hypnosecoachinghamburg.com\/tr\/iletisim\/#breadcrumb"},"inLanguage":"tr","potentialAction":[{"@type":"ReadAction","target":["https:\/\/hypnosecoachinghamburg.com\/tr\/iletisim\/"]}]},{"@type":"ImageObject","inLanguage":"tr","@id":"https:\/\/hypnosecoachinghamburg.com\/tr\/iletisim\/#primaryimage","url":"https:\/\/hypnosecoachinghamburg.com\/tr\/wp-content\/uploads\/2022\/09\/contact-us-2418235_1280.jpg","contentUrl":"https:\/\/hypnosecoachinghamburg.com\/tr\/wp-content\/uploads\/2022\/09\/contact-us-2418235_1280.jpg","width":1280,"height":960},{"@type":"BreadcrumbList","@id":"https:\/\/hypnosecoachinghamburg.com\/tr\/iletisim\/#breadcrumb","itemListElement":[{"@type":"ListItem","position":1,"name":"Anasayfa","item":"https:\/\/hypnosecoachinghamburg.com\/tr\/"},{"@type":"ListItem","position":2,"name":"\u0130leti\u015fim"}]},{"@type":"WebSite","@id":"https:\/\/hypnosecoachinghamburg.com\/tr\/#website","url":"https:\/\/hypnosecoachinghamburg.com\/tr\/","name":"NRA","description":"Psikoterapi Alan\u0131nda Do\u011fal Tedavi Uzman\u0131 &amp; Hipnoz Terapisti","publisher":{"@id":"https:\/\/hypnosecoachinghamburg.com\/tr\/#organization"},"potentialAction":[{"@type":"SearchAction","target":{"@type":"EntryPoint","urlTemplate":"https:\/\/hypnosecoachinghamburg.com\/tr\/?s={search_term_string}"},"query-input":{"@type":"PropertyValueSpecification","valueRequired":true,"valueName":"search_term_string"}}],"inLanguage":"tr"},{"@type":"Organization","@id":"https:\/\/hypnosecoachinghamburg.com\/tr\/#organization","name":"NRA","url":"https:\/\/hypnosecoachinghamburg.com\/tr\/","logo":{"@type":"ImageObject","inLanguage":"tr","@id":"https:\/\/hypnosecoachinghamburg.com\/tr\/#\/schema\/logo\/image\/","url":"https:\/\/hypnosecoachinghamburg.com\/tr\/wp-content\/uploads\/2019\/07\/logo-nra.png","contentUrl":"https:\/\/hypnosecoachinghamburg.com\/tr\/wp-content\/uploads\/2019\/07\/logo-nra.png","width":681,"height":521,"caption":"NRA"},"image":{"@id":"https:\/\/hypnosecoachinghamburg.com\/tr\/#\/schema\/logo\/image\/"},"sameAs":["https:\/\/www.facebook.com\/naciyerafiq.arli","https:\/\/www.instagram.com\/hypnosepraxishamburg\/"]}]}},"_links":{"self":[{"href":"https:\/\/hypnosecoachinghamburg.com\/tr\/wp-json\/wp\/v2\/pages\/290","targetHints":{"allow":["GET"]}}],"collection":[{"href":"https:\/\/hypnosecoachinghamburg.com\/tr\/wp-json\/wp\/v2\/pages"}],"about":[{"href":"https:\/\/hypnosecoachinghamburg.com\/tr\/wp-json\/wp\/v2\/types\/page"}],"author":[{"embeddable":true,"href":"https:\/\/hypnosecoachinghamburg.com\/tr\/wp-json\/wp\/v2\/users\/1"}],"replies":[{"embeddable":true,"href":"https:\/\/hypnosecoachinghamburg.com\/tr\/wp-json\/wp\/v2\/comments?post=290"}],"version-history":[{"count":14,"href":"https:\/\/hypnosecoachinghamburg.com\/tr\/wp-json\/wp\/v2\/pages\/290\/revisions"}],"predecessor-version":[{"id":1773,"href":"https:\/\/hypnosecoachinghamburg.com\/tr\/wp-json\/wp\/v2\/pages\/290\/revisions\/1773"}],"wp:featuredmedia":[{"embeddable":true,"href":"https:\/\/hypnosecoachinghamburg.com\/tr\/wp-json\/wp\/v2\/media\/1708"}],"wp:attachment":[{"href":"https:\/\/hypnosecoachinghamburg.com\/tr\/wp-json\/wp\/v2\/media?parent=290"}],"curies":[{"name":"wp","href":"https:\/\/api.w.org\/{rel}","templated":true}]}}