{"id":1646,"date":"2022-09-25T11:02:29","date_gmt":"2022-09-25T08:02:29","guid":{"rendered":"https:\/\/hypnose-coaching.hamburg\/tr\/?page_id=1646"},"modified":"2022-09-26T16:09:40","modified_gmt":"2022-09-26T13:09:40","slug":"thetahealing","status":"publish","type":"page","link":"https:\/\/hypnosecoachinghamburg.com\/tr\/thetahealing\/","title":{"rendered":"ThetaHealing"},"content":{"rendered":"<p>[vc_row][vc_column][vc_column_text]<\/p>\n<h1>ThetaHealing\u00ae\ufe0f<\/h1>\n<p>[\/vc_column_text][\/vc_column][\/vc_row][vc_row][vc_column][vc_single_image image=&#8221;1647&#8243; img_size=&#8221;full&#8221;][\/vc_column][\/vc_row][vc_row][vc_column][vc_column_text]ThetaHealing y\u00f6ntemi beden, zihin ve ruh i\u00e7in enerjik bir e\u011fitim y\u00f6ntemi ve meditasyon tekni\u011fidir.<\/p>\n<p>ThetaHealing ile kendinizi, canl\u0131l\u0131\u011f\u0131n\u0131z\u0131 ve t\u00fcm ya\u015fam alanlar\u0131n\u0131z\u0131 olumlu y\u00f6nde de\u011fi\u015ftirebilirsiniz. Fiziksel, duygusal, zihinsel veya ruhsal olarak fark etmez. Hayat\u0131n\u0131z\u0131n her alan\u0131nda sa\u011fl\u0131\u011f\u0131, arzular\u0131 ve ya\u015fama sevinci ya\u015faman\u0131n bir yoludur.<\/p>\n<p>Alt\u0131 ya\u015f\u0131na kadar \u00e7ocuklar teta frekans aral\u0131\u011f\u0131ndad\u0131r. Bu y\u0131la kadar \u00e7ocuklar \u00e7evreyi bir t\u00fcr trans halinde alg\u0131larlar.<\/p>\n<p>Filtrelenmemi\u015f alg\u0131lar do\u011frudan bilin\u00e7alt\u0131na gider. Bunlar genellikle \u00e7evre taraf\u0131ndan basit\u00e7e benimsenen inan\u00e7lar ve inan\u00e7lard\u0131r, yani ebeveynler ve sevdikleriniz. Bu kal\u0131plar\u0131n olumlu yan\u0131 s\u0131ra olumsuz \u00e7a\u011fr\u0131\u015f\u0131mlar\u0131 olabilir. \u00d6zel bir sorgulama tekni\u011fi kullan\u0131larak, onlar\u0131 meditatif bir teta durumunda eritmek i\u00e7in bloke edici inan\u00e7lar belirlenir.<\/p>\n<p>Teta beyin dalgas\u0131 yoluyla eri\u015fim, t\u0131kan\u0131kl\u0131klar\u0131n, korkular\u0131n ve inan\u00e7lar\u0131n serbest b\u0131rak\u0131lmas\u0131n\u0131 sa\u011flar. Ard\u0131ndan bilin\u00e7alt\u0131n\u0131z\u0131 olumlu bilgilerle besleyerek olumlu bir \u015fekilde hizalar\u0131z. Bu \u015fekilde kendi kendini iyile\u015ftirme g\u00fc\u00e7lerinizi harekete ge\u00e7irirsiniz ve \u015fikayetleri kal\u0131c\u0131 olarak \u00e7\u00f6zebilirsiniz. Blokajlar\u0131 ve korkular\u0131 serbest b\u0131rakmak ayn\u0131 zamanda i\u00e7 \u00e7at\u0131\u015fmalar\u0131 da \u00e7\u00f6zer ve bu da hayat\u0131n\u0131zda daha fazla uyuma yol a\u00e7ar.[\/vc_column_text][\/vc_column][\/vc_row]<\/p>\n","protected":false},"excerpt":{"rendered":"<p>[vc_row][vc_column][vc_column_text] ThetaHealing\u00ae\ufe0f [\/vc_column_text][\/vc_column][\/vc_row][vc_row][vc_column][vc_single_image image=&#8221;1647&#8243; img_size=&#8221;full&#8221;][\/vc_column][\/vc_row][vc_row][vc_column][vc_column_text]ThetaHealing y\u00f6ntemi beden, zihin ve ruh i\u00e7in enerjik bir e\u011fitim y\u00f6ntemi ve meditasyon tekni\u011fidir. ThetaHealing ile kendinizi, canl\u0131l\u0131\u011f\u0131n\u0131z\u0131 ve t\u00fcm ya\u015fam alanlar\u0131n\u0131z\u0131 olumlu y\u00f6nde de\u011fi\u015ftirebilirsiniz. Fiziksel, duygusal, zihinsel veya ruhsal olarak fark etmez. Hayat\u0131n\u0131z\u0131n her alan\u0131nda sa\u011fl\u0131\u011f\u0131, arzular\u0131 ve ya\u015fama sevinci ya\u015faman\u0131n bir yoludur. Alt\u0131 ya\u015f\u0131na kadar \u00e7ocuklar teta frekans aral\u0131\u011f\u0131ndad\u0131r. <\/p>\n","protected":false},"author":1,"featured_media":0,"parent":0,"menu_order":0,"comment_status":"closed","ping_status":"closed","template":"page-blocks.php","meta":{"_exactmetrics_skip_tracking":false,"_exactmetrics_sitenote_active":false,"_exactmetrics_sitenote_note":"","_exactmetrics_sitenote_category":0,"_joinchat":[],"footnotes":""},"class_list":["post-1646","page","type-page","status-publish"],"yoast_head":"<!-- This site is optimized with the Yoast SEO plugin v25.1 - https:\/\/yoast.com\/wordpress\/plugins\/seo\/ -->\n<title>ThetaHealing - NRA<\/title>\n<meta name=\"robots\" content=\"index, follow, max-snippet:-1, max-image-preview:large, max-video-preview:-1\" \/>\n<link rel=\"canonical\" href=\"https:\/\/hypnosecoachinghamburg.com\/tr\/thetahealing\/\" \/>\n<meta property=\"og:locale\" content=\"tr_TR\" \/>\n<meta property=\"og:type\" content=\"article\" \/>\n<meta property=\"og:title\" content=\"ThetaHealing - NRA\" \/>\n<meta property=\"og:description\" content=\"[vc_row][vc_column][vc_column_text] ThetaHealing\u00ae\ufe0f [\/vc_column_text][\/vc_column][\/vc_row][vc_row][vc_column][vc_single_image image=&#8221;1647&#8243; img_size=&#8221;full&#8221;][\/vc_column][\/vc_row][vc_row][vc_column][vc_column_text]ThetaHealing y\u00f6ntemi beden, zihin ve ruh i\u00e7in enerjik bir e\u011fitim y\u00f6ntemi ve meditasyon tekni\u011fidir. ThetaHealing ile kendinizi, canl\u0131l\u0131\u011f\u0131n\u0131z\u0131 ve t\u00fcm ya\u015fam alanlar\u0131n\u0131z\u0131 olumlu y\u00f6nde de\u011fi\u015ftirebilirsiniz. Fiziksel, duygusal, zihinsel veya ruhsal olarak fark etmez. Hayat\u0131n\u0131z\u0131n her alan\u0131nda sa\u011fl\u0131\u011f\u0131, arzular\u0131 ve ya\u015fama sevinci ya\u015faman\u0131n bir yoludur. Alt\u0131 ya\u015f\u0131na kadar \u00e7ocuklar teta frekans aral\u0131\u011f\u0131ndad\u0131r.\" \/>\n<meta property=\"og:url\" content=\"https:\/\/hypnosecoachinghamburg.com\/tr\/thetahealing\/\" \/>\n<meta property=\"og:site_name\" content=\"NRA\" \/>\n<meta property=\"article:publisher\" content=\"https:\/\/www.facebook.com\/naciyerafiq.arli\" \/>\n<meta property=\"article:modified_time\" content=\"2022-09-26T13:09:40+00:00\" \/>\n<meta name=\"twitter:card\" content=\"summary_large_image\" \/>\n<meta name=\"twitter:label1\" content=\"Tahmini okuma s\u00fcresi\" \/>\n\t<meta name=\"twitter:data1\" content=\"1 dakika\" \/>\n<script type=\"application\/ld+json\" class=\"yoast-schema-graph\">{\"@context\":\"https:\/\/schema.org\",\"@graph\":[{\"@type\":\"WebPage\",\"@id\":\"https:\/\/hypnosecoachinghamburg.com\/tr\/thetahealing\/\",\"url\":\"https:\/\/hypnosecoachinghamburg.com\/tr\/thetahealing\/\",\"name\":\"ThetaHealing - NRA\",\"isPartOf\":{\"@id\":\"https:\/\/hypnosecoachinghamburg.com\/tr\/#website\"},\"datePublished\":\"2022-09-25T08:02:29+00:00\",\"dateModified\":\"2022-09-26T13:09:40+00:00\",\"breadcrumb\":{\"@id\":\"https:\/\/hypnosecoachinghamburg.com\/tr\/thetahealing\/#breadcrumb\"},\"inLanguage\":\"tr\",\"potentialAction\":[{\"@type\":\"ReadAction\",\"target\":[\"https:\/\/hypnosecoachinghamburg.com\/tr\/thetahealing\/\"]}]},{\"@type\":\"BreadcrumbList\",\"@id\":\"https:\/\/hypnosecoachinghamburg.com\/tr\/thetahealing\/#breadcrumb\",\"itemListElement\":[{\"@type\":\"ListItem\",\"position\":1,\"name\":\"Anasayfa\",\"item\":\"https:\/\/hypnosecoachinghamburg.com\/tr\/\"},{\"@type\":\"ListItem\",\"position\":2,\"name\":\"ThetaHealing\"}]},{\"@type\":\"WebSite\",\"@id\":\"https:\/\/hypnosecoachinghamburg.com\/tr\/#website\",\"url\":\"https:\/\/hypnosecoachinghamburg.com\/tr\/\",\"name\":\"NRA\",\"description\":\"Psikoterapi Alan\u0131nda Do\u011fal Tedavi Uzman\u0131 &amp; Hipnoz Terapisti\",\"publisher\":{\"@id\":\"https:\/\/hypnosecoachinghamburg.com\/tr\/#organization\"},\"potentialAction\":[{\"@type\":\"SearchAction\",\"target\":{\"@type\":\"EntryPoint\",\"urlTemplate\":\"https:\/\/hypnosecoachinghamburg.com\/tr\/?s={search_term_string}\"},\"query-input\":{\"@type\":\"PropertyValueSpecification\",\"valueRequired\":true,\"valueName\":\"search_term_string\"}}],\"inLanguage\":\"tr\"},{\"@type\":\"Organization\",\"@id\":\"https:\/\/hypnosecoachinghamburg.com\/tr\/#organization\",\"name\":\"NRA\",\"url\":\"https:\/\/hypnosecoachinghamburg.com\/tr\/\",\"logo\":{\"@type\":\"ImageObject\",\"inLanguage\":\"tr\",\"@id\":\"https:\/\/hypnosecoachinghamburg.com\/tr\/#\/schema\/logo\/image\/\",\"url\":\"https:\/\/hypnosecoachinghamburg.com\/tr\/wp-content\/uploads\/2019\/07\/logo-nra.png\",\"contentUrl\":\"https:\/\/hypnosecoachinghamburg.com\/tr\/wp-content\/uploads\/2019\/07\/logo-nra.png\",\"width\":681,\"height\":521,\"caption\":\"NRA\"},\"image\":{\"@id\":\"https:\/\/hypnosecoachinghamburg.com\/tr\/#\/schema\/logo\/image\/\"},\"sameAs\":[\"https:\/\/www.facebook.com\/naciyerafiq.arli\",\"https:\/\/www.instagram.com\/hypnosepraxishamburg\/\"]}]}<\/script>\n<!-- \/ Yoast SEO plugin. -->","yoast_head_json":{"title":"ThetaHealing - NRA","robots":{"index":"index","follow":"follow","max-snippet":"max-snippet:-1","max-image-preview":"max-image-preview:large","max-video-preview":"max-video-preview:-1"},"canonical":"https:\/\/hypnosecoachinghamburg.com\/tr\/thetahealing\/","og_locale":"tr_TR","og_type":"article","og_title":"ThetaHealing - NRA","og_description":"[vc_row][vc_column][vc_column_text] ThetaHealing\u00ae\ufe0f [\/vc_column_text][\/vc_column][\/vc_row][vc_row][vc_column][vc_single_image image=&#8221;1647&#8243; img_size=&#8221;full&#8221;][\/vc_column][\/vc_row][vc_row][vc_column][vc_column_text]ThetaHealing y\u00f6ntemi beden, zihin ve ruh i\u00e7in enerjik bir e\u011fitim y\u00f6ntemi ve meditasyon tekni\u011fidir. ThetaHealing ile kendinizi, canl\u0131l\u0131\u011f\u0131n\u0131z\u0131 ve t\u00fcm ya\u015fam alanlar\u0131n\u0131z\u0131 olumlu y\u00f6nde de\u011fi\u015ftirebilirsiniz. Fiziksel, duygusal, zihinsel veya ruhsal olarak fark etmez. Hayat\u0131n\u0131z\u0131n her alan\u0131nda sa\u011fl\u0131\u011f\u0131, arzular\u0131 ve ya\u015fama sevinci ya\u015faman\u0131n bir yoludur. Alt\u0131 ya\u015f\u0131na kadar \u00e7ocuklar teta frekans aral\u0131\u011f\u0131ndad\u0131r.","og_url":"https:\/\/hypnosecoachinghamburg.com\/tr\/thetahealing\/","og_site_name":"NRA","article_publisher":"https:\/\/www.facebook.com\/naciyerafiq.arli","article_modified_time":"2022-09-26T13:09:40+00:00","twitter_card":"summary_large_image","twitter_misc":{"Tahmini okuma s\u00fcresi":"1 dakika"},"schema":{"@context":"https:\/\/schema.org","@graph":[{"@type":"WebPage","@id":"https:\/\/hypnosecoachinghamburg.com\/tr\/thetahealing\/","url":"https:\/\/hypnosecoachinghamburg.com\/tr\/thetahealing\/","name":"ThetaHealing - NRA","isPartOf":{"@id":"https:\/\/hypnosecoachinghamburg.com\/tr\/#website"},"datePublished":"2022-09-25T08:02:29+00:00","dateModified":"2022-09-26T13:09:40+00:00","breadcrumb":{"@id":"https:\/\/hypnosecoachinghamburg.com\/tr\/thetahealing\/#breadcrumb"},"inLanguage":"tr","potentialAction":[{"@type":"ReadAction","target":["https:\/\/hypnosecoachinghamburg.com\/tr\/thetahealing\/"]}]},{"@type":"BreadcrumbList","@id":"https:\/\/hypnosecoachinghamburg.com\/tr\/thetahealing\/#breadcrumb","itemListElement":[{"@type":"ListItem","position":1,"name":"Anasayfa","item":"https:\/\/hypnosecoachinghamburg.com\/tr\/"},{"@type":"ListItem","position":2,"name":"ThetaHealing"}]},{"@type":"WebSite","@id":"https:\/\/hypnosecoachinghamburg.com\/tr\/#website","url":"https:\/\/hypnosecoachinghamburg.com\/tr\/","name":"NRA","description":"Psikoterapi Alan\u0131nda Do\u011fal Tedavi Uzman\u0131 &amp; Hipnoz Terapisti","publisher":{"@id":"https:\/\/hypnosecoachinghamburg.com\/tr\/#organization"},"potentialAction":[{"@type":"SearchAction","target":{"@type":"EntryPoint","urlTemplate":"https:\/\/hypnosecoachinghamburg.com\/tr\/?s={search_term_string}"},"query-input":{"@type":"PropertyValueSpecification","valueRequired":true,"valueName":"search_term_string"}}],"inLanguage":"tr"},{"@type":"Organization","@id":"https:\/\/hypnosecoachinghamburg.com\/tr\/#organization","name":"NRA","url":"https:\/\/hypnosecoachinghamburg.com\/tr\/","logo":{"@type":"ImageObject","inLanguage":"tr","@id":"https:\/\/hypnosecoachinghamburg.com\/tr\/#\/schema\/logo\/image\/","url":"https:\/\/hypnosecoachinghamburg.com\/tr\/wp-content\/uploads\/2019\/07\/logo-nra.png","contentUrl":"https:\/\/hypnosecoachinghamburg.com\/tr\/wp-content\/uploads\/2019\/07\/logo-nra.png","width":681,"height":521,"caption":"NRA"},"image":{"@id":"https:\/\/hypnosecoachinghamburg.com\/tr\/#\/schema\/logo\/image\/"},"sameAs":["https:\/\/www.facebook.com\/naciyerafiq.arli","https:\/\/www.instagram.com\/hypnosepraxishamburg\/"]}]}},"_links":{"self":[{"href":"https:\/\/hypnosecoachinghamburg.com\/tr\/wp-json\/wp\/v2\/pages\/1646","targetHints":{"allow":["GET"]}}],"collection":[{"href":"https:\/\/hypnosecoachinghamburg.com\/tr\/wp-json\/wp\/v2\/pages"}],"about":[{"href":"https:\/\/hypnosecoachinghamburg.com\/tr\/wp-json\/wp\/v2\/types\/page"}],"author":[{"embeddable":true,"href":"https:\/\/hypnosecoachinghamburg.com\/tr\/wp-json\/wp\/v2\/users\/1"}],"replies":[{"embeddable":true,"href":"https:\/\/hypnosecoachinghamburg.com\/tr\/wp-json\/wp\/v2\/comments?post=1646"}],"version-history":[{"count":2,"href":"https:\/\/hypnosecoachinghamburg.com\/tr\/wp-json\/wp\/v2\/pages\/1646\/revisions"}],"predecessor-version":[{"id":1651,"href":"https:\/\/hypnosecoachinghamburg.com\/tr\/wp-json\/wp\/v2\/pages\/1646\/revisions\/1651"}],"wp:attachment":[{"href":"https:\/\/hypnosecoachinghamburg.com\/tr\/wp-json\/wp\/v2\/media?parent=1646"}],"curies":[{"name":"wp","href":"https:\/\/api.w.org\/{rel}","templated":true}]}}