{"id":1579,"date":"2022-10-15T21:18:57","date_gmt":"2022-10-15T18:18:57","guid":{"rendered":"http:\/\/nra.demoadresi.com\/?page_id=1579"},"modified":"2022-10-16T20:22:34","modified_gmt":"2022-10-16T17:22:34","slug":"tedavi-ornekleri","status":"publish","type":"page","link":"https:\/\/hypnosecoachinghamburg.com\/tr\/tedavi-ornekleri\/","title":{"rendered":"Tedavi \u00d6rnekleri"},"content":{"rendered":"<p>[vc_row][vc_column][vc_column_text]<\/p>\n<h1>Tedaviye \u0130li\u015fkin \u00d6rnekler<\/h1>\n<p>Korku ve panik bozukluklar\u0131<br \/>\nT\u00fckenmi\u015flik sendromu<br \/>\nDepresyonlar<br \/>\nK\u0131skan\u00e7l\u0131k<br \/>\nRahatlama<br \/>\nU\u00e7u\u015f korkusu<br \/>\nKilo verme<br \/>\nKonsantrasyon zorlu\u011fu \/ art\u0131r\u0131m\u0131<br \/>\nSahne heyecan\u0131<br \/>\nFobiler<br \/>\nErtelemecilik<br \/>\nS\u0131nav kayg\u0131s\u0131<br \/>\nSigaray\u0131 b\u0131rakma<br \/>\nDe\u011fi\u015fimle ba\u015fa \u00e7\u0131kma<br \/>\nKendi kendine hipnoz<br \/>\nKendini kuvvetlendirme<br \/>\nCinsel bozukluklar (kad\u0131nlarda)<br \/>\nSpor hipnozu<br \/>\nYas<br \/>\nSunum yapma korkusu<br \/>\nHedeflere ula\u015fma[\/vc_column_text][\/vc_column][\/vc_row]<\/p>\n","protected":false},"excerpt":{"rendered":"<p>[vc_row][vc_column][vc_column_text] Tedaviye \u0130li\u015fkin \u00d6rnekler Korku ve panik bozukluklar\u0131 T\u00fckenmi\u015flik sendromu Depresyonlar K\u0131skan\u00e7l\u0131k Rahatlama U\u00e7u\u015f korkusu Kilo verme Konsantrasyon zorlu\u011fu \/ art\u0131r\u0131m\u0131 Sahne heyecan\u0131 Fobiler Ertelemecilik S\u0131nav kayg\u0131s\u0131 Sigaray\u0131 b\u0131rakma De\u011fi\u015fimle ba\u015fa \u00e7\u0131kma Kendi kendine hipnoz Kendini kuvvetlendirme Cinsel bozukluklar (kad\u0131nlarda) Spor hipnozu Yas Sunum yapma korkusu Hedeflere ula\u015fma[\/vc_column_text][\/vc_column][\/vc_row]<\/p>\n","protected":false},"author":1,"featured_media":0,"parent":0,"menu_order":0,"comment_status":"closed","ping_status":"closed","template":"page-blocks.php","meta":{"_exactmetrics_skip_tracking":false,"_exactmetrics_sitenote_active":false,"_exactmetrics_sitenote_note":"","_exactmetrics_sitenote_category":0,"_joinchat":[],"footnotes":""},"class_list":["post-1579","page","type-page","status-publish"],"yoast_head":"<!-- This site is optimized with the Yoast SEO plugin v25.1 - https:\/\/yoast.com\/wordpress\/plugins\/seo\/ -->\n<title>Tedavi \u00d6rnekleri<\/title>\n<meta name=\"description\" content=\"Modern hipnoz ile tedavi 18. y\u00fczy\u0131la dayanmaktad\u0131r. Hipnozun a\u011fr\u0131 ve ac\u0131y\u0131 azaltmak i\u00e7in kullan\u0131lmas\u0131 eski zamanlardan beri malumdur.\" \/>\n<meta name=\"robots\" content=\"index, follow, max-snippet:-1, max-image-preview:large, max-video-preview:-1\" \/>\n<link rel=\"canonical\" href=\"https:\/\/hypnosecoachinghamburg.com\/tr\/tedavi-ornekleri\/\" \/>\n<meta property=\"og:locale\" content=\"tr_TR\" \/>\n<meta property=\"og:type\" content=\"article\" \/>\n<meta property=\"og:title\" content=\"Tedavi \u00d6rnekleri\" \/>\n<meta property=\"og:description\" content=\"Modern hipnoz ile tedavi 18. y\u00fczy\u0131la dayanmaktad\u0131r. Hipnozun a\u011fr\u0131 ve ac\u0131y\u0131 azaltmak i\u00e7in kullan\u0131lmas\u0131 eski zamanlardan beri malumdur.\" \/>\n<meta property=\"og:url\" content=\"https:\/\/hypnosecoachinghamburg.com\/tr\/tedavi-ornekleri\/\" \/>\n<meta property=\"og:site_name\" content=\"NRA\" \/>\n<meta property=\"article:publisher\" content=\"https:\/\/www.facebook.com\/naciyerafiq.arli\" \/>\n<meta property=\"article:modified_time\" content=\"2022-10-16T17:22:34+00:00\" \/>\n<meta name=\"twitter:card\" content=\"summary_large_image\" \/>\n<meta name=\"twitter:label1\" content=\"Tahmini okuma s\u00fcresi\" \/>\n\t<meta name=\"twitter:data1\" content=\"1 dakika\" \/>\n<script type=\"application\/ld+json\" class=\"yoast-schema-graph\">{\"@context\":\"https:\/\/schema.org\",\"@graph\":[{\"@type\":\"WebPage\",\"@id\":\"https:\/\/hypnosecoachinghamburg.com\/tr\/tedavi-ornekleri\/\",\"url\":\"https:\/\/hypnosecoachinghamburg.com\/tr\/tedavi-ornekleri\/\",\"name\":\"Tedavi \u00d6rnekleri\",\"isPartOf\":{\"@id\":\"https:\/\/hypnosecoachinghamburg.com\/tr\/#website\"},\"datePublished\":\"2022-10-15T18:18:57+00:00\",\"dateModified\":\"2022-10-16T17:22:34+00:00\",\"description\":\"Modern hipnoz ile tedavi 18. y\u00fczy\u0131la dayanmaktad\u0131r. Hipnozun a\u011fr\u0131 ve ac\u0131y\u0131 azaltmak i\u00e7in kullan\u0131lmas\u0131 eski zamanlardan beri malumdur.\",\"breadcrumb\":{\"@id\":\"https:\/\/hypnosecoachinghamburg.com\/tr\/tedavi-ornekleri\/#breadcrumb\"},\"inLanguage\":\"tr\",\"potentialAction\":[{\"@type\":\"ReadAction\",\"target\":[\"https:\/\/hypnosecoachinghamburg.com\/tr\/tedavi-ornekleri\/\"]}]},{\"@type\":\"BreadcrumbList\",\"@id\":\"https:\/\/hypnosecoachinghamburg.com\/tr\/tedavi-ornekleri\/#breadcrumb\",\"itemListElement\":[{\"@type\":\"ListItem\",\"position\":1,\"name\":\"Anasayfa\",\"item\":\"https:\/\/hypnosecoachinghamburg.com\/tr\/\"},{\"@type\":\"ListItem\",\"position\":2,\"name\":\"Tedavi \u00d6rnekleri\"}]},{\"@type\":\"WebSite\",\"@id\":\"https:\/\/hypnosecoachinghamburg.com\/tr\/#website\",\"url\":\"https:\/\/hypnosecoachinghamburg.com\/tr\/\",\"name\":\"NRA\",\"description\":\"Psikoterapi Alan\u0131nda Do\u011fal Tedavi Uzman\u0131 &amp; Hipnoz Terapisti\",\"publisher\":{\"@id\":\"https:\/\/hypnosecoachinghamburg.com\/tr\/#organization\"},\"potentialAction\":[{\"@type\":\"SearchAction\",\"target\":{\"@type\":\"EntryPoint\",\"urlTemplate\":\"https:\/\/hypnosecoachinghamburg.com\/tr\/?s={search_term_string}\"},\"query-input\":{\"@type\":\"PropertyValueSpecification\",\"valueRequired\":true,\"valueName\":\"search_term_string\"}}],\"inLanguage\":\"tr\"},{\"@type\":\"Organization\",\"@id\":\"https:\/\/hypnosecoachinghamburg.com\/tr\/#organization\",\"name\":\"NRA\",\"url\":\"https:\/\/hypnosecoachinghamburg.com\/tr\/\",\"logo\":{\"@type\":\"ImageObject\",\"inLanguage\":\"tr\",\"@id\":\"https:\/\/hypnosecoachinghamburg.com\/tr\/#\/schema\/logo\/image\/\",\"url\":\"https:\/\/hypnosecoachinghamburg.com\/tr\/wp-content\/uploads\/2019\/07\/logo-nra.png\",\"contentUrl\":\"https:\/\/hypnosecoachinghamburg.com\/tr\/wp-content\/uploads\/2019\/07\/logo-nra.png\",\"width\":681,\"height\":521,\"caption\":\"NRA\"},\"image\":{\"@id\":\"https:\/\/hypnosecoachinghamburg.com\/tr\/#\/schema\/logo\/image\/\"},\"sameAs\":[\"https:\/\/www.facebook.com\/naciyerafiq.arli\",\"https:\/\/www.instagram.com\/hypnosepraxishamburg\/\"]}]}<\/script>\n<!-- \/ Yoast SEO plugin. -->","yoast_head_json":{"title":"Tedavi \u00d6rnekleri","description":"Modern hipnoz ile tedavi 18. y\u00fczy\u0131la dayanmaktad\u0131r. Hipnozun a\u011fr\u0131 ve ac\u0131y\u0131 azaltmak i\u00e7in kullan\u0131lmas\u0131 eski zamanlardan beri malumdur.","robots":{"index":"index","follow":"follow","max-snippet":"max-snippet:-1","max-image-preview":"max-image-preview:large","max-video-preview":"max-video-preview:-1"},"canonical":"https:\/\/hypnosecoachinghamburg.com\/tr\/tedavi-ornekleri\/","og_locale":"tr_TR","og_type":"article","og_title":"Tedavi \u00d6rnekleri","og_description":"Modern hipnoz ile tedavi 18. y\u00fczy\u0131la dayanmaktad\u0131r. Hipnozun a\u011fr\u0131 ve ac\u0131y\u0131 azaltmak i\u00e7in kullan\u0131lmas\u0131 eski zamanlardan beri malumdur.","og_url":"https:\/\/hypnosecoachinghamburg.com\/tr\/tedavi-ornekleri\/","og_site_name":"NRA","article_publisher":"https:\/\/www.facebook.com\/naciyerafiq.arli","article_modified_time":"2022-10-16T17:22:34+00:00","twitter_card":"summary_large_image","twitter_misc":{"Tahmini okuma s\u00fcresi":"1 dakika"},"schema":{"@context":"https:\/\/schema.org","@graph":[{"@type":"WebPage","@id":"https:\/\/hypnosecoachinghamburg.com\/tr\/tedavi-ornekleri\/","url":"https:\/\/hypnosecoachinghamburg.com\/tr\/tedavi-ornekleri\/","name":"Tedavi \u00d6rnekleri","isPartOf":{"@id":"https:\/\/hypnosecoachinghamburg.com\/tr\/#website"},"datePublished":"2022-10-15T18:18:57+00:00","dateModified":"2022-10-16T17:22:34+00:00","description":"Modern hipnoz ile tedavi 18. y\u00fczy\u0131la dayanmaktad\u0131r. Hipnozun a\u011fr\u0131 ve ac\u0131y\u0131 azaltmak i\u00e7in kullan\u0131lmas\u0131 eski zamanlardan beri malumdur.","breadcrumb":{"@id":"https:\/\/hypnosecoachinghamburg.com\/tr\/tedavi-ornekleri\/#breadcrumb"},"inLanguage":"tr","potentialAction":[{"@type":"ReadAction","target":["https:\/\/hypnosecoachinghamburg.com\/tr\/tedavi-ornekleri\/"]}]},{"@type":"BreadcrumbList","@id":"https:\/\/hypnosecoachinghamburg.com\/tr\/tedavi-ornekleri\/#breadcrumb","itemListElement":[{"@type":"ListItem","position":1,"name":"Anasayfa","item":"https:\/\/hypnosecoachinghamburg.com\/tr\/"},{"@type":"ListItem","position":2,"name":"Tedavi \u00d6rnekleri"}]},{"@type":"WebSite","@id":"https:\/\/hypnosecoachinghamburg.com\/tr\/#website","url":"https:\/\/hypnosecoachinghamburg.com\/tr\/","name":"NRA","description":"Psikoterapi Alan\u0131nda Do\u011fal Tedavi Uzman\u0131 &amp; Hipnoz Terapisti","publisher":{"@id":"https:\/\/hypnosecoachinghamburg.com\/tr\/#organization"},"potentialAction":[{"@type":"SearchAction","target":{"@type":"EntryPoint","urlTemplate":"https:\/\/hypnosecoachinghamburg.com\/tr\/?s={search_term_string}"},"query-input":{"@type":"PropertyValueSpecification","valueRequired":true,"valueName":"search_term_string"}}],"inLanguage":"tr"},{"@type":"Organization","@id":"https:\/\/hypnosecoachinghamburg.com\/tr\/#organization","name":"NRA","url":"https:\/\/hypnosecoachinghamburg.com\/tr\/","logo":{"@type":"ImageObject","inLanguage":"tr","@id":"https:\/\/hypnosecoachinghamburg.com\/tr\/#\/schema\/logo\/image\/","url":"https:\/\/hypnosecoachinghamburg.com\/tr\/wp-content\/uploads\/2019\/07\/logo-nra.png","contentUrl":"https:\/\/hypnosecoachinghamburg.com\/tr\/wp-content\/uploads\/2019\/07\/logo-nra.png","width":681,"height":521,"caption":"NRA"},"image":{"@id":"https:\/\/hypnosecoachinghamburg.com\/tr\/#\/schema\/logo\/image\/"},"sameAs":["https:\/\/www.facebook.com\/naciyerafiq.arli","https:\/\/www.instagram.com\/hypnosepraxishamburg\/"]}]}},"_links":{"self":[{"href":"https:\/\/hypnosecoachinghamburg.com\/tr\/wp-json\/wp\/v2\/pages\/1579","targetHints":{"allow":["GET"]}}],"collection":[{"href":"https:\/\/hypnosecoachinghamburg.com\/tr\/wp-json\/wp\/v2\/pages"}],"about":[{"href":"https:\/\/hypnosecoachinghamburg.com\/tr\/wp-json\/wp\/v2\/types\/page"}],"author":[{"embeddable":true,"href":"https:\/\/hypnosecoachinghamburg.com\/tr\/wp-json\/wp\/v2\/users\/1"}],"replies":[{"embeddable":true,"href":"https:\/\/hypnosecoachinghamburg.com\/tr\/wp-json\/wp\/v2\/comments?post=1579"}],"version-history":[{"count":2,"href":"https:\/\/hypnosecoachinghamburg.com\/tr\/wp-json\/wp\/v2\/pages\/1579\/revisions"}],"predecessor-version":[{"id":1612,"href":"https:\/\/hypnosecoachinghamburg.com\/tr\/wp-json\/wp\/v2\/pages\/1579\/revisions\/1612"}],"wp:attachment":[{"href":"https:\/\/hypnosecoachinghamburg.com\/tr\/wp-json\/wp\/v2\/media?parent=1579"}],"curies":[{"name":"wp","href":"https:\/\/api.w.org\/{rel}","templated":true}]}}