{"id":1567,"date":"2024-05-25T11:54:03","date_gmt":"2024-05-25T08:54:03","guid":{"rendered":"http:\/\/nra.demoadresi.com\/?page_id=1567"},"modified":"2024-05-25T22:50:10","modified_gmt":"2024-05-25T19:50:10","slug":"havening-hamburg-piskoterapi","status":"publish","type":"page","link":"https:\/\/hypnosecoachinghamburg.com\/tr\/havening-hamburg-piskoterapi\/","title":{"rendered":"Havening"},"content":{"rendered":"<p>[vc_row][vc_column][vc_column_text]<\/p>\n<h1>Havening<\/h1>\n<p>[\/vc_column_text][\/vc_column][\/vc_row][vc_row][vc_column][vc_column_text]<\/p>\n<h1><strong>Havening<\/strong><\/h1>\n<p>Havening tekni\u011fi Dr. Ran Ruden ve Dr. Steven Ruden taraf\u0131ndan son y\u0131llarda geli\u015ftirilmi\u015f n\u00f6robilimsel prensiplere dayanan bir terap\u00f6tik uygulamad\u0131r.<\/p>\n<p>Metodu ki\u015finin ya\u015fad\u0131\u011f\u0131 ve ya\u015fam\u0131n\u0131 olumsuz etkileyen travmalar\u0131n biyolojik imprint\u2019ini ta\u015f\u0131yan neuron\u2019lar\u0131 durdurmaktad\u0131r.<\/p>\n<p>\u00c7ok basit bir uygulama olarak g\u00f6r\u00fclse de derin bir n\u00f6robilim bilgisine dayanmaktad\u0131r. Havening \u201cpsikosensory touch\u201d\u0131 kullan\u0131r.<\/p>\n<p>Ellere, kollara ve y\u00fcz\u00fcn belirli b\u00f6lgelerine hafif\u00e7e dokunularak uyguland\u0131\u011f\u0131nda ki\u015finin delta beyin dalgalar\u0131 uyar\u0131l\u0131r. Delta beyin dalgalar\u0131 amigdalada kimyasal zincir reaksiyonlar olu\u015fturarak n\u00f6ronlar\u0131n y\u00fczeyindeki spesifik AMPA res\u00f6pt\u00f6rleini kald\u0131r\u0131r.<\/p>\n<p>AMPA res\u00f6pt\u00f6rleri amigdalada travmatik olay\u0131n etkilerini ta\u015f\u0131yan al\u0131c\u0131lard\u0131r.<\/p>\n<p>B\u00f6ylece travmalar\u0131n ve olumsuz olaylar\u0131n bizim \u00fczerimizdeki duygusal izleri ve y\u00fckleri kald\u0131r\u0131l\u0131r.<\/p>\n<p>T\u0131p dilinde Amygdala Depotentiation Technique olarak adland\u0131r\u0131lmaktad\u0131r, olduk\u00e7a yeni ve psikosens\u00f6r terapilerin \u00e7evresinden gelen ola\u011fan\u00fcst\u00fc bir metottur.<\/p>\n<p>Dokunma ve hareket ile kombinasyon halinde yap\u0131lan hipnotik telkinlerle beraber, korkular k\u0131smen kayna\u011f\u0131nda yok edilebilir.<br \/>\n\u0130stenmeyen ve ilgili durum i\u00e7in uygun olmayan korkular ve di\u011fer semptomlar i\u00e7in sorumlu olan beyindeki korku merkezinin n\u00f6ron ba\u011flant\u0131lar\u0131, b\u00f6ylece zay\u0131flat\u0131labilir veya tamamen ortadan kald\u0131r\u0131labilir.<\/p>\n<p>Havening, terap\u00f6tik de\u011fi\u015fim \u00e7al\u0131\u015fmalar\u0131n\u0131n \u00fc\u00e7\u00fcnc\u00fc s\u00fctununa dahildir.<\/p>\n<p>V\u00fccut temas\u0131 ve ila\u00e7la tedavi gerektirmeyen saf psikoterapinin yan\u0131 s\u0131ra, psikosensoryel terapi, hem psikoterapiyi hem de h\u0131zl\u0131 ve kal\u0131c\u0131 sonu\u00e7lar\u0131 sa\u011flayan uygun temas\u0131 kapsayan bir yakla\u015f\u0131m\u0131 kombine etmektedir.<\/p>\n<p>&nbsp;<\/p>\n<p><a href=\"https:\/\/havening.org\/\">Home (havening.org)<\/a><\/p>\n<p>&nbsp;<\/p>\n<p><em><strong>\u015eimdi randevu al\u0131n\u0131z!<\/strong><\/em>[\/vc_column_text][\/vc_column][\/vc_row]<\/p>\n","protected":false},"excerpt":{"rendered":"<p>[vc_row][vc_column][vc_column_text] Havening [\/vc_column_text][\/vc_column][\/vc_row][vc_row][vc_column][vc_column_text] Havening Havening tekni\u011fi Dr. Ran Ruden ve Dr. Steven Ruden taraf\u0131ndan son y\u0131llarda geli\u015ftirilmi\u015f n\u00f6robilimsel prensiplere dayanan bir terap\u00f6tik uygulamad\u0131r. Metodu ki\u015finin ya\u015fad\u0131\u011f\u0131 ve ya\u015fam\u0131n\u0131 olumsuz etkileyen travmalar\u0131n biyolojik imprint\u2019ini ta\u015f\u0131yan neuron\u2019lar\u0131 durdurmaktad\u0131r. \u00c7ok basit bir uygulama olarak g\u00f6r\u00fclse de derin bir n\u00f6robilim bilgisine dayanmaktad\u0131r. Havening \u201cpsikosensory touch\u201d\u0131 kullan\u0131r. Ellere, kollara ve <\/p>\n","protected":false},"author":1,"featured_media":1700,"parent":0,"menu_order":0,"comment_status":"closed","ping_status":"closed","template":"page-blocks.php","meta":{"_exactmetrics_skip_tracking":false,"_exactmetrics_sitenote_active":false,"_exactmetrics_sitenote_note":"","_exactmetrics_sitenote_category":0,"_joinchat":[],"footnotes":""},"class_list":["post-1567","page","type-page","status-publish","has-post-thumbnail"],"yoast_head":"<!-- This site is optimized with the Yoast SEO plugin v25.1 - https:\/\/yoast.com\/wordpress\/plugins\/seo\/ -->\n<title>Almanya Hamburda t\u00fcrkce piskoterapi<\/title>\n<meta name=\"description\" content=\"Dokunma ve hareket ile kombinasyon halinde yap\u0131lan hipnotik telkinlerle beraber, korkular k\u0131smen kayna\u011f\u0131nda yok edilebilir.\" \/>\n<meta name=\"robots\" content=\"index, follow, max-snippet:-1, max-image-preview:large, max-video-preview:-1\" \/>\n<link rel=\"canonical\" href=\"https:\/\/hypnosecoachinghamburg.com\/tr\/havening-hamburg-piskoterapi\/\" \/>\n<meta property=\"og:locale\" content=\"tr_TR\" \/>\n<meta property=\"og:type\" content=\"article\" \/>\n<meta property=\"og:title\" content=\"Almanya Hamburda t\u00fcrkce piskoterapi\" \/>\n<meta property=\"og:description\" content=\"Dokunma ve hareket ile kombinasyon halinde yap\u0131lan hipnotik telkinlerle beraber, korkular k\u0131smen kayna\u011f\u0131nda yok edilebilir.\" \/>\n<meta property=\"og:url\" content=\"https:\/\/hypnosecoachinghamburg.com\/tr\/havening-hamburg-piskoterapi\/\" \/>\n<meta property=\"og:site_name\" content=\"NRA\" \/>\n<meta property=\"article:publisher\" content=\"https:\/\/www.facebook.com\/naciyerafiq.arli\" \/>\n<meta property=\"article:modified_time\" content=\"2024-05-25T19:50:10+00:00\" \/>\n<meta property=\"og:image\" content=\"https:\/\/hypnosecoachinghamburg.com\/tr\/wp-content\/uploads\/2022\/09\/hands-1797401_1280.jpg\" \/>\n\t<meta property=\"og:image:width\" content=\"1280\" \/>\n\t<meta property=\"og:image:height\" content=\"853\" \/>\n\t<meta property=\"og:image:type\" content=\"image\/jpeg\" \/>\n<meta name=\"twitter:card\" content=\"summary_large_image\" \/>\n<meta name=\"twitter:label1\" content=\"Tahmini okuma s\u00fcresi\" \/>\n\t<meta name=\"twitter:data1\" content=\"2 dakika\" \/>\n<script type=\"application\/ld+json\" class=\"yoast-schema-graph\">{\"@context\":\"https:\/\/schema.org\",\"@graph\":[{\"@type\":\"WebPage\",\"@id\":\"https:\/\/hypnosecoachinghamburg.com\/tr\/havening-hamburg-piskoterapi\/\",\"url\":\"https:\/\/hypnosecoachinghamburg.com\/tr\/havening-hamburg-piskoterapi\/\",\"name\":\"Almanya Hamburda t\u00fcrkce piskoterapi\",\"isPartOf\":{\"@id\":\"https:\/\/hypnosecoachinghamburg.com\/tr\/#website\"},\"primaryImageOfPage\":{\"@id\":\"https:\/\/hypnosecoachinghamburg.com\/tr\/havening-hamburg-piskoterapi\/#primaryimage\"},\"image\":{\"@id\":\"https:\/\/hypnosecoachinghamburg.com\/tr\/havening-hamburg-piskoterapi\/#primaryimage\"},\"thumbnailUrl\":\"https:\/\/hypnosecoachinghamburg.com\/tr\/wp-content\/uploads\/2022\/09\/hands-1797401_1280.jpg\",\"datePublished\":\"2024-05-25T08:54:03+00:00\",\"dateModified\":\"2024-05-25T19:50:10+00:00\",\"description\":\"Dokunma ve hareket ile kombinasyon halinde yap\u0131lan hipnotik telkinlerle beraber, korkular k\u0131smen kayna\u011f\u0131nda yok edilebilir.\",\"breadcrumb\":{\"@id\":\"https:\/\/hypnosecoachinghamburg.com\/tr\/havening-hamburg-piskoterapi\/#breadcrumb\"},\"inLanguage\":\"tr\",\"potentialAction\":[{\"@type\":\"ReadAction\",\"target\":[\"https:\/\/hypnosecoachinghamburg.com\/tr\/havening-hamburg-piskoterapi\/\"]}]},{\"@type\":\"ImageObject\",\"inLanguage\":\"tr\",\"@id\":\"https:\/\/hypnosecoachinghamburg.com\/tr\/havening-hamburg-piskoterapi\/#primaryimage\",\"url\":\"https:\/\/hypnosecoachinghamburg.com\/tr\/wp-content\/uploads\/2022\/09\/hands-1797401_1280.jpg\",\"contentUrl\":\"https:\/\/hypnosecoachinghamburg.com\/tr\/wp-content\/uploads\/2022\/09\/hands-1797401_1280.jpg\",\"width\":1280,\"height\":853},{\"@type\":\"BreadcrumbList\",\"@id\":\"https:\/\/hypnosecoachinghamburg.com\/tr\/havening-hamburg-piskoterapi\/#breadcrumb\",\"itemListElement\":[{\"@type\":\"ListItem\",\"position\":1,\"name\":\"Anasayfa\",\"item\":\"https:\/\/hypnosecoachinghamburg.com\/tr\/\"},{\"@type\":\"ListItem\",\"position\":2,\"name\":\"Havening\"}]},{\"@type\":\"WebSite\",\"@id\":\"https:\/\/hypnosecoachinghamburg.com\/tr\/#website\",\"url\":\"https:\/\/hypnosecoachinghamburg.com\/tr\/\",\"name\":\"NRA\",\"description\":\"Psikoterapi Alan\u0131nda Do\u011fal Tedavi Uzman\u0131 &amp; Hipnoz Terapisti\",\"publisher\":{\"@id\":\"https:\/\/hypnosecoachinghamburg.com\/tr\/#organization\"},\"potentialAction\":[{\"@type\":\"SearchAction\",\"target\":{\"@type\":\"EntryPoint\",\"urlTemplate\":\"https:\/\/hypnosecoachinghamburg.com\/tr\/?s={search_term_string}\"},\"query-input\":{\"@type\":\"PropertyValueSpecification\",\"valueRequired\":true,\"valueName\":\"search_term_string\"}}],\"inLanguage\":\"tr\"},{\"@type\":\"Organization\",\"@id\":\"https:\/\/hypnosecoachinghamburg.com\/tr\/#organization\",\"name\":\"NRA\",\"url\":\"https:\/\/hypnosecoachinghamburg.com\/tr\/\",\"logo\":{\"@type\":\"ImageObject\",\"inLanguage\":\"tr\",\"@id\":\"https:\/\/hypnosecoachinghamburg.com\/tr\/#\/schema\/logo\/image\/\",\"url\":\"https:\/\/hypnosecoachinghamburg.com\/tr\/wp-content\/uploads\/2019\/07\/logo-nra.png\",\"contentUrl\":\"https:\/\/hypnosecoachinghamburg.com\/tr\/wp-content\/uploads\/2019\/07\/logo-nra.png\",\"width\":681,\"height\":521,\"caption\":\"NRA\"},\"image\":{\"@id\":\"https:\/\/hypnosecoachinghamburg.com\/tr\/#\/schema\/logo\/image\/\"},\"sameAs\":[\"https:\/\/www.facebook.com\/naciyerafiq.arli\",\"https:\/\/www.instagram.com\/hypnosepraxishamburg\/\"]}]}<\/script>\n<!-- \/ Yoast SEO plugin. -->","yoast_head_json":{"title":"Almanya Hamburda t\u00fcrkce piskoterapi","description":"Dokunma ve hareket ile kombinasyon halinde yap\u0131lan hipnotik telkinlerle beraber, korkular k\u0131smen kayna\u011f\u0131nda yok edilebilir.","robots":{"index":"index","follow":"follow","max-snippet":"max-snippet:-1","max-image-preview":"max-image-preview:large","max-video-preview":"max-video-preview:-1"},"canonical":"https:\/\/hypnosecoachinghamburg.com\/tr\/havening-hamburg-piskoterapi\/","og_locale":"tr_TR","og_type":"article","og_title":"Almanya Hamburda t\u00fcrkce piskoterapi","og_description":"Dokunma ve hareket ile kombinasyon halinde yap\u0131lan hipnotik telkinlerle beraber, korkular k\u0131smen kayna\u011f\u0131nda yok edilebilir.","og_url":"https:\/\/hypnosecoachinghamburg.com\/tr\/havening-hamburg-piskoterapi\/","og_site_name":"NRA","article_publisher":"https:\/\/www.facebook.com\/naciyerafiq.arli","article_modified_time":"2024-05-25T19:50:10+00:00","og_image":[{"width":1280,"height":853,"url":"https:\/\/hypnosecoachinghamburg.com\/tr\/wp-content\/uploads\/2022\/09\/hands-1797401_1280.jpg","type":"image\/jpeg"}],"twitter_card":"summary_large_image","twitter_misc":{"Tahmini okuma s\u00fcresi":"2 dakika"},"schema":{"@context":"https:\/\/schema.org","@graph":[{"@type":"WebPage","@id":"https:\/\/hypnosecoachinghamburg.com\/tr\/havening-hamburg-piskoterapi\/","url":"https:\/\/hypnosecoachinghamburg.com\/tr\/havening-hamburg-piskoterapi\/","name":"Almanya Hamburda t\u00fcrkce piskoterapi","isPartOf":{"@id":"https:\/\/hypnosecoachinghamburg.com\/tr\/#website"},"primaryImageOfPage":{"@id":"https:\/\/hypnosecoachinghamburg.com\/tr\/havening-hamburg-piskoterapi\/#primaryimage"},"image":{"@id":"https:\/\/hypnosecoachinghamburg.com\/tr\/havening-hamburg-piskoterapi\/#primaryimage"},"thumbnailUrl":"https:\/\/hypnosecoachinghamburg.com\/tr\/wp-content\/uploads\/2022\/09\/hands-1797401_1280.jpg","datePublished":"2024-05-25T08:54:03+00:00","dateModified":"2024-05-25T19:50:10+00:00","description":"Dokunma ve hareket ile kombinasyon halinde yap\u0131lan hipnotik telkinlerle beraber, korkular k\u0131smen kayna\u011f\u0131nda yok edilebilir.","breadcrumb":{"@id":"https:\/\/hypnosecoachinghamburg.com\/tr\/havening-hamburg-piskoterapi\/#breadcrumb"},"inLanguage":"tr","potentialAction":[{"@type":"ReadAction","target":["https:\/\/hypnosecoachinghamburg.com\/tr\/havening-hamburg-piskoterapi\/"]}]},{"@type":"ImageObject","inLanguage":"tr","@id":"https:\/\/hypnosecoachinghamburg.com\/tr\/havening-hamburg-piskoterapi\/#primaryimage","url":"https:\/\/hypnosecoachinghamburg.com\/tr\/wp-content\/uploads\/2022\/09\/hands-1797401_1280.jpg","contentUrl":"https:\/\/hypnosecoachinghamburg.com\/tr\/wp-content\/uploads\/2022\/09\/hands-1797401_1280.jpg","width":1280,"height":853},{"@type":"BreadcrumbList","@id":"https:\/\/hypnosecoachinghamburg.com\/tr\/havening-hamburg-piskoterapi\/#breadcrumb","itemListElement":[{"@type":"ListItem","position":1,"name":"Anasayfa","item":"https:\/\/hypnosecoachinghamburg.com\/tr\/"},{"@type":"ListItem","position":2,"name":"Havening"}]},{"@type":"WebSite","@id":"https:\/\/hypnosecoachinghamburg.com\/tr\/#website","url":"https:\/\/hypnosecoachinghamburg.com\/tr\/","name":"NRA","description":"Psikoterapi Alan\u0131nda Do\u011fal Tedavi Uzman\u0131 &amp; Hipnoz Terapisti","publisher":{"@id":"https:\/\/hypnosecoachinghamburg.com\/tr\/#organization"},"potentialAction":[{"@type":"SearchAction","target":{"@type":"EntryPoint","urlTemplate":"https:\/\/hypnosecoachinghamburg.com\/tr\/?s={search_term_string}"},"query-input":{"@type":"PropertyValueSpecification","valueRequired":true,"valueName":"search_term_string"}}],"inLanguage":"tr"},{"@type":"Organization","@id":"https:\/\/hypnosecoachinghamburg.com\/tr\/#organization","name":"NRA","url":"https:\/\/hypnosecoachinghamburg.com\/tr\/","logo":{"@type":"ImageObject","inLanguage":"tr","@id":"https:\/\/hypnosecoachinghamburg.com\/tr\/#\/schema\/logo\/image\/","url":"https:\/\/hypnosecoachinghamburg.com\/tr\/wp-content\/uploads\/2019\/07\/logo-nra.png","contentUrl":"https:\/\/hypnosecoachinghamburg.com\/tr\/wp-content\/uploads\/2019\/07\/logo-nra.png","width":681,"height":521,"caption":"NRA"},"image":{"@id":"https:\/\/hypnosecoachinghamburg.com\/tr\/#\/schema\/logo\/image\/"},"sameAs":["https:\/\/www.facebook.com\/naciyerafiq.arli","https:\/\/www.instagram.com\/hypnosepraxishamburg\/"]}]}},"_links":{"self":[{"href":"https:\/\/hypnosecoachinghamburg.com\/tr\/wp-json\/wp\/v2\/pages\/1567","targetHints":{"allow":["GET"]}}],"collection":[{"href":"https:\/\/hypnosecoachinghamburg.com\/tr\/wp-json\/wp\/v2\/pages"}],"about":[{"href":"https:\/\/hypnosecoachinghamburg.com\/tr\/wp-json\/wp\/v2\/types\/page"}],"author":[{"embeddable":true,"href":"https:\/\/hypnosecoachinghamburg.com\/tr\/wp-json\/wp\/v2\/users\/1"}],"replies":[{"embeddable":true,"href":"https:\/\/hypnosecoachinghamburg.com\/tr\/wp-json\/wp\/v2\/comments?post=1567"}],"version-history":[{"count":10,"href":"https:\/\/hypnosecoachinghamburg.com\/tr\/wp-json\/wp\/v2\/pages\/1567\/revisions"}],"predecessor-version":[{"id":1611,"href":"https:\/\/hypnosecoachinghamburg.com\/tr\/wp-json\/wp\/v2\/pages\/1567\/revisions\/1611"}],"wp:featuredmedia":[{"embeddable":true,"href":"https:\/\/hypnosecoachinghamburg.com\/tr\/wp-json\/wp\/v2\/media\/1700"}],"wp:attachment":[{"href":"https:\/\/hypnosecoachinghamburg.com\/tr\/wp-json\/wp\/v2\/media?parent=1567"}],"curies":[{"name":"wp","href":"https:\/\/api.w.org\/{rel}","templated":true}]}}