{"id":1565,"date":"2024-05-15T11:53:03","date_gmt":"2024-05-15T08:53:03","guid":{"rendered":"http:\/\/nra.demoadresi.com\/?page_id=1565"},"modified":"2024-05-25T23:10:13","modified_gmt":"2024-05-25T20:10:13","slug":"nlp-turkce-hamburg","status":"publish","type":"page","link":"https:\/\/hypnosecoachinghamburg.com\/tr\/nlp-turkce-hamburg\/","title":{"rendered":"NLP"},"content":{"rendered":"<p>[vc_row][vc_column][vc_column_text]<\/p>\n<h1>NLP<\/h1>\n<p>[\/vc_column_text][\/vc_column][\/vc_row][vc_row][vc_column][vc_column_text]<\/p>\n<h1><strong>NLP<\/strong><\/h1>\n<p>N\u00f6ro, \u00e7evremizden duyu organlar\u0131m\u0131z ile bilgileri toplamak ve daha sonra da i\u015flemek i\u00e7in ihtiya\u00e7 duydu\u011fumuz sinir sistemiyle alakal\u0131d\u0131r. Alg\u0131m\u0131z, d\u00fc\u015f\u00fcncelerimiz, hissetmemiz ve davran\u0131\u015flar\u0131m\u0131z sinir sistemimize ba\u011fl\u0131d\u0131r.<\/p>\n<p><strong>Dilbilimi:<\/strong><\/p>\n<p>Dilbilimi, di\u011fer insanlarla ve kendimizle ileti\u015fime ge\u00e7mek i\u00e7in, d\u0131\u015far\u0131ya do\u011fru kulland\u0131\u011f\u0131m\u0131z dil ile ilgilidir. \u0130leti\u015fim esnas\u0131nda \u00e7o\u011funlukla istedi\u011fimizden daha fazlas\u0131n\u0131 ifade ediyoruz, \u00f6rn. \u201aBu iyi g\u00f6r\u00fcn\u00fcyor!\u2018 derken, i\u00e7sel olarak da resimli bir d\u00fc\u015f\u00fcncemiz mevcut. Ya da \u201aGe\u00e7mi\u015fi b\u0131rak\u0131yorum\u2018 derken. NLP\u2019ye g\u00f6re ger\u00e7ekten ge\u00e7mi\u015fi arkam\u0131zda temsil etti\u011fimiz ile ilgili bir ifadedir bu. Kelimeler, i\u00e7sel ger\u00e7ekli\u011fimizi olu\u015fturup onu tan\u0131mlamaktad\u0131r.<\/p>\n<p><strong>Programlama:<\/strong><\/p>\n<p>Programlama, hedef odakl\u0131 ve sistematik bir de\u011fi\u015fiklik anlam\u0131ndad\u0131r. NLP yakla\u015f\u0131m\u0131 b\u00f6ylece \u015fu anlama gelmektedir: \u2018Ben hedef odakl\u0131 de\u011fi\u015fmek istiyorum ve \u00fczerine in\u015fa edebilmem ve her seferinde tekrar ba\u015ftan ba\u015flamak zorunda kalmamak i\u00e7in de de\u011fi\u015fimi de korunmak istiyorum.\u2019<\/p>\n<p>NLP\u2019ye tam olarak hangi hususlarda ihtiya\u00e7 duyabilece\u011finize dair a\u015fa\u011f\u0131da birka\u00e7 \u00f6rnek bulabilirsiniz:<\/p>\n<ul>\n<li>Ki\u015filik geli\u015fimi \u2013 kendi kendini daha iyi tan\u0131mak<\/li>\n<li>\u0130li\u015fkilerin iyile\u015ftirilmesi ve yo\u011funla\u015ft\u0131r\u0131lmas\u0131<\/li>\n<li>\u00d6z\u00fcn\u00fc ke\u015ffetmek \u2013 ger\u00e7ekte asl\u0131nda kimim<\/li>\n<li>Terbiye \u2013 ailede de\u011fer veren ve k\u0131ymetli ili\u015fki<\/li>\n<li>Tak\u0131m olu\u015fturma<\/li>\n<li>Hayatta mutlulu\u011fa, memnuniyete ve doyuma ula\u015fmak<\/li>\n<li>Kendi de\u011fer ve isteklerine g\u00f6re de\u011fi\u015fiklikleri elde etmek<\/li>\n<li>Potansiyel ke\u015ffi ve geli\u015fimi<\/li>\n<\/ul>\n<p><em><strong>\u015eimdi randevu al\u0131n\u0131z!<\/strong><\/em>[\/vc_column_text][\/vc_column][\/vc_row]<\/p>\n","protected":false},"excerpt":{"rendered":"<p>[vc_row][vc_column][vc_column_text] NLP [\/vc_column_text][\/vc_column][\/vc_row][vc_row][vc_column][vc_column_text] NLP N\u00f6ro, \u00e7evremizden duyu organlar\u0131m\u0131z ile bilgileri toplamak ve daha sonra da i\u015flemek i\u00e7in ihtiya\u00e7 duydu\u011fumuz sinir sistemiyle alakal\u0131d\u0131r. Alg\u0131m\u0131z, d\u00fc\u015f\u00fcncelerimiz, hissetmemiz ve davran\u0131\u015flar\u0131m\u0131z sinir sistemimize ba\u011fl\u0131d\u0131r. Dilbilimi: Dilbilimi, di\u011fer insanlarla ve kendimizle ileti\u015fime ge\u00e7mek i\u00e7in, d\u0131\u015far\u0131ya do\u011fru kulland\u0131\u011f\u0131m\u0131z dil ile ilgilidir. \u0130leti\u015fim esnas\u0131nda \u00e7o\u011funlukla istedi\u011fimizden daha fazlas\u0131n\u0131 ifade ediyoruz, \u00f6rn. \u201aBu <\/p>\n","protected":false},"author":1,"featured_media":1706,"parent":0,"menu_order":0,"comment_status":"closed","ping_status":"closed","template":"page-blocks.php","meta":{"_exactmetrics_skip_tracking":false,"_exactmetrics_sitenote_active":false,"_exactmetrics_sitenote_note":"","_exactmetrics_sitenote_category":0,"_joinchat":[],"footnotes":""},"class_list":["post-1565","page","type-page","status-publish","has-post-thumbnail"],"yoast_head":"<!-- This site is optimized with the Yoast SEO plugin v25.1 - https:\/\/yoast.com\/wordpress\/plugins\/seo\/ -->\n<title>Hamburg`da NLP ile hedeflere ulasma<\/title>\n<meta name=\"description\" content=\"Anlama ve alg\u0131lama d\u00fczeyini de\u011fi\u015ftirme teknikleri. Fark\u0131ndal\u0131k ve ko\u00e7luk teknikleri ile Ki\u015fisel vizyonu olu\u015fturma teknikleri.\" \/>\n<meta name=\"robots\" content=\"index, follow, max-snippet:-1, max-image-preview:large, max-video-preview:-1\" \/>\n<link rel=\"canonical\" href=\"https:\/\/hypnosecoachinghamburg.com\/tr\/nlp-turkce-hamburg\/\" \/>\n<meta property=\"og:locale\" content=\"tr_TR\" \/>\n<meta property=\"og:type\" content=\"article\" \/>\n<meta property=\"og:title\" content=\"Hamburg`da NLP ile hedeflere ulasma\" \/>\n<meta property=\"og:description\" content=\"Anlama ve alg\u0131lama d\u00fczeyini de\u011fi\u015ftirme teknikleri. Fark\u0131ndal\u0131k ve ko\u00e7luk teknikleri ile Ki\u015fisel vizyonu olu\u015fturma teknikleri.\" \/>\n<meta property=\"og:url\" content=\"https:\/\/hypnosecoachinghamburg.com\/tr\/nlp-turkce-hamburg\/\" \/>\n<meta property=\"og:site_name\" content=\"NRA\" \/>\n<meta property=\"article:publisher\" content=\"https:\/\/www.facebook.com\/naciyerafiq.arli\" \/>\n<meta property=\"article:modified_time\" content=\"2024-05-25T20:10:13+00:00\" \/>\n<meta property=\"og:image\" content=\"https:\/\/hypnosecoachinghamburg.com\/tr\/wp-content\/uploads\/2022\/09\/coaching-2738522_1280.jpg\" \/>\n\t<meta property=\"og:image:width\" content=\"1280\" \/>\n\t<meta property=\"og:image:height\" content=\"851\" \/>\n\t<meta property=\"og:image:type\" content=\"image\/jpeg\" \/>\n<meta name=\"twitter:card\" content=\"summary_large_image\" \/>\n<meta name=\"twitter:label1\" content=\"Tahmini okuma s\u00fcresi\" \/>\n\t<meta name=\"twitter:data1\" content=\"2 dakika\" \/>\n<script type=\"application\/ld+json\" class=\"yoast-schema-graph\">{\"@context\":\"https:\/\/schema.org\",\"@graph\":[{\"@type\":\"WebPage\",\"@id\":\"https:\/\/hypnosecoachinghamburg.com\/tr\/nlp-turkce-hamburg\/\",\"url\":\"https:\/\/hypnosecoachinghamburg.com\/tr\/nlp-turkce-hamburg\/\",\"name\":\"Hamburg`da NLP ile hedeflere ulasma\",\"isPartOf\":{\"@id\":\"https:\/\/hypnosecoachinghamburg.com\/tr\/#website\"},\"primaryImageOfPage\":{\"@id\":\"https:\/\/hypnosecoachinghamburg.com\/tr\/nlp-turkce-hamburg\/#primaryimage\"},\"image\":{\"@id\":\"https:\/\/hypnosecoachinghamburg.com\/tr\/nlp-turkce-hamburg\/#primaryimage\"},\"thumbnailUrl\":\"https:\/\/hypnosecoachinghamburg.com\/tr\/wp-content\/uploads\/2022\/09\/coaching-2738522_1280.jpg\",\"datePublished\":\"2024-05-15T08:53:03+00:00\",\"dateModified\":\"2024-05-25T20:10:13+00:00\",\"description\":\"Anlama ve alg\u0131lama d\u00fczeyini de\u011fi\u015ftirme teknikleri. Fark\u0131ndal\u0131k ve ko\u00e7luk teknikleri ile Ki\u015fisel vizyonu olu\u015fturma teknikleri.\",\"breadcrumb\":{\"@id\":\"https:\/\/hypnosecoachinghamburg.com\/tr\/nlp-turkce-hamburg\/#breadcrumb\"},\"inLanguage\":\"tr\",\"potentialAction\":[{\"@type\":\"ReadAction\",\"target\":[\"https:\/\/hypnosecoachinghamburg.com\/tr\/nlp-turkce-hamburg\/\"]}]},{\"@type\":\"ImageObject\",\"inLanguage\":\"tr\",\"@id\":\"https:\/\/hypnosecoachinghamburg.com\/tr\/nlp-turkce-hamburg\/#primaryimage\",\"url\":\"https:\/\/hypnosecoachinghamburg.com\/tr\/wp-content\/uploads\/2022\/09\/coaching-2738522_1280.jpg\",\"contentUrl\":\"https:\/\/hypnosecoachinghamburg.com\/tr\/wp-content\/uploads\/2022\/09\/coaching-2738522_1280.jpg\",\"width\":1280,\"height\":851},{\"@type\":\"BreadcrumbList\",\"@id\":\"https:\/\/hypnosecoachinghamburg.com\/tr\/nlp-turkce-hamburg\/#breadcrumb\",\"itemListElement\":[{\"@type\":\"ListItem\",\"position\":1,\"name\":\"Anasayfa\",\"item\":\"https:\/\/hypnosecoachinghamburg.com\/tr\/\"},{\"@type\":\"ListItem\",\"position\":2,\"name\":\"NLP\"}]},{\"@type\":\"WebSite\",\"@id\":\"https:\/\/hypnosecoachinghamburg.com\/tr\/#website\",\"url\":\"https:\/\/hypnosecoachinghamburg.com\/tr\/\",\"name\":\"NRA\",\"description\":\"Psikoterapi Alan\u0131nda Do\u011fal Tedavi Uzman\u0131 &amp; Hipnoz Terapisti\",\"publisher\":{\"@id\":\"https:\/\/hypnosecoachinghamburg.com\/tr\/#organization\"},\"potentialAction\":[{\"@type\":\"SearchAction\",\"target\":{\"@type\":\"EntryPoint\",\"urlTemplate\":\"https:\/\/hypnosecoachinghamburg.com\/tr\/?s={search_term_string}\"},\"query-input\":{\"@type\":\"PropertyValueSpecification\",\"valueRequired\":true,\"valueName\":\"search_term_string\"}}],\"inLanguage\":\"tr\"},{\"@type\":\"Organization\",\"@id\":\"https:\/\/hypnosecoachinghamburg.com\/tr\/#organization\",\"name\":\"NRA\",\"url\":\"https:\/\/hypnosecoachinghamburg.com\/tr\/\",\"logo\":{\"@type\":\"ImageObject\",\"inLanguage\":\"tr\",\"@id\":\"https:\/\/hypnosecoachinghamburg.com\/tr\/#\/schema\/logo\/image\/\",\"url\":\"https:\/\/hypnosecoachinghamburg.com\/tr\/wp-content\/uploads\/2019\/07\/logo-nra.png\",\"contentUrl\":\"https:\/\/hypnosecoachinghamburg.com\/tr\/wp-content\/uploads\/2019\/07\/logo-nra.png\",\"width\":681,\"height\":521,\"caption\":\"NRA\"},\"image\":{\"@id\":\"https:\/\/hypnosecoachinghamburg.com\/tr\/#\/schema\/logo\/image\/\"},\"sameAs\":[\"https:\/\/www.facebook.com\/naciyerafiq.arli\",\"https:\/\/www.instagram.com\/hypnosepraxishamburg\/\"]}]}<\/script>\n<!-- \/ Yoast SEO plugin. -->","yoast_head_json":{"title":"Hamburg`da NLP ile hedeflere ulasma","description":"Anlama ve alg\u0131lama d\u00fczeyini de\u011fi\u015ftirme teknikleri. Fark\u0131ndal\u0131k ve ko\u00e7luk teknikleri ile Ki\u015fisel vizyonu olu\u015fturma teknikleri.","robots":{"index":"index","follow":"follow","max-snippet":"max-snippet:-1","max-image-preview":"max-image-preview:large","max-video-preview":"max-video-preview:-1"},"canonical":"https:\/\/hypnosecoachinghamburg.com\/tr\/nlp-turkce-hamburg\/","og_locale":"tr_TR","og_type":"article","og_title":"Hamburg`da NLP ile hedeflere ulasma","og_description":"Anlama ve alg\u0131lama d\u00fczeyini de\u011fi\u015ftirme teknikleri. Fark\u0131ndal\u0131k ve ko\u00e7luk teknikleri ile Ki\u015fisel vizyonu olu\u015fturma teknikleri.","og_url":"https:\/\/hypnosecoachinghamburg.com\/tr\/nlp-turkce-hamburg\/","og_site_name":"NRA","article_publisher":"https:\/\/www.facebook.com\/naciyerafiq.arli","article_modified_time":"2024-05-25T20:10:13+00:00","og_image":[{"width":1280,"height":851,"url":"https:\/\/hypnosecoachinghamburg.com\/tr\/wp-content\/uploads\/2022\/09\/coaching-2738522_1280.jpg","type":"image\/jpeg"}],"twitter_card":"summary_large_image","twitter_misc":{"Tahmini okuma s\u00fcresi":"2 dakika"},"schema":{"@context":"https:\/\/schema.org","@graph":[{"@type":"WebPage","@id":"https:\/\/hypnosecoachinghamburg.com\/tr\/nlp-turkce-hamburg\/","url":"https:\/\/hypnosecoachinghamburg.com\/tr\/nlp-turkce-hamburg\/","name":"Hamburg`da NLP ile hedeflere ulasma","isPartOf":{"@id":"https:\/\/hypnosecoachinghamburg.com\/tr\/#website"},"primaryImageOfPage":{"@id":"https:\/\/hypnosecoachinghamburg.com\/tr\/nlp-turkce-hamburg\/#primaryimage"},"image":{"@id":"https:\/\/hypnosecoachinghamburg.com\/tr\/nlp-turkce-hamburg\/#primaryimage"},"thumbnailUrl":"https:\/\/hypnosecoachinghamburg.com\/tr\/wp-content\/uploads\/2022\/09\/coaching-2738522_1280.jpg","datePublished":"2024-05-15T08:53:03+00:00","dateModified":"2024-05-25T20:10:13+00:00","description":"Anlama ve alg\u0131lama d\u00fczeyini de\u011fi\u015ftirme teknikleri. Fark\u0131ndal\u0131k ve ko\u00e7luk teknikleri ile Ki\u015fisel vizyonu olu\u015fturma teknikleri.","breadcrumb":{"@id":"https:\/\/hypnosecoachinghamburg.com\/tr\/nlp-turkce-hamburg\/#breadcrumb"},"inLanguage":"tr","potentialAction":[{"@type":"ReadAction","target":["https:\/\/hypnosecoachinghamburg.com\/tr\/nlp-turkce-hamburg\/"]}]},{"@type":"ImageObject","inLanguage":"tr","@id":"https:\/\/hypnosecoachinghamburg.com\/tr\/nlp-turkce-hamburg\/#primaryimage","url":"https:\/\/hypnosecoachinghamburg.com\/tr\/wp-content\/uploads\/2022\/09\/coaching-2738522_1280.jpg","contentUrl":"https:\/\/hypnosecoachinghamburg.com\/tr\/wp-content\/uploads\/2022\/09\/coaching-2738522_1280.jpg","width":1280,"height":851},{"@type":"BreadcrumbList","@id":"https:\/\/hypnosecoachinghamburg.com\/tr\/nlp-turkce-hamburg\/#breadcrumb","itemListElement":[{"@type":"ListItem","position":1,"name":"Anasayfa","item":"https:\/\/hypnosecoachinghamburg.com\/tr\/"},{"@type":"ListItem","position":2,"name":"NLP"}]},{"@type":"WebSite","@id":"https:\/\/hypnosecoachinghamburg.com\/tr\/#website","url":"https:\/\/hypnosecoachinghamburg.com\/tr\/","name":"NRA","description":"Psikoterapi Alan\u0131nda Do\u011fal Tedavi Uzman\u0131 &amp; Hipnoz Terapisti","publisher":{"@id":"https:\/\/hypnosecoachinghamburg.com\/tr\/#organization"},"potentialAction":[{"@type":"SearchAction","target":{"@type":"EntryPoint","urlTemplate":"https:\/\/hypnosecoachinghamburg.com\/tr\/?s={search_term_string}"},"query-input":{"@type":"PropertyValueSpecification","valueRequired":true,"valueName":"search_term_string"}}],"inLanguage":"tr"},{"@type":"Organization","@id":"https:\/\/hypnosecoachinghamburg.com\/tr\/#organization","name":"NRA","url":"https:\/\/hypnosecoachinghamburg.com\/tr\/","logo":{"@type":"ImageObject","inLanguage":"tr","@id":"https:\/\/hypnosecoachinghamburg.com\/tr\/#\/schema\/logo\/image\/","url":"https:\/\/hypnosecoachinghamburg.com\/tr\/wp-content\/uploads\/2019\/07\/logo-nra.png","contentUrl":"https:\/\/hypnosecoachinghamburg.com\/tr\/wp-content\/uploads\/2019\/07\/logo-nra.png","width":681,"height":521,"caption":"NRA"},"image":{"@id":"https:\/\/hypnosecoachinghamburg.com\/tr\/#\/schema\/logo\/image\/"},"sameAs":["https:\/\/www.facebook.com\/naciyerafiq.arli","https:\/\/www.instagram.com\/hypnosepraxishamburg\/"]}]}},"_links":{"self":[{"href":"https:\/\/hypnosecoachinghamburg.com\/tr\/wp-json\/wp\/v2\/pages\/1565","targetHints":{"allow":["GET"]}}],"collection":[{"href":"https:\/\/hypnosecoachinghamburg.com\/tr\/wp-json\/wp\/v2\/pages"}],"about":[{"href":"https:\/\/hypnosecoachinghamburg.com\/tr\/wp-json\/wp\/v2\/types\/page"}],"author":[{"embeddable":true,"href":"https:\/\/hypnosecoachinghamburg.com\/tr\/wp-json\/wp\/v2\/users\/1"}],"replies":[{"embeddable":true,"href":"https:\/\/hypnosecoachinghamburg.com\/tr\/wp-json\/wp\/v2\/comments?post=1565"}],"version-history":[{"count":4,"href":"https:\/\/hypnosecoachinghamburg.com\/tr\/wp-json\/wp\/v2\/pages\/1565\/revisions"}],"predecessor-version":[{"id":1743,"href":"https:\/\/hypnosecoachinghamburg.com\/tr\/wp-json\/wp\/v2\/pages\/1565\/revisions\/1743"}],"wp:featuredmedia":[{"embeddable":true,"href":"https:\/\/hypnosecoachinghamburg.com\/tr\/wp-json\/wp\/v2\/media\/1706"}],"wp:attachment":[{"href":"https:\/\/hypnosecoachinghamburg.com\/tr\/wp-json\/wp\/v2\/media?parent=1565"}],"curies":[{"name":"wp","href":"https:\/\/api.w.org\/{rel}","templated":true}]}}