{"id":1524,"date":"2024-05-25T11:59:12","date_gmt":"2024-05-25T08:59:12","guid":{"rendered":"http:\/\/nra.demoadresi.com\/?page_id=1524"},"modified":"2024-05-25T22:46:35","modified_gmt":"2024-05-25T19:46:35","slug":"bireysel-psikolojik-yasam-tarzi-tavsiyesi","status":"publish","type":"page","link":"https:\/\/hypnosecoachinghamburg.com\/tr\/bireysel-psikolojik-yasam-tarzi-tavsiyesi\/","title":{"rendered":"Bireysel Psikolojik Ya\u015fam Tarz\u0131 Tavsiyesi"},"content":{"rendered":"<p>[vc_row][vc_column][vc_column_text]<strong><br \/>\n<img loading=\"lazy\" decoding=\"async\" class=\"alignnone size-medium wp-image-1691\" src=\"https:\/\/hypnosecoachinghamburg.com\/tr\/wp-content\/uploads\/2020\/02\/pexels-jill-wellington-39853-300x200.jpg\" alt=\"\" width=\"300\" height=\"200\" srcset=\"https:\/\/hypnosecoachinghamburg.com\/tr\/wp-content\/uploads\/2020\/02\/pexels-jill-wellington-39853-300x200.jpg 300w, https:\/\/hypnosecoachinghamburg.com\/tr\/wp-content\/uploads\/2020\/02\/pexels-jill-wellington-39853-1024x683.jpg 1024w, https:\/\/hypnosecoachinghamburg.com\/tr\/wp-content\/uploads\/2020\/02\/pexels-jill-wellington-39853-1536x1024.jpg 1536w, https:\/\/hypnosecoachinghamburg.com\/tr\/wp-content\/uploads\/2020\/02\/pexels-jill-wellington-39853-270x180.jpg 270w, https:\/\/hypnosecoachinghamburg.com\/tr\/wp-content\/uploads\/2020\/02\/pexels-jill-wellington-39853-770x515.jpg 770w\" sizes=\"auto, (max-width: 300px) 100vw, 300px\" \/><\/strong><\/p>\n<p>&nbsp;<\/p>\n<h1>B\u0130REYSEL PS\u0130KOLOJ\u0130 NED\u0130R?<\/h1>\n<p>Bireysel psikolojinin kurucusu Alfred Adler(1870 \u2013 1937), bu psikoloji dal\u0131na hayat\u0131n\u0131 vermi\u015ftir.<\/p>\n<p>Doktor olarak \u00e7al\u0131\u015fmas\u0131ndan ve di\u011fer psikolojik yakla\u015f\u0131mlar ile u\u011fra\u015flar\u0131ndan, Adler kendi\u201a kullan\u0131m psikolojisini kurmu\u015ftur.<\/p>\n<p>Basit, net, anla\u015f\u0131l\u0131r, fakat yine de derin psikolojik. Onun insan resmi pozitiv ve hayata evet diyen ki\u015fidir. Bireysel psikoloji, \u00e7abalar\u0131 ve hedefleriyle insan\u0131 bir b\u00fct\u00fcnc\u00fcl unsur olarak \u00f6n plana \u00e7\u0131karmaktad\u0131r. Bireysel psikolojinin yakla\u015f\u0131m\u0131 cesaret verici, \u00e7\u00f6z\u00fcm ve kaynak odakl\u0131d\u0131r.<\/p>\n<h3>B\u0130R DANI\u015eMANLIK K\u0130M\u0130N \u0130\u00c7\u0130N MANTIKLIDIR?<\/h3>\n<ul>\n<li>Kendilerini daha da geli\u015ftirmek ve daha mutlu bir hayat ya\u015famak isteyen insanlar i\u00e7in<\/li>\n<li>Kendi hayatlar\u0131n\u0131 kendi ellerine almak ve \u015fekillendirmek isteyen insanlar i\u00e7in<\/li>\n<li>Hayatlar\u0131nda, ili\u015fkilerinde veya ailelerinde belirli bir sorunu olan insanlar i\u00e7in<\/li>\n<\/ul>\n<h3>KULLANIM ALANLARI<\/h3>\n<ul>\n<li>Ki\u015filik dan\u0131\u015fmanl\u0131\u011f\u0131<\/li>\n<li>\u00c7at\u0131\u015fma dan\u0131\u015fmanl\u0131\u011f\u0131<\/li>\n<li>Kararlar alma<\/li>\n<li>\u015eeffafl\u0131k sa\u011flamak<\/li>\n<li>Davran\u0131\u015fsal kal\u0131plar\u0131 anlamak &amp; de\u011fi\u015ftirmek<\/li>\n<li>E\u011fitim dan\u0131\u015fmanl\u0131\u011f\u0131<\/li>\n<\/ul>\n<p>YA\u015eAM ST\u0130L\u0130 DANI\u015eMANLI\u011eININ HEDEF\u0130<\/p>\n<ul>\n<li>Ya\u015fam tarz\u0131n\u0131n k\u0131s\u0131mlar\u0131n\u0131 belirlemek<\/li>\n<li>Kendi kaynak &amp; becerilerinizi tekrar ke\u015ffetmek<\/li>\n<li>D\u00fc\u015f\u00fcncelerinizi, hislerinizi &amp; davran\u0131\u015flar\u0131n\u0131z\u0131 anlamak<\/li>\n<li>Yeni davran\u0131\u015f imkanlar\u0131n\u0131 ke\u015ffetmek<\/li>\n<li>Perspektifinizi geni\u015fletmek<\/li>\n<li>Eski de\u011ferlendirmelerin \u00fczerinden ger\u00e7eklerle ge\u00e7mek<\/li>\n<\/ul>\n<p>&nbsp;<\/p>\n<p><strong>&#8220;\u0130nsan\u0131n ruhsal ya\u015fam\u0131 var olmak de\u011fil, olu\u015fmakt\u0131r.&#8221;<\/strong><br \/>\n<em>Alfred Adler<\/em><\/p>\n<p><a href=\"https:\/\/tr.wikipedia.org\/wiki\/Bireysel_psikoloji\">Bireysel psikoloji &#8211; Vikipedi (wikipedia.org)<\/a><\/p>\n<p><em><strong>Hemen randevu al\u0131n\u0131z!<\/strong><\/em>[\/vc_column_text][\/vc_column][\/vc_row]<\/p>\n","protected":false},"excerpt":{"rendered":"<p>[vc_row][vc_column][vc_column_text] &nbsp; B\u0130REYSEL PS\u0130KOLOJ\u0130 NED\u0130R? Bireysel psikolojinin kurucusu Alfred Adler(1870 \u2013 1937), bu psikoloji dal\u0131na hayat\u0131n\u0131 vermi\u015ftir. Doktor olarak \u00e7al\u0131\u015fmas\u0131ndan ve di\u011fer psikolojik yakla\u015f\u0131mlar ile u\u011fra\u015flar\u0131ndan, Adler kendi\u201a kullan\u0131m psikolojisini kurmu\u015ftur. Basit, net, anla\u015f\u0131l\u0131r, fakat yine de derin psikolojik. Onun insan resmi pozitiv ve hayata evet diyen ki\u015fidir. Bireysel psikoloji, \u00e7abalar\u0131 ve hedefleriyle insan\u0131 bir <\/p>\n","protected":false},"author":1,"featured_media":1691,"parent":0,"menu_order":0,"comment_status":"closed","ping_status":"closed","template":"page-blocks.php","meta":{"_exactmetrics_skip_tracking":false,"_exactmetrics_sitenote_active":false,"_exactmetrics_sitenote_note":"","_exactmetrics_sitenote_category":0,"_joinchat":[],"footnotes":""},"class_list":["post-1524","page","type-page","status-publish","has-post-thumbnail"],"yoast_head":"<!-- This site is optimized with the Yoast SEO plugin v25.1 - https:\/\/yoast.com\/wordpress\/plugins\/seo\/ -->\n<title>Bireysel Psikolojik Ya\u015fam Tarz\u0131 Tavsiyesi<\/title>\n<meta name=\"description\" content=\"Bireysel Bili\u015fsel Davran\u0131\u015f\u00e7\u0131 Terapi, \u015fimdiki zamana odakl\u0131, ge\u00e7erlili\u011fi deneylerle kan\u0131tlanm\u0131\u015f, mevcut sorunu \u00e7\u00f6zmeye\" \/>\n<meta name=\"robots\" content=\"index, follow, max-snippet:-1, max-image-preview:large, max-video-preview:-1\" \/>\n<link rel=\"canonical\" href=\"https:\/\/hypnosecoachinghamburg.com\/tr\/bireysel-psikolojik-yasam-tarzi-tavsiyesi\/\" \/>\n<meta property=\"og:locale\" content=\"tr_TR\" \/>\n<meta property=\"og:type\" content=\"article\" \/>\n<meta property=\"og:title\" content=\"Bireysel Psikolojik Ya\u015fam Tarz\u0131 Tavsiyesi\" \/>\n<meta property=\"og:description\" content=\"Bireysel Bili\u015fsel Davran\u0131\u015f\u00e7\u0131 Terapi, \u015fimdiki zamana odakl\u0131, ge\u00e7erlili\u011fi deneylerle kan\u0131tlanm\u0131\u015f, mevcut sorunu \u00e7\u00f6zmeye\" \/>\n<meta property=\"og:url\" content=\"https:\/\/hypnosecoachinghamburg.com\/tr\/bireysel-psikolojik-yasam-tarzi-tavsiyesi\/\" \/>\n<meta property=\"og:site_name\" content=\"NRA\" \/>\n<meta property=\"article:publisher\" content=\"https:\/\/www.facebook.com\/naciyerafiq.arli\" \/>\n<meta property=\"article:modified_time\" content=\"2024-05-25T19:46:35+00:00\" \/>\n<meta property=\"og:image\" content=\"https:\/\/hypnosecoachinghamburg.com\/tr\/wp-content\/uploads\/2020\/02\/pexels-jill-wellington-39853-scaled.jpg\" \/>\n\t<meta property=\"og:image:width\" content=\"2560\" \/>\n\t<meta property=\"og:image:height\" content=\"1707\" \/>\n\t<meta property=\"og:image:type\" content=\"image\/jpeg\" \/>\n<meta name=\"twitter:card\" content=\"summary_large_image\" \/>\n<meta name=\"twitter:label1\" content=\"Tahmini okuma s\u00fcresi\" \/>\n\t<meta name=\"twitter:data1\" content=\"2 dakika\" \/>\n<script type=\"application\/ld+json\" class=\"yoast-schema-graph\">{\"@context\":\"https:\/\/schema.org\",\"@graph\":[{\"@type\":\"WebPage\",\"@id\":\"https:\/\/hypnosecoachinghamburg.com\/tr\/bireysel-psikolojik-yasam-tarzi-tavsiyesi\/\",\"url\":\"https:\/\/hypnosecoachinghamburg.com\/tr\/bireysel-psikolojik-yasam-tarzi-tavsiyesi\/\",\"name\":\"Bireysel Psikolojik Ya\u015fam Tarz\u0131 Tavsiyesi\",\"isPartOf\":{\"@id\":\"https:\/\/hypnosecoachinghamburg.com\/tr\/#website\"},\"primaryImageOfPage\":{\"@id\":\"https:\/\/hypnosecoachinghamburg.com\/tr\/bireysel-psikolojik-yasam-tarzi-tavsiyesi\/#primaryimage\"},\"image\":{\"@id\":\"https:\/\/hypnosecoachinghamburg.com\/tr\/bireysel-psikolojik-yasam-tarzi-tavsiyesi\/#primaryimage\"},\"thumbnailUrl\":\"https:\/\/hypnosecoachinghamburg.com\/tr\/wp-content\/uploads\/2020\/02\/pexels-jill-wellington-39853-scaled.jpg\",\"datePublished\":\"2024-05-25T08:59:12+00:00\",\"dateModified\":\"2024-05-25T19:46:35+00:00\",\"description\":\"Bireysel Bili\u015fsel Davran\u0131\u015f\u00e7\u0131 Terapi, \u015fimdiki zamana odakl\u0131, ge\u00e7erlili\u011fi deneylerle kan\u0131tlanm\u0131\u015f, mevcut sorunu \u00e7\u00f6zmeye\",\"breadcrumb\":{\"@id\":\"https:\/\/hypnosecoachinghamburg.com\/tr\/bireysel-psikolojik-yasam-tarzi-tavsiyesi\/#breadcrumb\"},\"inLanguage\":\"tr\",\"potentialAction\":[{\"@type\":\"ReadAction\",\"target\":[\"https:\/\/hypnosecoachinghamburg.com\/tr\/bireysel-psikolojik-yasam-tarzi-tavsiyesi\/\"]}]},{\"@type\":\"ImageObject\",\"inLanguage\":\"tr\",\"@id\":\"https:\/\/hypnosecoachinghamburg.com\/tr\/bireysel-psikolojik-yasam-tarzi-tavsiyesi\/#primaryimage\",\"url\":\"https:\/\/hypnosecoachinghamburg.com\/tr\/wp-content\/uploads\/2020\/02\/pexels-jill-wellington-39853-scaled.jpg\",\"contentUrl\":\"https:\/\/hypnosecoachinghamburg.com\/tr\/wp-content\/uploads\/2020\/02\/pexels-jill-wellington-39853-scaled.jpg\",\"width\":2560,\"height\":1707},{\"@type\":\"BreadcrumbList\",\"@id\":\"https:\/\/hypnosecoachinghamburg.com\/tr\/bireysel-psikolojik-yasam-tarzi-tavsiyesi\/#breadcrumb\",\"itemListElement\":[{\"@type\":\"ListItem\",\"position\":1,\"name\":\"Anasayfa\",\"item\":\"https:\/\/hypnosecoachinghamburg.com\/tr\/\"},{\"@type\":\"ListItem\",\"position\":2,\"name\":\"Bireysel Psikolojik Ya\u015fam Tarz\u0131 Tavsiyesi\"}]},{\"@type\":\"WebSite\",\"@id\":\"https:\/\/hypnosecoachinghamburg.com\/tr\/#website\",\"url\":\"https:\/\/hypnosecoachinghamburg.com\/tr\/\",\"name\":\"NRA\",\"description\":\"Psikoterapi Alan\u0131nda Do\u011fal Tedavi Uzman\u0131 &amp; Hipnoz Terapisti\",\"publisher\":{\"@id\":\"https:\/\/hypnosecoachinghamburg.com\/tr\/#organization\"},\"potentialAction\":[{\"@type\":\"SearchAction\",\"target\":{\"@type\":\"EntryPoint\",\"urlTemplate\":\"https:\/\/hypnosecoachinghamburg.com\/tr\/?s={search_term_string}\"},\"query-input\":{\"@type\":\"PropertyValueSpecification\",\"valueRequired\":true,\"valueName\":\"search_term_string\"}}],\"inLanguage\":\"tr\"},{\"@type\":\"Organization\",\"@id\":\"https:\/\/hypnosecoachinghamburg.com\/tr\/#organization\",\"name\":\"NRA\",\"url\":\"https:\/\/hypnosecoachinghamburg.com\/tr\/\",\"logo\":{\"@type\":\"ImageObject\",\"inLanguage\":\"tr\",\"@id\":\"https:\/\/hypnosecoachinghamburg.com\/tr\/#\/schema\/logo\/image\/\",\"url\":\"https:\/\/hypnosecoachinghamburg.com\/tr\/wp-content\/uploads\/2019\/07\/logo-nra.png\",\"contentUrl\":\"https:\/\/hypnosecoachinghamburg.com\/tr\/wp-content\/uploads\/2019\/07\/logo-nra.png\",\"width\":681,\"height\":521,\"caption\":\"NRA\"},\"image\":{\"@id\":\"https:\/\/hypnosecoachinghamburg.com\/tr\/#\/schema\/logo\/image\/\"},\"sameAs\":[\"https:\/\/www.facebook.com\/naciyerafiq.arli\",\"https:\/\/www.instagram.com\/hypnosepraxishamburg\/\"]}]}<\/script>\n<!-- \/ Yoast SEO plugin. -->","yoast_head_json":{"title":"Bireysel Psikolojik Ya\u015fam Tarz\u0131 Tavsiyesi","description":"Bireysel Bili\u015fsel Davran\u0131\u015f\u00e7\u0131 Terapi, \u015fimdiki zamana odakl\u0131, ge\u00e7erlili\u011fi deneylerle kan\u0131tlanm\u0131\u015f, mevcut sorunu \u00e7\u00f6zmeye","robots":{"index":"index","follow":"follow","max-snippet":"max-snippet:-1","max-image-preview":"max-image-preview:large","max-video-preview":"max-video-preview:-1"},"canonical":"https:\/\/hypnosecoachinghamburg.com\/tr\/bireysel-psikolojik-yasam-tarzi-tavsiyesi\/","og_locale":"tr_TR","og_type":"article","og_title":"Bireysel Psikolojik Ya\u015fam Tarz\u0131 Tavsiyesi","og_description":"Bireysel Bili\u015fsel Davran\u0131\u015f\u00e7\u0131 Terapi, \u015fimdiki zamana odakl\u0131, ge\u00e7erlili\u011fi deneylerle kan\u0131tlanm\u0131\u015f, mevcut sorunu \u00e7\u00f6zmeye","og_url":"https:\/\/hypnosecoachinghamburg.com\/tr\/bireysel-psikolojik-yasam-tarzi-tavsiyesi\/","og_site_name":"NRA","article_publisher":"https:\/\/www.facebook.com\/naciyerafiq.arli","article_modified_time":"2024-05-25T19:46:35+00:00","og_image":[{"width":2560,"height":1707,"url":"https:\/\/hypnosecoachinghamburg.com\/tr\/wp-content\/uploads\/2020\/02\/pexels-jill-wellington-39853-scaled.jpg","type":"image\/jpeg"}],"twitter_card":"summary_large_image","twitter_misc":{"Tahmini okuma s\u00fcresi":"2 dakika"},"schema":{"@context":"https:\/\/schema.org","@graph":[{"@type":"WebPage","@id":"https:\/\/hypnosecoachinghamburg.com\/tr\/bireysel-psikolojik-yasam-tarzi-tavsiyesi\/","url":"https:\/\/hypnosecoachinghamburg.com\/tr\/bireysel-psikolojik-yasam-tarzi-tavsiyesi\/","name":"Bireysel Psikolojik Ya\u015fam Tarz\u0131 Tavsiyesi","isPartOf":{"@id":"https:\/\/hypnosecoachinghamburg.com\/tr\/#website"},"primaryImageOfPage":{"@id":"https:\/\/hypnosecoachinghamburg.com\/tr\/bireysel-psikolojik-yasam-tarzi-tavsiyesi\/#primaryimage"},"image":{"@id":"https:\/\/hypnosecoachinghamburg.com\/tr\/bireysel-psikolojik-yasam-tarzi-tavsiyesi\/#primaryimage"},"thumbnailUrl":"https:\/\/hypnosecoachinghamburg.com\/tr\/wp-content\/uploads\/2020\/02\/pexels-jill-wellington-39853-scaled.jpg","datePublished":"2024-05-25T08:59:12+00:00","dateModified":"2024-05-25T19:46:35+00:00","description":"Bireysel Bili\u015fsel Davran\u0131\u015f\u00e7\u0131 Terapi, \u015fimdiki zamana odakl\u0131, ge\u00e7erlili\u011fi deneylerle kan\u0131tlanm\u0131\u015f, mevcut sorunu \u00e7\u00f6zmeye","breadcrumb":{"@id":"https:\/\/hypnosecoachinghamburg.com\/tr\/bireysel-psikolojik-yasam-tarzi-tavsiyesi\/#breadcrumb"},"inLanguage":"tr","potentialAction":[{"@type":"ReadAction","target":["https:\/\/hypnosecoachinghamburg.com\/tr\/bireysel-psikolojik-yasam-tarzi-tavsiyesi\/"]}]},{"@type":"ImageObject","inLanguage":"tr","@id":"https:\/\/hypnosecoachinghamburg.com\/tr\/bireysel-psikolojik-yasam-tarzi-tavsiyesi\/#primaryimage","url":"https:\/\/hypnosecoachinghamburg.com\/tr\/wp-content\/uploads\/2020\/02\/pexels-jill-wellington-39853-scaled.jpg","contentUrl":"https:\/\/hypnosecoachinghamburg.com\/tr\/wp-content\/uploads\/2020\/02\/pexels-jill-wellington-39853-scaled.jpg","width":2560,"height":1707},{"@type":"BreadcrumbList","@id":"https:\/\/hypnosecoachinghamburg.com\/tr\/bireysel-psikolojik-yasam-tarzi-tavsiyesi\/#breadcrumb","itemListElement":[{"@type":"ListItem","position":1,"name":"Anasayfa","item":"https:\/\/hypnosecoachinghamburg.com\/tr\/"},{"@type":"ListItem","position":2,"name":"Bireysel Psikolojik Ya\u015fam Tarz\u0131 Tavsiyesi"}]},{"@type":"WebSite","@id":"https:\/\/hypnosecoachinghamburg.com\/tr\/#website","url":"https:\/\/hypnosecoachinghamburg.com\/tr\/","name":"NRA","description":"Psikoterapi Alan\u0131nda Do\u011fal Tedavi Uzman\u0131 &amp; Hipnoz Terapisti","publisher":{"@id":"https:\/\/hypnosecoachinghamburg.com\/tr\/#organization"},"potentialAction":[{"@type":"SearchAction","target":{"@type":"EntryPoint","urlTemplate":"https:\/\/hypnosecoachinghamburg.com\/tr\/?s={search_term_string}"},"query-input":{"@type":"PropertyValueSpecification","valueRequired":true,"valueName":"search_term_string"}}],"inLanguage":"tr"},{"@type":"Organization","@id":"https:\/\/hypnosecoachinghamburg.com\/tr\/#organization","name":"NRA","url":"https:\/\/hypnosecoachinghamburg.com\/tr\/","logo":{"@type":"ImageObject","inLanguage":"tr","@id":"https:\/\/hypnosecoachinghamburg.com\/tr\/#\/schema\/logo\/image\/","url":"https:\/\/hypnosecoachinghamburg.com\/tr\/wp-content\/uploads\/2019\/07\/logo-nra.png","contentUrl":"https:\/\/hypnosecoachinghamburg.com\/tr\/wp-content\/uploads\/2019\/07\/logo-nra.png","width":681,"height":521,"caption":"NRA"},"image":{"@id":"https:\/\/hypnosecoachinghamburg.com\/tr\/#\/schema\/logo\/image\/"},"sameAs":["https:\/\/www.facebook.com\/naciyerafiq.arli","https:\/\/www.instagram.com\/hypnosepraxishamburg\/"]}]}},"_links":{"self":[{"href":"https:\/\/hypnosecoachinghamburg.com\/tr\/wp-json\/wp\/v2\/pages\/1524","targetHints":{"allow":["GET"]}}],"collection":[{"href":"https:\/\/hypnosecoachinghamburg.com\/tr\/wp-json\/wp\/v2\/pages"}],"about":[{"href":"https:\/\/hypnosecoachinghamburg.com\/tr\/wp-json\/wp\/v2\/types\/page"}],"author":[{"embeddable":true,"href":"https:\/\/hypnosecoachinghamburg.com\/tr\/wp-json\/wp\/v2\/users\/1"}],"replies":[{"embeddable":true,"href":"https:\/\/hypnosecoachinghamburg.com\/tr\/wp-json\/wp\/v2\/comments?post=1524"}],"version-history":[{"count":7,"href":"https:\/\/hypnosecoachinghamburg.com\/tr\/wp-json\/wp\/v2\/pages\/1524\/revisions"}],"predecessor-version":[{"id":1734,"href":"https:\/\/hypnosecoachinghamburg.com\/tr\/wp-json\/wp\/v2\/pages\/1524\/revisions\/1734"}],"wp:featuredmedia":[{"embeddable":true,"href":"https:\/\/hypnosecoachinghamburg.com\/tr\/wp-json\/wp\/v2\/media\/1691"}],"wp:attachment":[{"href":"https:\/\/hypnosecoachinghamburg.com\/tr\/wp-json\/wp\/v2\/media?parent=1524"}],"curies":[{"name":"wp","href":"https:\/\/api.w.org\/{rel}","templated":true}]}}