{"id":1522,"date":"2024-05-25T11:56:45","date_gmt":"2024-05-25T08:56:45","guid":{"rendered":"http:\/\/nra.demoadresi.com\/?page_id=1522"},"modified":"2024-05-25T22:49:26","modified_gmt":"2024-05-25T19:49:26","slug":"hasta-merkezli-konusma-terapisi","status":"publish","type":"page","link":"https:\/\/hypnosecoachinghamburg.com\/tr\/hasta-merkezli-konusma-terapisi\/","title":{"rendered":"Hasta Merkezli Konu\u015fma Terapisi"},"content":{"rendered":"<p>[vc_row][vc_column][vc_column_text]<\/p>\n<h1><img loading=\"lazy\" decoding=\"async\" class=\"alignnone size-medium wp-image-1690\" src=\"https:\/\/hypnosecoachinghamburg.com\/tr\/wp-content\/uploads\/2020\/02\/pexels-akil-mazumder-1072824-300x200.jpg\" alt=\"\" width=\"300\" height=\"200\" srcset=\"https:\/\/hypnosecoachinghamburg.com\/tr\/wp-content\/uploads\/2020\/02\/pexels-akil-mazumder-1072824-300x200.jpg 300w, https:\/\/hypnosecoachinghamburg.com\/tr\/wp-content\/uploads\/2020\/02\/pexels-akil-mazumder-1072824-1024x683.jpg 1024w, https:\/\/hypnosecoachinghamburg.com\/tr\/wp-content\/uploads\/2020\/02\/pexels-akil-mazumder-1072824-1536x1024.jpg 1536w, https:\/\/hypnosecoachinghamburg.com\/tr\/wp-content\/uploads\/2020\/02\/pexels-akil-mazumder-1072824-270x180.jpg 270w, https:\/\/hypnosecoachinghamburg.com\/tr\/wp-content\/uploads\/2020\/02\/pexels-akil-mazumder-1072824-770x515.jpg 770w, https:\/\/hypnosecoachinghamburg.com\/tr\/wp-content\/uploads\/2020\/02\/pexels-akil-mazumder-1072824-768x512.jpg 768w\" sizes=\"auto, (max-width: 300px) 100vw, 300px\" \/><\/h1>\n<h1>Hastan\u0131n merkezde oldu\u011fu konu\u015fma terapisi<\/h1>\n<p>Ki\u015finin merkezde oldu\u011fu yakla\u015f\u0131m, yeti\u015fkinler ve \u00e7ocuklar ile psikoterapi ve padagojik \u00e7al\u0131\u015fmalar sayesinde Amerikal\u0131 psikolog Carl R Rogers (1902-1987) taraf\u0131ndan geli\u015ftirilmi\u015ftir: psikoterapi ve dan\u0131\u015fman\u0131n merkezinde sorun de\u011fil de, ki\u015fi bulunmaktad\u0131r. \u0130nsanlar psikoterapi ve dan\u0131\u015fmanl\u0131k esnas\u0131nda sakl\u0131 becerilerini geli\u015ftirme konusunda ve sorunlar\u0131 i\u00e7in kendi ba\u015flar\u0131na \u00e7\u00f6z\u00fcmler bulma hususunda bilgi edinip bunu \u00f6\u011freniyorlar.<\/p>\n<p>Terapist dan\u0131\u015fana kar\u015f\u0131 a\u015fa\u011f\u0131daki bi\u00e7imde yakla\u015fmaktad\u0131r:<\/p>\n<ul>\n<li>pozitif de\u011fer verme ve sayg\u0131<\/li>\n<li>\u00f6n yarg\u0131s\u0131z ve onu hayat\u0131ndaki ba\u011flamlardan anlamaktad\u0131r<\/li>\n<li>herhangi bir duvar olmamaks\u0131z\u0131n ve ayn\u0131 seviyede. Dan\u0131\u015fan terapisti ger\u00e7ek bir ki\u015fi olarak tecr\u00fcbe edebilmektedir.<\/li>\n<\/ul>\n<p>&nbsp;<\/p>\n<p>Bu \u015fekilde \u015fekillendirilmi\u015f olan bir ili\u015fki, hastan\u0131n kendisini daha iyi anlamas\u0131na ve kabul etmesine olanak sa\u011flamaktad\u0131r. \u201a\u0130li\u015fkinin g\u00fcc\u00fcn\u00fcn\u2018 (Rogers) merkezi bir anlam\u0131 mevcuttur. Yararl\u0131 bir ili\u015fkinin olu\u015fmas\u0131, psikoterapi \u00e7al\u0131\u015fmas\u0131n\u0131n ve dan\u0131\u015fman\u0131n ba\u015far\u0131s\u0131 i\u00e7in belirleyicidir. \u0130nsanlar\u0131n b\u00fcy\u00fcmeye dair g\u00fc\u00e7leri geli\u015ftirmeleri ve sorunlarla (semptomlarla) daha iyi ba\u015fa \u00e7\u0131kabilmeleri i\u00e7in de bir temeli olu\u015fturmaktad\u0131r.<\/p>\n<p>&nbsp;<\/p>\n<p><a href=\"http:\/\/carlrrogers.org\/\">Carl Rogers Website Home (carlrrogers.org)<\/a><\/p>\n<p>Hemen randevu al\u0131n\u0131z![\/vc_column_text][\/vc_column][\/vc_row]<\/p>\n","protected":false},"excerpt":{"rendered":"<p>[vc_row][vc_column][vc_column_text] Hastan\u0131n merkezde oldu\u011fu konu\u015fma terapisi Ki\u015finin merkezde oldu\u011fu yakla\u015f\u0131m, yeti\u015fkinler ve \u00e7ocuklar ile psikoterapi ve padagojik \u00e7al\u0131\u015fmalar sayesinde Amerikal\u0131 psikolog Carl R Rogers (1902-1987) taraf\u0131ndan geli\u015ftirilmi\u015ftir: psikoterapi ve dan\u0131\u015fman\u0131n merkezinde sorun de\u011fil de, ki\u015fi bulunmaktad\u0131r. \u0130nsanlar psikoterapi ve dan\u0131\u015fmanl\u0131k esnas\u0131nda sakl\u0131 becerilerini geli\u015ftirme konusunda ve sorunlar\u0131 i\u00e7in kendi ba\u015flar\u0131na \u00e7\u00f6z\u00fcmler bulma hususunda bilgi edinip <\/p>\n","protected":false},"author":1,"featured_media":1402,"parent":0,"menu_order":0,"comment_status":"closed","ping_status":"closed","template":"page-blocks.php","meta":{"_exactmetrics_skip_tracking":false,"_exactmetrics_sitenote_active":false,"_exactmetrics_sitenote_note":"","_exactmetrics_sitenote_category":0,"_joinchat":[],"footnotes":""},"class_list":["post-1522","page","type-page","status-publish","has-post-thumbnail"],"yoast_head":"<!-- This site is optimized with the Yoast SEO plugin v25.1 - https:\/\/yoast.com\/wordpress\/plugins\/seo\/ -->\n<title>Hastan\u0131n konu\u015fma terapisi<\/title>\n<meta name=\"description\" content=\"Ki\u015finin merkezde oldu\u011fu yakla\u015f\u0131m, yeti\u015fkinler ve \u00e7ocuklar ile psikoterapi ve padagojik \u00e7al\u0131\u015fmalar sayesinde bu teknik geli\u015ftirilmi\u015ftir\" \/>\n<meta name=\"robots\" content=\"index, follow, max-snippet:-1, max-image-preview:large, max-video-preview:-1\" \/>\n<link rel=\"canonical\" href=\"https:\/\/hypnosecoachinghamburg.com\/tr\/hasta-merkezli-konusma-terapisi\/\" \/>\n<meta property=\"og:locale\" content=\"tr_TR\" \/>\n<meta property=\"og:type\" content=\"article\" \/>\n<meta property=\"og:title\" content=\"Hastan\u0131n konu\u015fma terapisi\" \/>\n<meta property=\"og:description\" content=\"Ki\u015finin merkezde oldu\u011fu yakla\u015f\u0131m, yeti\u015fkinler ve \u00e7ocuklar ile psikoterapi ve padagojik \u00e7al\u0131\u015fmalar sayesinde bu teknik geli\u015ftirilmi\u015ftir\" \/>\n<meta property=\"og:url\" content=\"https:\/\/hypnosecoachinghamburg.com\/tr\/hasta-merkezli-konusma-terapisi\/\" \/>\n<meta property=\"og:site_name\" content=\"NRA\" \/>\n<meta property=\"article:publisher\" content=\"https:\/\/www.facebook.com\/naciyerafiq.arli\" \/>\n<meta property=\"article:modified_time\" content=\"2024-05-25T19:49:26+00:00\" \/>\n<meta property=\"og:image\" content=\"https:\/\/hypnosecoachinghamburg.com\/tr\/wp-content\/uploads\/2019\/07\/praxis-6.jpg\" \/>\n\t<meta property=\"og:image:width\" content=\"1328\" \/>\n\t<meta property=\"og:image:height\" content=\"747\" \/>\n\t<meta property=\"og:image:type\" content=\"image\/jpeg\" \/>\n<meta name=\"twitter:card\" content=\"summary_large_image\" \/>\n<meta name=\"twitter:label1\" content=\"Tahmini okuma s\u00fcresi\" \/>\n\t<meta name=\"twitter:data1\" content=\"2 dakika\" \/>\n<script type=\"application\/ld+json\" class=\"yoast-schema-graph\">{\"@context\":\"https:\/\/schema.org\",\"@graph\":[{\"@type\":\"WebPage\",\"@id\":\"https:\/\/hypnosecoachinghamburg.com\/tr\/hasta-merkezli-konusma-terapisi\/\",\"url\":\"https:\/\/hypnosecoachinghamburg.com\/tr\/hasta-merkezli-konusma-terapisi\/\",\"name\":\"Hastan\u0131n konu\u015fma terapisi\",\"isPartOf\":{\"@id\":\"https:\/\/hypnosecoachinghamburg.com\/tr\/#website\"},\"primaryImageOfPage\":{\"@id\":\"https:\/\/hypnosecoachinghamburg.com\/tr\/hasta-merkezli-konusma-terapisi\/#primaryimage\"},\"image\":{\"@id\":\"https:\/\/hypnosecoachinghamburg.com\/tr\/hasta-merkezli-konusma-terapisi\/#primaryimage\"},\"thumbnailUrl\":\"https:\/\/hypnosecoachinghamburg.com\/tr\/wp-content\/uploads\/2019\/07\/praxis-6.jpg\",\"datePublished\":\"2024-05-25T08:56:45+00:00\",\"dateModified\":\"2024-05-25T19:49:26+00:00\",\"description\":\"Ki\u015finin merkezde oldu\u011fu yakla\u015f\u0131m, yeti\u015fkinler ve \u00e7ocuklar ile psikoterapi ve padagojik \u00e7al\u0131\u015fmalar sayesinde bu teknik geli\u015ftirilmi\u015ftir\",\"breadcrumb\":{\"@id\":\"https:\/\/hypnosecoachinghamburg.com\/tr\/hasta-merkezli-konusma-terapisi\/#breadcrumb\"},\"inLanguage\":\"tr\",\"potentialAction\":[{\"@type\":\"ReadAction\",\"target\":[\"https:\/\/hypnosecoachinghamburg.com\/tr\/hasta-merkezli-konusma-terapisi\/\"]}]},{\"@type\":\"ImageObject\",\"inLanguage\":\"tr\",\"@id\":\"https:\/\/hypnosecoachinghamburg.com\/tr\/hasta-merkezli-konusma-terapisi\/#primaryimage\",\"url\":\"https:\/\/hypnosecoachinghamburg.com\/tr\/wp-content\/uploads\/2019\/07\/praxis-6.jpg\",\"contentUrl\":\"https:\/\/hypnosecoachinghamburg.com\/tr\/wp-content\/uploads\/2019\/07\/praxis-6.jpg\",\"width\":1328,\"height\":747},{\"@type\":\"BreadcrumbList\",\"@id\":\"https:\/\/hypnosecoachinghamburg.com\/tr\/hasta-merkezli-konusma-terapisi\/#breadcrumb\",\"itemListElement\":[{\"@type\":\"ListItem\",\"position\":1,\"name\":\"Anasayfa\",\"item\":\"https:\/\/hypnosecoachinghamburg.com\/tr\/\"},{\"@type\":\"ListItem\",\"position\":2,\"name\":\"Hasta Merkezli Konu\u015fma Terapisi\"}]},{\"@type\":\"WebSite\",\"@id\":\"https:\/\/hypnosecoachinghamburg.com\/tr\/#website\",\"url\":\"https:\/\/hypnosecoachinghamburg.com\/tr\/\",\"name\":\"NRA\",\"description\":\"Psikoterapi Alan\u0131nda Do\u011fal Tedavi Uzman\u0131 &amp; Hipnoz Terapisti\",\"publisher\":{\"@id\":\"https:\/\/hypnosecoachinghamburg.com\/tr\/#organization\"},\"potentialAction\":[{\"@type\":\"SearchAction\",\"target\":{\"@type\":\"EntryPoint\",\"urlTemplate\":\"https:\/\/hypnosecoachinghamburg.com\/tr\/?s={search_term_string}\"},\"query-input\":{\"@type\":\"PropertyValueSpecification\",\"valueRequired\":true,\"valueName\":\"search_term_string\"}}],\"inLanguage\":\"tr\"},{\"@type\":\"Organization\",\"@id\":\"https:\/\/hypnosecoachinghamburg.com\/tr\/#organization\",\"name\":\"NRA\",\"url\":\"https:\/\/hypnosecoachinghamburg.com\/tr\/\",\"logo\":{\"@type\":\"ImageObject\",\"inLanguage\":\"tr\",\"@id\":\"https:\/\/hypnosecoachinghamburg.com\/tr\/#\/schema\/logo\/image\/\",\"url\":\"https:\/\/hypnosecoachinghamburg.com\/tr\/wp-content\/uploads\/2019\/07\/logo-nra.png\",\"contentUrl\":\"https:\/\/hypnosecoachinghamburg.com\/tr\/wp-content\/uploads\/2019\/07\/logo-nra.png\",\"width\":681,\"height\":521,\"caption\":\"NRA\"},\"image\":{\"@id\":\"https:\/\/hypnosecoachinghamburg.com\/tr\/#\/schema\/logo\/image\/\"},\"sameAs\":[\"https:\/\/www.facebook.com\/naciyerafiq.arli\",\"https:\/\/www.instagram.com\/hypnosepraxishamburg\/\"]}]}<\/script>\n<!-- \/ Yoast SEO plugin. -->","yoast_head_json":{"title":"Hastan\u0131n konu\u015fma terapisi","description":"Ki\u015finin merkezde oldu\u011fu yakla\u015f\u0131m, yeti\u015fkinler ve \u00e7ocuklar ile psikoterapi ve padagojik \u00e7al\u0131\u015fmalar sayesinde bu teknik geli\u015ftirilmi\u015ftir","robots":{"index":"index","follow":"follow","max-snippet":"max-snippet:-1","max-image-preview":"max-image-preview:large","max-video-preview":"max-video-preview:-1"},"canonical":"https:\/\/hypnosecoachinghamburg.com\/tr\/hasta-merkezli-konusma-terapisi\/","og_locale":"tr_TR","og_type":"article","og_title":"Hastan\u0131n konu\u015fma terapisi","og_description":"Ki\u015finin merkezde oldu\u011fu yakla\u015f\u0131m, yeti\u015fkinler ve \u00e7ocuklar ile psikoterapi ve padagojik \u00e7al\u0131\u015fmalar sayesinde bu teknik geli\u015ftirilmi\u015ftir","og_url":"https:\/\/hypnosecoachinghamburg.com\/tr\/hasta-merkezli-konusma-terapisi\/","og_site_name":"NRA","article_publisher":"https:\/\/www.facebook.com\/naciyerafiq.arli","article_modified_time":"2024-05-25T19:49:26+00:00","og_image":[{"width":1328,"height":747,"url":"https:\/\/hypnosecoachinghamburg.com\/tr\/wp-content\/uploads\/2019\/07\/praxis-6.jpg","type":"image\/jpeg"}],"twitter_card":"summary_large_image","twitter_misc":{"Tahmini okuma s\u00fcresi":"2 dakika"},"schema":{"@context":"https:\/\/schema.org","@graph":[{"@type":"WebPage","@id":"https:\/\/hypnosecoachinghamburg.com\/tr\/hasta-merkezli-konusma-terapisi\/","url":"https:\/\/hypnosecoachinghamburg.com\/tr\/hasta-merkezli-konusma-terapisi\/","name":"Hastan\u0131n konu\u015fma terapisi","isPartOf":{"@id":"https:\/\/hypnosecoachinghamburg.com\/tr\/#website"},"primaryImageOfPage":{"@id":"https:\/\/hypnosecoachinghamburg.com\/tr\/hasta-merkezli-konusma-terapisi\/#primaryimage"},"image":{"@id":"https:\/\/hypnosecoachinghamburg.com\/tr\/hasta-merkezli-konusma-terapisi\/#primaryimage"},"thumbnailUrl":"https:\/\/hypnosecoachinghamburg.com\/tr\/wp-content\/uploads\/2019\/07\/praxis-6.jpg","datePublished":"2024-05-25T08:56:45+00:00","dateModified":"2024-05-25T19:49:26+00:00","description":"Ki\u015finin merkezde oldu\u011fu yakla\u015f\u0131m, yeti\u015fkinler ve \u00e7ocuklar ile psikoterapi ve padagojik \u00e7al\u0131\u015fmalar sayesinde bu teknik geli\u015ftirilmi\u015ftir","breadcrumb":{"@id":"https:\/\/hypnosecoachinghamburg.com\/tr\/hasta-merkezli-konusma-terapisi\/#breadcrumb"},"inLanguage":"tr","potentialAction":[{"@type":"ReadAction","target":["https:\/\/hypnosecoachinghamburg.com\/tr\/hasta-merkezli-konusma-terapisi\/"]}]},{"@type":"ImageObject","inLanguage":"tr","@id":"https:\/\/hypnosecoachinghamburg.com\/tr\/hasta-merkezli-konusma-terapisi\/#primaryimage","url":"https:\/\/hypnosecoachinghamburg.com\/tr\/wp-content\/uploads\/2019\/07\/praxis-6.jpg","contentUrl":"https:\/\/hypnosecoachinghamburg.com\/tr\/wp-content\/uploads\/2019\/07\/praxis-6.jpg","width":1328,"height":747},{"@type":"BreadcrumbList","@id":"https:\/\/hypnosecoachinghamburg.com\/tr\/hasta-merkezli-konusma-terapisi\/#breadcrumb","itemListElement":[{"@type":"ListItem","position":1,"name":"Anasayfa","item":"https:\/\/hypnosecoachinghamburg.com\/tr\/"},{"@type":"ListItem","position":2,"name":"Hasta Merkezli Konu\u015fma Terapisi"}]},{"@type":"WebSite","@id":"https:\/\/hypnosecoachinghamburg.com\/tr\/#website","url":"https:\/\/hypnosecoachinghamburg.com\/tr\/","name":"NRA","description":"Psikoterapi Alan\u0131nda Do\u011fal Tedavi Uzman\u0131 &amp; Hipnoz Terapisti","publisher":{"@id":"https:\/\/hypnosecoachinghamburg.com\/tr\/#organization"},"potentialAction":[{"@type":"SearchAction","target":{"@type":"EntryPoint","urlTemplate":"https:\/\/hypnosecoachinghamburg.com\/tr\/?s={search_term_string}"},"query-input":{"@type":"PropertyValueSpecification","valueRequired":true,"valueName":"search_term_string"}}],"inLanguage":"tr"},{"@type":"Organization","@id":"https:\/\/hypnosecoachinghamburg.com\/tr\/#organization","name":"NRA","url":"https:\/\/hypnosecoachinghamburg.com\/tr\/","logo":{"@type":"ImageObject","inLanguage":"tr","@id":"https:\/\/hypnosecoachinghamburg.com\/tr\/#\/schema\/logo\/image\/","url":"https:\/\/hypnosecoachinghamburg.com\/tr\/wp-content\/uploads\/2019\/07\/logo-nra.png","contentUrl":"https:\/\/hypnosecoachinghamburg.com\/tr\/wp-content\/uploads\/2019\/07\/logo-nra.png","width":681,"height":521,"caption":"NRA"},"image":{"@id":"https:\/\/hypnosecoachinghamburg.com\/tr\/#\/schema\/logo\/image\/"},"sameAs":["https:\/\/www.facebook.com\/naciyerafiq.arli","https:\/\/www.instagram.com\/hypnosepraxishamburg\/"]}]}},"_links":{"self":[{"href":"https:\/\/hypnosecoachinghamburg.com\/tr\/wp-json\/wp\/v2\/pages\/1522","targetHints":{"allow":["GET"]}}],"collection":[{"href":"https:\/\/hypnosecoachinghamburg.com\/tr\/wp-json\/wp\/v2\/pages"}],"about":[{"href":"https:\/\/hypnosecoachinghamburg.com\/tr\/wp-json\/wp\/v2\/types\/page"}],"author":[{"embeddable":true,"href":"https:\/\/hypnosecoachinghamburg.com\/tr\/wp-json\/wp\/v2\/users\/1"}],"replies":[{"embeddable":true,"href":"https:\/\/hypnosecoachinghamburg.com\/tr\/wp-json\/wp\/v2\/comments?post=1522"}],"version-history":[{"count":7,"href":"https:\/\/hypnosecoachinghamburg.com\/tr\/wp-json\/wp\/v2\/pages\/1522\/revisions"}],"predecessor-version":[{"id":1699,"href":"https:\/\/hypnosecoachinghamburg.com\/tr\/wp-json\/wp\/v2\/pages\/1522\/revisions\/1699"}],"wp:featuredmedia":[{"embeddable":true,"href":"https:\/\/hypnosecoachinghamburg.com\/tr\/wp-json\/wp\/v2\/media\/1402"}],"wp:attachment":[{"href":"https:\/\/hypnosecoachinghamburg.com\/tr\/wp-json\/wp\/v2\/media?parent=1522"}],"curies":[{"name":"wp","href":"https:\/\/api.w.org\/{rel}","templated":true}]}}