{"id":1516,"date":"2024-05-15T11:52:59","date_gmt":"2024-05-15T08:52:59","guid":{"rendered":"http:\/\/nra.demoadresi.com\/?page_id=1516"},"modified":"2024-05-25T23:13:10","modified_gmt":"2024-05-25T20:13:10","slug":"psikolojik-danismanlik","status":"publish","type":"page","link":"https:\/\/hypnosecoachinghamburg.com\/tr\/psikolojik-danismanlik\/","title":{"rendered":"Psikolojik Dan\u0131\u015fmanl\u0131k"},"content":{"rendered":"<p>[vc_row][vc_column][vc_column_text]<\/p>\n<h1>Hamburg\u2019ta psikolojik dan\u0131\u015fmanl\u0131k<\/h1>\n<h2>Psikolojik dan\u0131\u015fmanl\u0131k<\/h2>\n<p>Hayat \u015fartlar\u0131 de\u011fi\u015fmi\u015ftir ve hayatta yeni bir y\u00f6nelim ve yeni bir d\u00fczene ihtiya\u00e7 ortaya \u00e7\u0131km\u0131\u015ft\u0131r. Memnuniyetsizlik, korkular, tedirginlikler ve mutsuzluk \u00e7o\u011falm\u0131\u015ft\u0131r ve \u00f6yle b\u00fcy\u00fcm\u00fc\u015flerdir ki, adeta insan\u0131 bo\u011fmaktad\u0131rlar.<\/p>\n<p>Kararlar\u0131n al\u0131nmas\u0131 gerekiyor, fakat kendi karar\u0131n\u0131n do\u011fru olup olmad\u0131\u011f\u0131na ili\u015fkin karars\u0131zl\u0131k sebebiyle ise her \u015feyi paralize eden bir donup kalma durumu meydana gelmektedir.<\/p>\n<p>Bu tarz ko\u015fullar alt\u0131nda insanlar kendilerini olabildi\u011fince stabilize etmeye \u00e7al\u0131\u015f\u0131p, g\u00f6revlerini yerine getirmeye \u00e7al\u0131\u015f\u0131yorlar. Bunun i\u00e7in de k\u0131sa vadede mant\u0131kl\u0131 olan, fakat uzun vadede ise hayat kalitesini olduk\u00e7a azaltan davran\u0131\u015f bi\u00e7imlerini kullanmaktay\u0131z.<\/p>\n<p>Bu a\u015famada profesyonel yard\u0131m almak yararl\u0131 olacakt\u0131r, zira bu davran\u0131\u015f bi\u00e7imlerinin kal\u0131plara d\u00f6nme ve semptom olarak adland\u0131r\u0131lan duruma d\u00f6n\u00fc\u015fme e\u011filimi s\u00f6z konusudur.<\/p>\n<p>\u00c7o\u011fu hususun ortak y\u00f6nleri mevcuttur:<\/p>\n<p>Bizi k\u0131s\u0131tl\u0131yorlar, bizi bloke ediyorlar, bizim \u00f6zg\u00fcr ya\u015famam\u0131za imkan vermiyorlar, g\u00fcc\u00fcm\u00fcz\u00fc t\u00fcketiyorlar ve hayattaki ger\u00e7ekten g\u00fczel \u015feylere olan g\u00f6r\u00fc\u015f\u00fcm\u00fcz\u00fc engelliyorlar.<\/p>\n<p>Bir semptom, olmayan bir ili\u015fki durumu, mesleki hayat\u0131n\u0131zdaki sorunlar, stres, sigara i\u00e7me, kilo fazlal\u0131\u011f\u0131 vb. nedeniyle bir dan\u0131\u015fma m\u0131 arzu ediyorsunuz?<\/p>\n<p>Hayat\u0131n\u0131zda bir de\u011fi\u015fiklik mi arzu ediyorsunuz? Hayat\u0131n\u0131zda yeni perspektiflere ve yollara m\u0131 ihtiya\u00e7 duyuyorsunuz?<\/p>\n<p>Size memnuniyetle sebepleri tespit etmek i\u00e7in destek olarak \u00e7\u00f6z\u00fcm \u00f6nerilerinde ve tedavi \u00e7e\u015fitlerini de\u011ferlendirmede yard\u0131mc\u0131 olabilirim.<\/p>\n<p><em><strong>Hemen randevu al\u0131n\u0131z!<\/strong><\/em>[\/vc_column_text][\/vc_column][\/vc_row]<\/p>\n","protected":false},"excerpt":{"rendered":"<p>[vc_row][vc_column][vc_column_text] Hamburg\u2019ta psikolojik dan\u0131\u015fmanl\u0131k Psikolojik dan\u0131\u015fmanl\u0131k Hayat \u015fartlar\u0131 de\u011fi\u015fmi\u015ftir ve hayatta yeni bir y\u00f6nelim ve yeni bir d\u00fczene ihtiya\u00e7 ortaya \u00e7\u0131km\u0131\u015ft\u0131r. Memnuniyetsizlik, korkular, tedirginlikler ve mutsuzluk \u00e7o\u011falm\u0131\u015ft\u0131r ve \u00f6yle b\u00fcy\u00fcm\u00fc\u015flerdir ki, adeta insan\u0131 bo\u011fmaktad\u0131rlar. Kararlar\u0131n al\u0131nmas\u0131 gerekiyor, fakat kendi karar\u0131n\u0131n do\u011fru olup olmad\u0131\u011f\u0131na ili\u015fkin karars\u0131zl\u0131k sebebiyle ise her \u015feyi paralize eden bir donup kalma durumu <\/p>\n","protected":false},"author":1,"featured_media":1730,"parent":0,"menu_order":0,"comment_status":"closed","ping_status":"closed","template":"page-blocks.php","meta":{"_exactmetrics_skip_tracking":false,"_exactmetrics_sitenote_active":false,"_exactmetrics_sitenote_note":"","_exactmetrics_sitenote_category":0,"_joinchat":[],"footnotes":""},"class_list":["post-1516","page","type-page","status-publish","has-post-thumbnail"],"yoast_head":"<!-- This site is optimized with the Yoast SEO plugin v25.1 - https:\/\/yoast.com\/wordpress\/plugins\/seo\/ -->\n<title>Hamburg`da t\u00fcrkce piskolojik danismanlik<\/title>\n<meta name=\"description\" content=\"Psikolojik Dan\u0131\u015fmanda Olmas\u0131 Gereken \u00d6zellikler Anksiyete, ba\u011f\u0131ml\u0131l\u0131k, depresyon, evlilik sorunlar\u0131 ve stres gibi tan\u0131lar\u0131 olan..\" \/>\n<meta name=\"robots\" content=\"index, follow, max-snippet:-1, max-image-preview:large, max-video-preview:-1\" \/>\n<link rel=\"canonical\" href=\"https:\/\/hypnosecoachinghamburg.com\/tr\/psikolojik-danismanlik\/\" \/>\n<meta property=\"og:locale\" content=\"tr_TR\" \/>\n<meta property=\"og:type\" content=\"article\" \/>\n<meta property=\"og:title\" content=\"Hamburg`da t\u00fcrkce piskolojik danismanlik\" \/>\n<meta property=\"og:description\" content=\"Psikolojik Dan\u0131\u015fmanda Olmas\u0131 Gereken \u00d6zellikler Anksiyete, ba\u011f\u0131ml\u0131l\u0131k, depresyon, evlilik sorunlar\u0131 ve stres gibi tan\u0131lar\u0131 olan..\" \/>\n<meta property=\"og:url\" content=\"https:\/\/hypnosecoachinghamburg.com\/tr\/psikolojik-danismanlik\/\" \/>\n<meta property=\"og:site_name\" content=\"NRA\" \/>\n<meta property=\"article:publisher\" content=\"https:\/\/www.facebook.com\/naciyerafiq.arli\" \/>\n<meta property=\"article:modified_time\" content=\"2024-05-25T20:13:10+00:00\" \/>\n<meta property=\"og:image\" content=\"https:\/\/hypnosecoachinghamburg.com\/tr\/wp-content\/uploads\/2022\/10\/bret-kavanaugh-_af0_qAh4K4-unsplash-scaled.jpg\" \/>\n\t<meta property=\"og:image:width\" content=\"2560\" \/>\n\t<meta property=\"og:image:height\" content=\"1707\" \/>\n\t<meta property=\"og:image:type\" content=\"image\/jpeg\" \/>\n<meta name=\"twitter:card\" content=\"summary_large_image\" \/>\n<meta name=\"twitter:label1\" content=\"Tahmini okuma s\u00fcresi\" \/>\n\t<meta name=\"twitter:data1\" content=\"2 dakika\" \/>\n<script type=\"application\/ld+json\" class=\"yoast-schema-graph\">{\"@context\":\"https:\/\/schema.org\",\"@graph\":[{\"@type\":\"WebPage\",\"@id\":\"https:\/\/hypnosecoachinghamburg.com\/tr\/psikolojik-danismanlik\/\",\"url\":\"https:\/\/hypnosecoachinghamburg.com\/tr\/psikolojik-danismanlik\/\",\"name\":\"Hamburg`da t\u00fcrkce piskolojik danismanlik\",\"isPartOf\":{\"@id\":\"https:\/\/hypnosecoachinghamburg.com\/tr\/#website\"},\"primaryImageOfPage\":{\"@id\":\"https:\/\/hypnosecoachinghamburg.com\/tr\/psikolojik-danismanlik\/#primaryimage\"},\"image\":{\"@id\":\"https:\/\/hypnosecoachinghamburg.com\/tr\/psikolojik-danismanlik\/#primaryimage\"},\"thumbnailUrl\":\"https:\/\/hypnosecoachinghamburg.com\/tr\/wp-content\/uploads\/2022\/10\/bret-kavanaugh-_af0_qAh4K4-unsplash-scaled.jpg\",\"datePublished\":\"2024-05-15T08:52:59+00:00\",\"dateModified\":\"2024-05-25T20:13:10+00:00\",\"description\":\"Psikolojik Dan\u0131\u015fmanda Olmas\u0131 Gereken \u00d6zellikler Anksiyete, ba\u011f\u0131ml\u0131l\u0131k, depresyon, evlilik sorunlar\u0131 ve stres gibi tan\u0131lar\u0131 olan..\",\"breadcrumb\":{\"@id\":\"https:\/\/hypnosecoachinghamburg.com\/tr\/psikolojik-danismanlik\/#breadcrumb\"},\"inLanguage\":\"tr\",\"potentialAction\":[{\"@type\":\"ReadAction\",\"target\":[\"https:\/\/hypnosecoachinghamburg.com\/tr\/psikolojik-danismanlik\/\"]}]},{\"@type\":\"ImageObject\",\"inLanguage\":\"tr\",\"@id\":\"https:\/\/hypnosecoachinghamburg.com\/tr\/psikolojik-danismanlik\/#primaryimage\",\"url\":\"https:\/\/hypnosecoachinghamburg.com\/tr\/wp-content\/uploads\/2022\/10\/bret-kavanaugh-_af0_qAh4K4-unsplash-scaled.jpg\",\"contentUrl\":\"https:\/\/hypnosecoachinghamburg.com\/tr\/wp-content\/uploads\/2022\/10\/bret-kavanaugh-_af0_qAh4K4-unsplash-scaled.jpg\",\"width\":2560,\"height\":1707},{\"@type\":\"BreadcrumbList\",\"@id\":\"https:\/\/hypnosecoachinghamburg.com\/tr\/psikolojik-danismanlik\/#breadcrumb\",\"itemListElement\":[{\"@type\":\"ListItem\",\"position\":1,\"name\":\"Anasayfa\",\"item\":\"https:\/\/hypnosecoachinghamburg.com\/tr\/\"},{\"@type\":\"ListItem\",\"position\":2,\"name\":\"Psikolojik Dan\u0131\u015fmanl\u0131k\"}]},{\"@type\":\"WebSite\",\"@id\":\"https:\/\/hypnosecoachinghamburg.com\/tr\/#website\",\"url\":\"https:\/\/hypnosecoachinghamburg.com\/tr\/\",\"name\":\"NRA\",\"description\":\"Psikoterapi Alan\u0131nda Do\u011fal Tedavi Uzman\u0131 &amp; Hipnoz Terapisti\",\"publisher\":{\"@id\":\"https:\/\/hypnosecoachinghamburg.com\/tr\/#organization\"},\"potentialAction\":[{\"@type\":\"SearchAction\",\"target\":{\"@type\":\"EntryPoint\",\"urlTemplate\":\"https:\/\/hypnosecoachinghamburg.com\/tr\/?s={search_term_string}\"},\"query-input\":{\"@type\":\"PropertyValueSpecification\",\"valueRequired\":true,\"valueName\":\"search_term_string\"}}],\"inLanguage\":\"tr\"},{\"@type\":\"Organization\",\"@id\":\"https:\/\/hypnosecoachinghamburg.com\/tr\/#organization\",\"name\":\"NRA\",\"url\":\"https:\/\/hypnosecoachinghamburg.com\/tr\/\",\"logo\":{\"@type\":\"ImageObject\",\"inLanguage\":\"tr\",\"@id\":\"https:\/\/hypnosecoachinghamburg.com\/tr\/#\/schema\/logo\/image\/\",\"url\":\"https:\/\/hypnosecoachinghamburg.com\/tr\/wp-content\/uploads\/2019\/07\/logo-nra.png\",\"contentUrl\":\"https:\/\/hypnosecoachinghamburg.com\/tr\/wp-content\/uploads\/2019\/07\/logo-nra.png\",\"width\":681,\"height\":521,\"caption\":\"NRA\"},\"image\":{\"@id\":\"https:\/\/hypnosecoachinghamburg.com\/tr\/#\/schema\/logo\/image\/\"},\"sameAs\":[\"https:\/\/www.facebook.com\/naciyerafiq.arli\",\"https:\/\/www.instagram.com\/hypnosepraxishamburg\/\"]}]}<\/script>\n<!-- \/ Yoast SEO plugin. -->","yoast_head_json":{"title":"Hamburg`da t\u00fcrkce piskolojik danismanlik","description":"Psikolojik Dan\u0131\u015fmanda Olmas\u0131 Gereken \u00d6zellikler Anksiyete, ba\u011f\u0131ml\u0131l\u0131k, depresyon, evlilik sorunlar\u0131 ve stres gibi tan\u0131lar\u0131 olan..","robots":{"index":"index","follow":"follow","max-snippet":"max-snippet:-1","max-image-preview":"max-image-preview:large","max-video-preview":"max-video-preview:-1"},"canonical":"https:\/\/hypnosecoachinghamburg.com\/tr\/psikolojik-danismanlik\/","og_locale":"tr_TR","og_type":"article","og_title":"Hamburg`da t\u00fcrkce piskolojik danismanlik","og_description":"Psikolojik Dan\u0131\u015fmanda Olmas\u0131 Gereken \u00d6zellikler Anksiyete, ba\u011f\u0131ml\u0131l\u0131k, depresyon, evlilik sorunlar\u0131 ve stres gibi tan\u0131lar\u0131 olan..","og_url":"https:\/\/hypnosecoachinghamburg.com\/tr\/psikolojik-danismanlik\/","og_site_name":"NRA","article_publisher":"https:\/\/www.facebook.com\/naciyerafiq.arli","article_modified_time":"2024-05-25T20:13:10+00:00","og_image":[{"width":2560,"height":1707,"url":"https:\/\/hypnosecoachinghamburg.com\/tr\/wp-content\/uploads\/2022\/10\/bret-kavanaugh-_af0_qAh4K4-unsplash-scaled.jpg","type":"image\/jpeg"}],"twitter_card":"summary_large_image","twitter_misc":{"Tahmini okuma s\u00fcresi":"2 dakika"},"schema":{"@context":"https:\/\/schema.org","@graph":[{"@type":"WebPage","@id":"https:\/\/hypnosecoachinghamburg.com\/tr\/psikolojik-danismanlik\/","url":"https:\/\/hypnosecoachinghamburg.com\/tr\/psikolojik-danismanlik\/","name":"Hamburg`da t\u00fcrkce piskolojik danismanlik","isPartOf":{"@id":"https:\/\/hypnosecoachinghamburg.com\/tr\/#website"},"primaryImageOfPage":{"@id":"https:\/\/hypnosecoachinghamburg.com\/tr\/psikolojik-danismanlik\/#primaryimage"},"image":{"@id":"https:\/\/hypnosecoachinghamburg.com\/tr\/psikolojik-danismanlik\/#primaryimage"},"thumbnailUrl":"https:\/\/hypnosecoachinghamburg.com\/tr\/wp-content\/uploads\/2022\/10\/bret-kavanaugh-_af0_qAh4K4-unsplash-scaled.jpg","datePublished":"2024-05-15T08:52:59+00:00","dateModified":"2024-05-25T20:13:10+00:00","description":"Psikolojik Dan\u0131\u015fmanda Olmas\u0131 Gereken \u00d6zellikler Anksiyete, ba\u011f\u0131ml\u0131l\u0131k, depresyon, evlilik sorunlar\u0131 ve stres gibi tan\u0131lar\u0131 olan..","breadcrumb":{"@id":"https:\/\/hypnosecoachinghamburg.com\/tr\/psikolojik-danismanlik\/#breadcrumb"},"inLanguage":"tr","potentialAction":[{"@type":"ReadAction","target":["https:\/\/hypnosecoachinghamburg.com\/tr\/psikolojik-danismanlik\/"]}]},{"@type":"ImageObject","inLanguage":"tr","@id":"https:\/\/hypnosecoachinghamburg.com\/tr\/psikolojik-danismanlik\/#primaryimage","url":"https:\/\/hypnosecoachinghamburg.com\/tr\/wp-content\/uploads\/2022\/10\/bret-kavanaugh-_af0_qAh4K4-unsplash-scaled.jpg","contentUrl":"https:\/\/hypnosecoachinghamburg.com\/tr\/wp-content\/uploads\/2022\/10\/bret-kavanaugh-_af0_qAh4K4-unsplash-scaled.jpg","width":2560,"height":1707},{"@type":"BreadcrumbList","@id":"https:\/\/hypnosecoachinghamburg.com\/tr\/psikolojik-danismanlik\/#breadcrumb","itemListElement":[{"@type":"ListItem","position":1,"name":"Anasayfa","item":"https:\/\/hypnosecoachinghamburg.com\/tr\/"},{"@type":"ListItem","position":2,"name":"Psikolojik Dan\u0131\u015fmanl\u0131k"}]},{"@type":"WebSite","@id":"https:\/\/hypnosecoachinghamburg.com\/tr\/#website","url":"https:\/\/hypnosecoachinghamburg.com\/tr\/","name":"NRA","description":"Psikoterapi Alan\u0131nda Do\u011fal Tedavi Uzman\u0131 &amp; Hipnoz Terapisti","publisher":{"@id":"https:\/\/hypnosecoachinghamburg.com\/tr\/#organization"},"potentialAction":[{"@type":"SearchAction","target":{"@type":"EntryPoint","urlTemplate":"https:\/\/hypnosecoachinghamburg.com\/tr\/?s={search_term_string}"},"query-input":{"@type":"PropertyValueSpecification","valueRequired":true,"valueName":"search_term_string"}}],"inLanguage":"tr"},{"@type":"Organization","@id":"https:\/\/hypnosecoachinghamburg.com\/tr\/#organization","name":"NRA","url":"https:\/\/hypnosecoachinghamburg.com\/tr\/","logo":{"@type":"ImageObject","inLanguage":"tr","@id":"https:\/\/hypnosecoachinghamburg.com\/tr\/#\/schema\/logo\/image\/","url":"https:\/\/hypnosecoachinghamburg.com\/tr\/wp-content\/uploads\/2019\/07\/logo-nra.png","contentUrl":"https:\/\/hypnosecoachinghamburg.com\/tr\/wp-content\/uploads\/2019\/07\/logo-nra.png","width":681,"height":521,"caption":"NRA"},"image":{"@id":"https:\/\/hypnosecoachinghamburg.com\/tr\/#\/schema\/logo\/image\/"},"sameAs":["https:\/\/www.facebook.com\/naciyerafiq.arli","https:\/\/www.instagram.com\/hypnosepraxishamburg\/"]}]}},"_links":{"self":[{"href":"https:\/\/hypnosecoachinghamburg.com\/tr\/wp-json\/wp\/v2\/pages\/1516","targetHints":{"allow":["GET"]}}],"collection":[{"href":"https:\/\/hypnosecoachinghamburg.com\/tr\/wp-json\/wp\/v2\/pages"}],"about":[{"href":"https:\/\/hypnosecoachinghamburg.com\/tr\/wp-json\/wp\/v2\/types\/page"}],"author":[{"embeddable":true,"href":"https:\/\/hypnosecoachinghamburg.com\/tr\/wp-json\/wp\/v2\/users\/1"}],"replies":[{"embeddable":true,"href":"https:\/\/hypnosecoachinghamburg.com\/tr\/wp-json\/wp\/v2\/comments?post=1516"}],"version-history":[{"count":3,"href":"https:\/\/hypnosecoachinghamburg.com\/tr\/wp-json\/wp\/v2\/pages\/1516\/revisions"}],"predecessor-version":[{"id":1683,"href":"https:\/\/hypnosecoachinghamburg.com\/tr\/wp-json\/wp\/v2\/pages\/1516\/revisions\/1683"}],"wp:featuredmedia":[{"embeddable":true,"href":"https:\/\/hypnosecoachinghamburg.com\/tr\/wp-json\/wp\/v2\/media\/1730"}],"wp:attachment":[{"href":"https:\/\/hypnosecoachinghamburg.com\/tr\/wp-json\/wp\/v2\/media?parent=1516"}],"curies":[{"name":"wp","href":"https:\/\/api.w.org\/{rel}","templated":true}]}}