{"id":1513,"date":"2024-05-25T11:50:29","date_gmt":"2024-05-25T08:50:29","guid":{"rendered":"http:\/\/nra.demoadresi.com\/?page_id=1513"},"modified":"2024-05-25T22:50:54","modified_gmt":"2024-05-25T19:50:54","slug":"hipnoz-tedavisi-kocluk","status":"publish","type":"page","link":"https:\/\/hypnosecoachinghamburg.com\/tr\/hipnoz-tedavisi-kocluk\/","title":{"rendered":"Hipnoz Tedavisi &#038; Ko\u00e7luk"},"content":{"rendered":"<p>[vc_row][vc_column][vc_column_text]<\/p>\n<h2><\/h2>\n<h1>Hipnoz Tedavisi &amp; Ko\u00e7luk<\/h1>\n<h3>Uygulama \u00d6rnekleri<\/h3>\n<h4>Hipnoz Tedavisi<\/h4>\n<ul>\n<li>Korku Bozukluklar\u0131<\/li>\n<li>Uyum Sa\u011flama &amp; Sorumluluk Y\u00fckleme Bozuklu\u011fu<\/li>\n<li>T\u00fckeni\u015f<\/li>\n<li>Depresyonlar<\/li>\n<li>U\u00e7ma Korkusu<\/li>\n<li>D\u00fc\u015f\u00fck Ya\u015fam Sevinci<\/li>\n<li>Do\u011fuma Haz\u0131rl\u0131k<\/li>\n<li>Zay\u0131flama<\/li>\n<li>\u00c7ocuk Arzusu<\/li>\n<li>Panik Ataklar<\/li>\n<li>Fobiler<\/li>\n<li>Piskosomatik Hastal\u0131klar<\/li>\n<li>S\u0131nav Haz\u0131rl\u0131\u011f\u0131 &amp; S\u0131nav Korkusu \/ Sahne Korkusu<\/li>\n<li>Sigaray\u0131 B\u0131rakma<\/li>\n<li>Uyku Bozuklu\u011fu<\/li>\n<li>Somatizasyon Bozukluklar\u0131<\/li>\n<li>\u00dcz\u00fcnt\u00fc<\/li>\n<li>G\u00fc\u00e7 ve Zindelik Kayb\u0131<\/li>\n<\/ul>\n<h4>Hipnoz Ko\u00e7lu\u011fu<\/h4>\n<ul>\n<li>Ki\u015filik Geli\u015fimi<\/li>\n<li>Hedefleri Tutturmak<\/li>\n<li>Engelleri A\u015fmak<\/li>\n<li>Ailesel \u00c7at\u0131\u015fmalarda Destek<\/li>\n<li>Krizle Ba\u015fa \u00c7\u0131kma (Kriz M\u00fcdahalesi)<\/li>\n<li>Davran\u0131\u015f ve d\u00fc\u015f\u00fcnce \u00f6rneklerinin de\u011fi\u015fimi<\/li>\n<li>\u0130li\u015fki \u00f6rneklerinin de\u011fi\u015fimi de\u011fi\u015fimi<\/li>\n<li>Baz\u0131 yeteneklerin g\u00fc\u00e7lendirilmesi<\/li>\n<li>Karar Verme Yard\u0131mc\u0131 \/ Karars\u0131zl\u0131k<\/li>\n<li>Bilin\u00e7alt\u0131n\u0131n Ar\u0131nd\u0131r\u0131lmas\u0131 \/ Yeniden programland\u0131rma<\/li>\n<li>Kendini Tedavi Etme G\u00fcc\u00fcn\u00fcn Etkinle\u015ftirilmesi<\/li>\n<li>Stresle Ba\u015fa \u00c7\u0131kma \/ Derinden Rahatlama<\/li>\n<li>Life-Work-Balance<\/li>\n<\/ul>\n<p>Bu sayfalarda bulamad\u0131\u011f\u0131n\u0131z bir \u015fikayetiniz varsa beni gizlilik ilkesi \u00e7er\u00e7evesinde aray\u0131n\u0131z. Size memnuniyetle cevap verir ve sorular\u0131n\u0131z\u0131 yan\u0131tlar\u0131m.<\/p>\n<p>Yukar\u0131da yer alan uygulama \u00f6rnekleri oryantasyon i\u00e7indir. \u00c7\u00fcnk\u00fc t\u00fcm konular\u0131 listelemek olduk\u00e7a zordur..<\/p>\n<p><em><strong>\u015eimdi randevu al\u0131n!<\/strong><\/em>[\/vc_column_text][\/vc_column][\/vc_row]<\/p>\n","protected":false},"excerpt":{"rendered":"<p>[vc_row][vc_column][vc_column_text] Hipnoz Tedavisi &amp; Ko\u00e7luk Uygulama \u00d6rnekleri Hipnoz Tedavisi Korku Bozukluklar\u0131 Uyum Sa\u011flama &amp; Sorumluluk Y\u00fckleme Bozuklu\u011fu T\u00fckeni\u015f Depresyonlar U\u00e7ma Korkusu D\u00fc\u015f\u00fck Ya\u015fam Sevinci Do\u011fuma Haz\u0131rl\u0131k Zay\u0131flama \u00c7ocuk Arzusu Panik Ataklar Fobiler Piskosomatik Hastal\u0131klar S\u0131nav Haz\u0131rl\u0131\u011f\u0131 &amp; S\u0131nav Korkusu \/ Sahne Korkusu Sigaray\u0131 B\u0131rakma Uyku Bozuklu\u011fu Somatizasyon Bozukluklar\u0131 \u00dcz\u00fcnt\u00fc G\u00fc\u00e7 ve Zindelik Kayb\u0131 Hipnoz Ko\u00e7lu\u011fu <\/p>\n","protected":false},"author":1,"featured_media":1706,"parent":0,"menu_order":0,"comment_status":"closed","ping_status":"closed","template":"page-blocks.php","meta":{"_exactmetrics_skip_tracking":false,"_exactmetrics_sitenote_active":false,"_exactmetrics_sitenote_note":"","_exactmetrics_sitenote_category":0,"_joinchat":[],"footnotes":""},"class_list":["post-1513","page","type-page","status-publish","has-post-thumbnail"],"yoast_head":"<!-- This site is optimized with the Yoast SEO plugin v25.1 - https:\/\/yoast.com\/wordpress\/plugins\/seo\/ -->\n<title>Hipnoz Tedavisi &amp; Ko\u00e7luk<\/title>\n<meta name=\"description\" content=\"Hipnoz tedavisinin obezite kontrol\u00fc, sigara ba\u011f\u0131ml\u0131l\u0131\u011f\u0131 tedavisi, alkol ve madde ba\u011f\u0131ml\u0131l\u0131\u011f\u0131 tedavisi, kronik a\u011fr\u0131 bozuklu\u011fu tedavisi.\" \/>\n<meta name=\"robots\" content=\"index, follow, max-snippet:-1, max-image-preview:large, max-video-preview:-1\" \/>\n<link rel=\"canonical\" href=\"https:\/\/hypnosecoachinghamburg.com\/tr\/hipnoz-tedavisi-kocluk\/\" \/>\n<meta property=\"og:locale\" content=\"tr_TR\" \/>\n<meta property=\"og:type\" content=\"article\" \/>\n<meta property=\"og:title\" content=\"Hipnoz Tedavisi &amp; Ko\u00e7luk\" \/>\n<meta property=\"og:description\" content=\"Hipnoz tedavisinin obezite kontrol\u00fc, sigara ba\u011f\u0131ml\u0131l\u0131\u011f\u0131 tedavisi, alkol ve madde ba\u011f\u0131ml\u0131l\u0131\u011f\u0131 tedavisi, kronik a\u011fr\u0131 bozuklu\u011fu tedavisi.\" \/>\n<meta property=\"og:url\" content=\"https:\/\/hypnosecoachinghamburg.com\/tr\/hipnoz-tedavisi-kocluk\/\" \/>\n<meta property=\"og:site_name\" content=\"NRA\" \/>\n<meta property=\"article:publisher\" content=\"https:\/\/www.facebook.com\/naciyerafiq.arli\" \/>\n<meta property=\"article:modified_time\" content=\"2024-05-25T19:50:54+00:00\" \/>\n<meta property=\"og:image\" content=\"https:\/\/hypnosecoachinghamburg.com\/tr\/wp-content\/uploads\/2022\/09\/coaching-2738522_1280.jpg\" \/>\n\t<meta property=\"og:image:width\" content=\"1280\" \/>\n\t<meta property=\"og:image:height\" content=\"851\" \/>\n\t<meta property=\"og:image:type\" content=\"image\/jpeg\" \/>\n<meta name=\"twitter:card\" content=\"summary_large_image\" \/>\n<meta name=\"twitter:label1\" content=\"Tahmini okuma s\u00fcresi\" \/>\n\t<meta name=\"twitter:data1\" content=\"2 dakika\" \/>\n<script type=\"application\/ld+json\" class=\"yoast-schema-graph\">{\"@context\":\"https:\/\/schema.org\",\"@graph\":[{\"@type\":\"WebPage\",\"@id\":\"https:\/\/hypnosecoachinghamburg.com\/tr\/hipnoz-tedavisi-kocluk\/\",\"url\":\"https:\/\/hypnosecoachinghamburg.com\/tr\/hipnoz-tedavisi-kocluk\/\",\"name\":\"Hipnoz Tedavisi & Ko\u00e7luk\",\"isPartOf\":{\"@id\":\"https:\/\/hypnosecoachinghamburg.com\/tr\/#website\"},\"primaryImageOfPage\":{\"@id\":\"https:\/\/hypnosecoachinghamburg.com\/tr\/hipnoz-tedavisi-kocluk\/#primaryimage\"},\"image\":{\"@id\":\"https:\/\/hypnosecoachinghamburg.com\/tr\/hipnoz-tedavisi-kocluk\/#primaryimage\"},\"thumbnailUrl\":\"https:\/\/hypnosecoachinghamburg.com\/tr\/wp-content\/uploads\/2022\/09\/coaching-2738522_1280.jpg\",\"datePublished\":\"2024-05-25T08:50:29+00:00\",\"dateModified\":\"2024-05-25T19:50:54+00:00\",\"description\":\"Hipnoz tedavisinin obezite kontrol\u00fc, sigara ba\u011f\u0131ml\u0131l\u0131\u011f\u0131 tedavisi, alkol ve madde ba\u011f\u0131ml\u0131l\u0131\u011f\u0131 tedavisi, kronik a\u011fr\u0131 bozuklu\u011fu tedavisi.\",\"breadcrumb\":{\"@id\":\"https:\/\/hypnosecoachinghamburg.com\/tr\/hipnoz-tedavisi-kocluk\/#breadcrumb\"},\"inLanguage\":\"tr\",\"potentialAction\":[{\"@type\":\"ReadAction\",\"target\":[\"https:\/\/hypnosecoachinghamburg.com\/tr\/hipnoz-tedavisi-kocluk\/\"]}]},{\"@type\":\"ImageObject\",\"inLanguage\":\"tr\",\"@id\":\"https:\/\/hypnosecoachinghamburg.com\/tr\/hipnoz-tedavisi-kocluk\/#primaryimage\",\"url\":\"https:\/\/hypnosecoachinghamburg.com\/tr\/wp-content\/uploads\/2022\/09\/coaching-2738522_1280.jpg\",\"contentUrl\":\"https:\/\/hypnosecoachinghamburg.com\/tr\/wp-content\/uploads\/2022\/09\/coaching-2738522_1280.jpg\",\"width\":1280,\"height\":851},{\"@type\":\"BreadcrumbList\",\"@id\":\"https:\/\/hypnosecoachinghamburg.com\/tr\/hipnoz-tedavisi-kocluk\/#breadcrumb\",\"itemListElement\":[{\"@type\":\"ListItem\",\"position\":1,\"name\":\"Anasayfa\",\"item\":\"https:\/\/hypnosecoachinghamburg.com\/tr\/\"},{\"@type\":\"ListItem\",\"position\":2,\"name\":\"Hipnoz Tedavisi &#038; Ko\u00e7luk\"}]},{\"@type\":\"WebSite\",\"@id\":\"https:\/\/hypnosecoachinghamburg.com\/tr\/#website\",\"url\":\"https:\/\/hypnosecoachinghamburg.com\/tr\/\",\"name\":\"NRA\",\"description\":\"Psikoterapi Alan\u0131nda Do\u011fal Tedavi Uzman\u0131 &amp; Hipnoz Terapisti\",\"publisher\":{\"@id\":\"https:\/\/hypnosecoachinghamburg.com\/tr\/#organization\"},\"potentialAction\":[{\"@type\":\"SearchAction\",\"target\":{\"@type\":\"EntryPoint\",\"urlTemplate\":\"https:\/\/hypnosecoachinghamburg.com\/tr\/?s={search_term_string}\"},\"query-input\":{\"@type\":\"PropertyValueSpecification\",\"valueRequired\":true,\"valueName\":\"search_term_string\"}}],\"inLanguage\":\"tr\"},{\"@type\":\"Organization\",\"@id\":\"https:\/\/hypnosecoachinghamburg.com\/tr\/#organization\",\"name\":\"NRA\",\"url\":\"https:\/\/hypnosecoachinghamburg.com\/tr\/\",\"logo\":{\"@type\":\"ImageObject\",\"inLanguage\":\"tr\",\"@id\":\"https:\/\/hypnosecoachinghamburg.com\/tr\/#\/schema\/logo\/image\/\",\"url\":\"https:\/\/hypnosecoachinghamburg.com\/tr\/wp-content\/uploads\/2019\/07\/logo-nra.png\",\"contentUrl\":\"https:\/\/hypnosecoachinghamburg.com\/tr\/wp-content\/uploads\/2019\/07\/logo-nra.png\",\"width\":681,\"height\":521,\"caption\":\"NRA\"},\"image\":{\"@id\":\"https:\/\/hypnosecoachinghamburg.com\/tr\/#\/schema\/logo\/image\/\"},\"sameAs\":[\"https:\/\/www.facebook.com\/naciyerafiq.arli\",\"https:\/\/www.instagram.com\/hypnosepraxishamburg\/\"]}]}<\/script>\n<!-- \/ Yoast SEO plugin. -->","yoast_head_json":{"title":"Hipnoz Tedavisi & Ko\u00e7luk","description":"Hipnoz tedavisinin obezite kontrol\u00fc, sigara ba\u011f\u0131ml\u0131l\u0131\u011f\u0131 tedavisi, alkol ve madde ba\u011f\u0131ml\u0131l\u0131\u011f\u0131 tedavisi, kronik a\u011fr\u0131 bozuklu\u011fu tedavisi.","robots":{"index":"index","follow":"follow","max-snippet":"max-snippet:-1","max-image-preview":"max-image-preview:large","max-video-preview":"max-video-preview:-1"},"canonical":"https:\/\/hypnosecoachinghamburg.com\/tr\/hipnoz-tedavisi-kocluk\/","og_locale":"tr_TR","og_type":"article","og_title":"Hipnoz Tedavisi & Ko\u00e7luk","og_description":"Hipnoz tedavisinin obezite kontrol\u00fc, sigara ba\u011f\u0131ml\u0131l\u0131\u011f\u0131 tedavisi, alkol ve madde ba\u011f\u0131ml\u0131l\u0131\u011f\u0131 tedavisi, kronik a\u011fr\u0131 bozuklu\u011fu tedavisi.","og_url":"https:\/\/hypnosecoachinghamburg.com\/tr\/hipnoz-tedavisi-kocluk\/","og_site_name":"NRA","article_publisher":"https:\/\/www.facebook.com\/naciyerafiq.arli","article_modified_time":"2024-05-25T19:50:54+00:00","og_image":[{"width":1280,"height":851,"url":"https:\/\/hypnosecoachinghamburg.com\/tr\/wp-content\/uploads\/2022\/09\/coaching-2738522_1280.jpg","type":"image\/jpeg"}],"twitter_card":"summary_large_image","twitter_misc":{"Tahmini okuma s\u00fcresi":"2 dakika"},"schema":{"@context":"https:\/\/schema.org","@graph":[{"@type":"WebPage","@id":"https:\/\/hypnosecoachinghamburg.com\/tr\/hipnoz-tedavisi-kocluk\/","url":"https:\/\/hypnosecoachinghamburg.com\/tr\/hipnoz-tedavisi-kocluk\/","name":"Hipnoz Tedavisi & Ko\u00e7luk","isPartOf":{"@id":"https:\/\/hypnosecoachinghamburg.com\/tr\/#website"},"primaryImageOfPage":{"@id":"https:\/\/hypnosecoachinghamburg.com\/tr\/hipnoz-tedavisi-kocluk\/#primaryimage"},"image":{"@id":"https:\/\/hypnosecoachinghamburg.com\/tr\/hipnoz-tedavisi-kocluk\/#primaryimage"},"thumbnailUrl":"https:\/\/hypnosecoachinghamburg.com\/tr\/wp-content\/uploads\/2022\/09\/coaching-2738522_1280.jpg","datePublished":"2024-05-25T08:50:29+00:00","dateModified":"2024-05-25T19:50:54+00:00","description":"Hipnoz tedavisinin obezite kontrol\u00fc, sigara ba\u011f\u0131ml\u0131l\u0131\u011f\u0131 tedavisi, alkol ve madde ba\u011f\u0131ml\u0131l\u0131\u011f\u0131 tedavisi, kronik a\u011fr\u0131 bozuklu\u011fu tedavisi.","breadcrumb":{"@id":"https:\/\/hypnosecoachinghamburg.com\/tr\/hipnoz-tedavisi-kocluk\/#breadcrumb"},"inLanguage":"tr","potentialAction":[{"@type":"ReadAction","target":["https:\/\/hypnosecoachinghamburg.com\/tr\/hipnoz-tedavisi-kocluk\/"]}]},{"@type":"ImageObject","inLanguage":"tr","@id":"https:\/\/hypnosecoachinghamburg.com\/tr\/hipnoz-tedavisi-kocluk\/#primaryimage","url":"https:\/\/hypnosecoachinghamburg.com\/tr\/wp-content\/uploads\/2022\/09\/coaching-2738522_1280.jpg","contentUrl":"https:\/\/hypnosecoachinghamburg.com\/tr\/wp-content\/uploads\/2022\/09\/coaching-2738522_1280.jpg","width":1280,"height":851},{"@type":"BreadcrumbList","@id":"https:\/\/hypnosecoachinghamburg.com\/tr\/hipnoz-tedavisi-kocluk\/#breadcrumb","itemListElement":[{"@type":"ListItem","position":1,"name":"Anasayfa","item":"https:\/\/hypnosecoachinghamburg.com\/tr\/"},{"@type":"ListItem","position":2,"name":"Hipnoz Tedavisi &#038; Ko\u00e7luk"}]},{"@type":"WebSite","@id":"https:\/\/hypnosecoachinghamburg.com\/tr\/#website","url":"https:\/\/hypnosecoachinghamburg.com\/tr\/","name":"NRA","description":"Psikoterapi Alan\u0131nda Do\u011fal Tedavi Uzman\u0131 &amp; Hipnoz Terapisti","publisher":{"@id":"https:\/\/hypnosecoachinghamburg.com\/tr\/#organization"},"potentialAction":[{"@type":"SearchAction","target":{"@type":"EntryPoint","urlTemplate":"https:\/\/hypnosecoachinghamburg.com\/tr\/?s={search_term_string}"},"query-input":{"@type":"PropertyValueSpecification","valueRequired":true,"valueName":"search_term_string"}}],"inLanguage":"tr"},{"@type":"Organization","@id":"https:\/\/hypnosecoachinghamburg.com\/tr\/#organization","name":"NRA","url":"https:\/\/hypnosecoachinghamburg.com\/tr\/","logo":{"@type":"ImageObject","inLanguage":"tr","@id":"https:\/\/hypnosecoachinghamburg.com\/tr\/#\/schema\/logo\/image\/","url":"https:\/\/hypnosecoachinghamburg.com\/tr\/wp-content\/uploads\/2019\/07\/logo-nra.png","contentUrl":"https:\/\/hypnosecoachinghamburg.com\/tr\/wp-content\/uploads\/2019\/07\/logo-nra.png","width":681,"height":521,"caption":"NRA"},"image":{"@id":"https:\/\/hypnosecoachinghamburg.com\/tr\/#\/schema\/logo\/image\/"},"sameAs":["https:\/\/www.facebook.com\/naciyerafiq.arli","https:\/\/www.instagram.com\/hypnosepraxishamburg\/"]}]}},"_links":{"self":[{"href":"https:\/\/hypnosecoachinghamburg.com\/tr\/wp-json\/wp\/v2\/pages\/1513","targetHints":{"allow":["GET"]}}],"collection":[{"href":"https:\/\/hypnosecoachinghamburg.com\/tr\/wp-json\/wp\/v2\/pages"}],"about":[{"href":"https:\/\/hypnosecoachinghamburg.com\/tr\/wp-json\/wp\/v2\/types\/page"}],"author":[{"embeddable":true,"href":"https:\/\/hypnosecoachinghamburg.com\/tr\/wp-json\/wp\/v2\/users\/1"}],"replies":[{"embeddable":true,"href":"https:\/\/hypnosecoachinghamburg.com\/tr\/wp-json\/wp\/v2\/comments?post=1513"}],"version-history":[{"count":7,"href":"https:\/\/hypnosecoachinghamburg.com\/tr\/wp-json\/wp\/v2\/pages\/1513\/revisions"}],"predecessor-version":[{"id":1737,"href":"https:\/\/hypnosecoachinghamburg.com\/tr\/wp-json\/wp\/v2\/pages\/1513\/revisions\/1737"}],"wp:featuredmedia":[{"embeddable":true,"href":"https:\/\/hypnosecoachinghamburg.com\/tr\/wp-json\/wp\/v2\/media\/1706"}],"wp:attachment":[{"href":"https:\/\/hypnosecoachinghamburg.com\/tr\/wp-json\/wp\/v2\/media?parent=1513"}],"curies":[{"name":"wp","href":"https:\/\/api.w.org\/{rel}","templated":true}]}}