{"id":1497,"date":"2024-05-25T18:08:46","date_gmt":"2024-05-25T15:08:46","guid":{"rendered":"http:\/\/nra.demoadresi.com\/?page_id=1497"},"modified":"2024-05-25T22:47:45","modified_gmt":"2024-05-25T19:47:45","slug":"fiyatlar","status":"publish","type":"page","link":"https:\/\/hypnosecoachinghamburg.com\/tr\/fiyatlar\/","title":{"rendered":"Fiyatlar"},"content":{"rendered":"<p>[vc_row][vc_column][vc_column_text]<\/p>\n<h1>Fiyatlar<\/h1>\n<p><strong>\u00d6n g\u00f6r\u00fc\u015fme<\/strong> (yakla\u015f\u0131k olarak 15-30 dakika) telefonda, \u00fccretsiz<br \/>\n<strong>Hipnoz terapisi<\/strong> (60 dakika) EUR 238,00<br \/>\n<strong>Konu\u015fmaya dayal\u0131 psikoterapi<\/strong> (60 dakika) EUR 238,00<br \/>\n<strong>Ili\u015fki ve evlilik ko\u00e7u \/ \u00c7ocuklarla aile terapisi<\/strong> (60 dakika) EUR 268,00<br \/>\n<strong>Hipnoz telkiniyle birlikte kilo verme<\/strong> (60 dakika) EUR 238,00<br \/>\n<strong>Haftasonu ve Tatil G\u00fcnleri<\/strong> (60 dakika) EUR 268,00<br \/>\n<strong>Hipnozla sigara b\u0131rakma<\/strong> (yakla\u015f\u0131k 120-180 dakika) EUR 599,00 tek seanslik yo\u011fun oturum<\/p>\n<p><strong>Uzun yolculuk yapmak zorunda olan dan\u0131\u015fanlar i\u00e7in paketler: <\/strong>l\u00fctfen fiyat sorunuz<br \/>\n2 g\u00fcnl\u00fck kompakt oturum (2 x 3-4 saat)<br \/>\n3 g\u00fcnl\u00fck kompakt oturum (3 x 3-4 saat)<br \/>\nYo\u011fun terapi (g\u00fcnl\u00fck 2-3 saat) 1 hafta boyunca<\/p>\n<p><strong>Pakete ili\u015fkin bilgi:<\/strong> Oturumlar iki veya \u00fc\u00e7 g\u00fcn arka arkaya gelen g\u00fcnlerde d\u00fczenlenmektedir.<\/p>\n<p><em><strong>\u00d6deme seanstan hemen sonra\u00a0 nakit olarak yap\u0131lmaktad\u0131r, zira sigortlar ile birlikte \u00e7al\u0131\u015fm\u0131yoruz . L\u00fctfen devlet sigorta kurumunuza psikoterapi alan\u0131nda bir do\u011fal tedavi uzman\u0131nda yap\u0131lacak olan bir terapiyi kar\u015f\u0131lay\u0131p kar\u015f\u0131lamad\u0131klar\u0131n\u0131 dan\u0131\u015f\u0131n\u0131z. \u00d6zel sa\u011fl\u0131k sigortalar\u0131 genelde \u00f6denen masraflar\u0131 kar\u015f\u0131lamaktad\u0131r.<\/strong><\/em>[\/vc_column_text][\/vc_column][\/vc_row]<\/p>\n","protected":false},"excerpt":{"rendered":"<p>[vc_row][vc_column][vc_column_text] Fiyatlar \u00d6n g\u00f6r\u00fc\u015fme (yakla\u015f\u0131k olarak 15-30 dakika) telefonda, \u00fccretsiz Hipnoz terapisi (60 dakika) EUR 238,00 Konu\u015fmaya dayal\u0131 psikoterapi (60 dakika) EUR 238,00 Ili\u015fki ve evlilik ko\u00e7u \/ \u00c7ocuklarla aile terapisi (60 dakika) EUR 268,00 Hipnoz telkiniyle birlikte kilo verme (60 dakika) EUR 238,00 Haftasonu ve Tatil G\u00fcnleri (60 dakika) EUR 268,00 Hipnozla sigara b\u0131rakma <\/p>\n","protected":false},"author":1,"featured_media":1696,"parent":0,"menu_order":0,"comment_status":"closed","ping_status":"closed","template":"page-blocks.php","meta":{"_exactmetrics_skip_tracking":false,"_exactmetrics_sitenote_active":false,"_exactmetrics_sitenote_note":"","_exactmetrics_sitenote_category":0,"_joinchat":[],"footnotes":""},"class_list":["post-1497","page","type-page","status-publish","has-post-thumbnail"],"yoast_head":"<!-- This site is optimized with the Yoast SEO plugin v25.1 - https:\/\/yoast.com\/wordpress\/plugins\/seo\/ -->\n<title>Hipnoz Almanya Hamburg Fiyatlari<\/title>\n<meta name=\"description\" content=\"Hipnoterapi alan\u0131nda destek almak istiyorsan\u0131z ve seans \u00fccretleri hakk\u0131nda bilgi almak i\u00e7in hipnoz fiyatlar\u0131 sayfam\u0131z\u0131 inceleyin.\" \/>\n<meta name=\"robots\" content=\"index, follow, max-snippet:-1, max-image-preview:large, max-video-preview:-1\" \/>\n<link rel=\"canonical\" href=\"https:\/\/hypnosecoachinghamburg.com\/tr\/fiyatlar\/\" \/>\n<meta property=\"og:locale\" content=\"tr_TR\" \/>\n<meta property=\"og:type\" content=\"article\" \/>\n<meta property=\"og:title\" content=\"Hipnoz Almanya Hamburg Fiyatlari\" \/>\n<meta property=\"og:description\" content=\"Hipnoterapi alan\u0131nda destek almak istiyorsan\u0131z ve seans \u00fccretleri hakk\u0131nda bilgi almak i\u00e7in hipnoz fiyatlar\u0131 sayfam\u0131z\u0131 inceleyin.\" \/>\n<meta property=\"og:url\" content=\"https:\/\/hypnosecoachinghamburg.com\/tr\/fiyatlar\/\" \/>\n<meta property=\"og:site_name\" content=\"NRA\" \/>\n<meta property=\"article:publisher\" content=\"https:\/\/www.facebook.com\/naciyerafiq.arli\" \/>\n<meta property=\"article:modified_time\" content=\"2024-05-25T19:47:45+00:00\" \/>\n<meta property=\"og:image\" content=\"https:\/\/hypnosecoachinghamburg.com\/tr\/wp-content\/uploads\/2022\/09\/triangle-3125882_1920.jpg\" \/>\n\t<meta property=\"og:image:width\" content=\"1920\" \/>\n\t<meta property=\"og:image:height\" content=\"1152\" \/>\n\t<meta property=\"og:image:type\" content=\"image\/jpeg\" \/>\n<meta name=\"twitter:card\" content=\"summary_large_image\" \/>\n<meta name=\"twitter:label1\" content=\"Tahmini okuma s\u00fcresi\" \/>\n\t<meta name=\"twitter:data1\" content=\"2 dakika\" \/>\n<script type=\"application\/ld+json\" class=\"yoast-schema-graph\">{\"@context\":\"https:\/\/schema.org\",\"@graph\":[{\"@type\":\"WebPage\",\"@id\":\"https:\/\/hypnosecoachinghamburg.com\/tr\/fiyatlar\/\",\"url\":\"https:\/\/hypnosecoachinghamburg.com\/tr\/fiyatlar\/\",\"name\":\"Hipnoz Almanya Hamburg Fiyatlari\",\"isPartOf\":{\"@id\":\"https:\/\/hypnosecoachinghamburg.com\/tr\/#website\"},\"primaryImageOfPage\":{\"@id\":\"https:\/\/hypnosecoachinghamburg.com\/tr\/fiyatlar\/#primaryimage\"},\"image\":{\"@id\":\"https:\/\/hypnosecoachinghamburg.com\/tr\/fiyatlar\/#primaryimage\"},\"thumbnailUrl\":\"https:\/\/hypnosecoachinghamburg.com\/tr\/wp-content\/uploads\/2022\/09\/triangle-3125882_1920.jpg\",\"datePublished\":\"2024-05-25T15:08:46+00:00\",\"dateModified\":\"2024-05-25T19:47:45+00:00\",\"description\":\"Hipnoterapi alan\u0131nda destek almak istiyorsan\u0131z ve seans \u00fccretleri hakk\u0131nda bilgi almak i\u00e7in hipnoz fiyatlar\u0131 sayfam\u0131z\u0131 inceleyin.\",\"breadcrumb\":{\"@id\":\"https:\/\/hypnosecoachinghamburg.com\/tr\/fiyatlar\/#breadcrumb\"},\"inLanguage\":\"tr\",\"potentialAction\":[{\"@type\":\"ReadAction\",\"target\":[\"https:\/\/hypnosecoachinghamburg.com\/tr\/fiyatlar\/\"]}]},{\"@type\":\"ImageObject\",\"inLanguage\":\"tr\",\"@id\":\"https:\/\/hypnosecoachinghamburg.com\/tr\/fiyatlar\/#primaryimage\",\"url\":\"https:\/\/hypnosecoachinghamburg.com\/tr\/wp-content\/uploads\/2022\/09\/triangle-3125882_1920.jpg\",\"contentUrl\":\"https:\/\/hypnosecoachinghamburg.com\/tr\/wp-content\/uploads\/2022\/09\/triangle-3125882_1920.jpg\",\"width\":1920,\"height\":1152},{\"@type\":\"BreadcrumbList\",\"@id\":\"https:\/\/hypnosecoachinghamburg.com\/tr\/fiyatlar\/#breadcrumb\",\"itemListElement\":[{\"@type\":\"ListItem\",\"position\":1,\"name\":\"Anasayfa\",\"item\":\"https:\/\/hypnosecoachinghamburg.com\/tr\/\"},{\"@type\":\"ListItem\",\"position\":2,\"name\":\"Fiyatlar\"}]},{\"@type\":\"WebSite\",\"@id\":\"https:\/\/hypnosecoachinghamburg.com\/tr\/#website\",\"url\":\"https:\/\/hypnosecoachinghamburg.com\/tr\/\",\"name\":\"NRA\",\"description\":\"Psikoterapi Alan\u0131nda Do\u011fal Tedavi Uzman\u0131 &amp; Hipnoz Terapisti\",\"publisher\":{\"@id\":\"https:\/\/hypnosecoachinghamburg.com\/tr\/#organization\"},\"potentialAction\":[{\"@type\":\"SearchAction\",\"target\":{\"@type\":\"EntryPoint\",\"urlTemplate\":\"https:\/\/hypnosecoachinghamburg.com\/tr\/?s={search_term_string}\"},\"query-input\":{\"@type\":\"PropertyValueSpecification\",\"valueRequired\":true,\"valueName\":\"search_term_string\"}}],\"inLanguage\":\"tr\"},{\"@type\":\"Organization\",\"@id\":\"https:\/\/hypnosecoachinghamburg.com\/tr\/#organization\",\"name\":\"NRA\",\"url\":\"https:\/\/hypnosecoachinghamburg.com\/tr\/\",\"logo\":{\"@type\":\"ImageObject\",\"inLanguage\":\"tr\",\"@id\":\"https:\/\/hypnosecoachinghamburg.com\/tr\/#\/schema\/logo\/image\/\",\"url\":\"https:\/\/hypnosecoachinghamburg.com\/tr\/wp-content\/uploads\/2019\/07\/logo-nra.png\",\"contentUrl\":\"https:\/\/hypnosecoachinghamburg.com\/tr\/wp-content\/uploads\/2019\/07\/logo-nra.png\",\"width\":681,\"height\":521,\"caption\":\"NRA\"},\"image\":{\"@id\":\"https:\/\/hypnosecoachinghamburg.com\/tr\/#\/schema\/logo\/image\/\"},\"sameAs\":[\"https:\/\/www.facebook.com\/naciyerafiq.arli\",\"https:\/\/www.instagram.com\/hypnosepraxishamburg\/\"]}]}<\/script>\n<!-- \/ Yoast SEO plugin. -->","yoast_head_json":{"title":"Hipnoz Almanya Hamburg Fiyatlari","description":"Hipnoterapi alan\u0131nda destek almak istiyorsan\u0131z ve seans \u00fccretleri hakk\u0131nda bilgi almak i\u00e7in hipnoz fiyatlar\u0131 sayfam\u0131z\u0131 inceleyin.","robots":{"index":"index","follow":"follow","max-snippet":"max-snippet:-1","max-image-preview":"max-image-preview:large","max-video-preview":"max-video-preview:-1"},"canonical":"https:\/\/hypnosecoachinghamburg.com\/tr\/fiyatlar\/","og_locale":"tr_TR","og_type":"article","og_title":"Hipnoz Almanya Hamburg Fiyatlari","og_description":"Hipnoterapi alan\u0131nda destek almak istiyorsan\u0131z ve seans \u00fccretleri hakk\u0131nda bilgi almak i\u00e7in hipnoz fiyatlar\u0131 sayfam\u0131z\u0131 inceleyin.","og_url":"https:\/\/hypnosecoachinghamburg.com\/tr\/fiyatlar\/","og_site_name":"NRA","article_publisher":"https:\/\/www.facebook.com\/naciyerafiq.arli","article_modified_time":"2024-05-25T19:47:45+00:00","og_image":[{"width":1920,"height":1152,"url":"https:\/\/hypnosecoachinghamburg.com\/tr\/wp-content\/uploads\/2022\/09\/triangle-3125882_1920.jpg","type":"image\/jpeg"}],"twitter_card":"summary_large_image","twitter_misc":{"Tahmini okuma s\u00fcresi":"2 dakika"},"schema":{"@context":"https:\/\/schema.org","@graph":[{"@type":"WebPage","@id":"https:\/\/hypnosecoachinghamburg.com\/tr\/fiyatlar\/","url":"https:\/\/hypnosecoachinghamburg.com\/tr\/fiyatlar\/","name":"Hipnoz Almanya Hamburg Fiyatlari","isPartOf":{"@id":"https:\/\/hypnosecoachinghamburg.com\/tr\/#website"},"primaryImageOfPage":{"@id":"https:\/\/hypnosecoachinghamburg.com\/tr\/fiyatlar\/#primaryimage"},"image":{"@id":"https:\/\/hypnosecoachinghamburg.com\/tr\/fiyatlar\/#primaryimage"},"thumbnailUrl":"https:\/\/hypnosecoachinghamburg.com\/tr\/wp-content\/uploads\/2022\/09\/triangle-3125882_1920.jpg","datePublished":"2024-05-25T15:08:46+00:00","dateModified":"2024-05-25T19:47:45+00:00","description":"Hipnoterapi alan\u0131nda destek almak istiyorsan\u0131z ve seans \u00fccretleri hakk\u0131nda bilgi almak i\u00e7in hipnoz fiyatlar\u0131 sayfam\u0131z\u0131 inceleyin.","breadcrumb":{"@id":"https:\/\/hypnosecoachinghamburg.com\/tr\/fiyatlar\/#breadcrumb"},"inLanguage":"tr","potentialAction":[{"@type":"ReadAction","target":["https:\/\/hypnosecoachinghamburg.com\/tr\/fiyatlar\/"]}]},{"@type":"ImageObject","inLanguage":"tr","@id":"https:\/\/hypnosecoachinghamburg.com\/tr\/fiyatlar\/#primaryimage","url":"https:\/\/hypnosecoachinghamburg.com\/tr\/wp-content\/uploads\/2022\/09\/triangle-3125882_1920.jpg","contentUrl":"https:\/\/hypnosecoachinghamburg.com\/tr\/wp-content\/uploads\/2022\/09\/triangle-3125882_1920.jpg","width":1920,"height":1152},{"@type":"BreadcrumbList","@id":"https:\/\/hypnosecoachinghamburg.com\/tr\/fiyatlar\/#breadcrumb","itemListElement":[{"@type":"ListItem","position":1,"name":"Anasayfa","item":"https:\/\/hypnosecoachinghamburg.com\/tr\/"},{"@type":"ListItem","position":2,"name":"Fiyatlar"}]},{"@type":"WebSite","@id":"https:\/\/hypnosecoachinghamburg.com\/tr\/#website","url":"https:\/\/hypnosecoachinghamburg.com\/tr\/","name":"NRA","description":"Psikoterapi Alan\u0131nda Do\u011fal Tedavi Uzman\u0131 &amp; Hipnoz Terapisti","publisher":{"@id":"https:\/\/hypnosecoachinghamburg.com\/tr\/#organization"},"potentialAction":[{"@type":"SearchAction","target":{"@type":"EntryPoint","urlTemplate":"https:\/\/hypnosecoachinghamburg.com\/tr\/?s={search_term_string}"},"query-input":{"@type":"PropertyValueSpecification","valueRequired":true,"valueName":"search_term_string"}}],"inLanguage":"tr"},{"@type":"Organization","@id":"https:\/\/hypnosecoachinghamburg.com\/tr\/#organization","name":"NRA","url":"https:\/\/hypnosecoachinghamburg.com\/tr\/","logo":{"@type":"ImageObject","inLanguage":"tr","@id":"https:\/\/hypnosecoachinghamburg.com\/tr\/#\/schema\/logo\/image\/","url":"https:\/\/hypnosecoachinghamburg.com\/tr\/wp-content\/uploads\/2019\/07\/logo-nra.png","contentUrl":"https:\/\/hypnosecoachinghamburg.com\/tr\/wp-content\/uploads\/2019\/07\/logo-nra.png","width":681,"height":521,"caption":"NRA"},"image":{"@id":"https:\/\/hypnosecoachinghamburg.com\/tr\/#\/schema\/logo\/image\/"},"sameAs":["https:\/\/www.facebook.com\/naciyerafiq.arli","https:\/\/www.instagram.com\/hypnosepraxishamburg\/"]}]}},"_links":{"self":[{"href":"https:\/\/hypnosecoachinghamburg.com\/tr\/wp-json\/wp\/v2\/pages\/1497","targetHints":{"allow":["GET"]}}],"collection":[{"href":"https:\/\/hypnosecoachinghamburg.com\/tr\/wp-json\/wp\/v2\/pages"}],"about":[{"href":"https:\/\/hypnosecoachinghamburg.com\/tr\/wp-json\/wp\/v2\/types\/page"}],"author":[{"embeddable":true,"href":"https:\/\/hypnosecoachinghamburg.com\/tr\/wp-json\/wp\/v2\/users\/1"}],"replies":[{"embeddable":true,"href":"https:\/\/hypnosecoachinghamburg.com\/tr\/wp-json\/wp\/v2\/comments?post=1497"}],"version-history":[{"count":13,"href":"https:\/\/hypnosecoachinghamburg.com\/tr\/wp-json\/wp\/v2\/pages\/1497\/revisions"}],"predecessor-version":[{"id":1777,"href":"https:\/\/hypnosecoachinghamburg.com\/tr\/wp-json\/wp\/v2\/pages\/1497\/revisions\/1777"}],"wp:featuredmedia":[{"embeddable":true,"href":"https:\/\/hypnosecoachinghamburg.com\/tr\/wp-json\/wp\/v2\/media\/1696"}],"wp:attachment":[{"href":"https:\/\/hypnosecoachinghamburg.com\/tr\/wp-json\/wp\/v2\/media?parent=1497"}],"curies":[{"name":"wp","href":"https:\/\/api.w.org\/{rel}","templated":true}]}}