{"id":1434,"date":"2024-05-25T09:01:14","date_gmt":"2024-05-25T06:01:14","guid":{"rendered":"http:\/\/nra.demoadresi.com\/?page_id=1434"},"modified":"2024-05-25T23:16:05","modified_gmt":"2024-05-25T20:16:05","slug":"sikca-sorulan-sorular","status":"publish","type":"page","link":"https:\/\/hypnosecoachinghamburg.com\/tr\/sikca-sorulan-sorular\/","title":{"rendered":"S\u0131k\u00e7a Sorulan Sorular"},"content":{"rendered":"<p>[vc_row][vc_column][vc_custom_heading text=&#8221;SSS-S\u0131k\u00e7a Sorulan Sorular&#8221; font_container=&#8221;tag:h1|text_align:center&#8221;][\/vc_column][\/vc_row][vc_row][vc_column][vc_toggle title=&#8221;Hipnoz terapisinin masraflar\u0131 sa\u011fl\u0131k sigortas\u0131 taraf\u0131ndan kar\u015f\u0131lan\u0131yor mu?&#8221;]Kanuni sa\u011fl\u0131k sigortalar\u0131 genelde hipnoz terapisinin masraflar\u0131n\u0131 kar\u015f\u0131lamamaktad\u0131r. E\u011fer ki psikoterapiye ili\u015fkin t\u0131bbi bir zorunluluk s\u00f6z konusuysa, yani psikiyatrik veya fiziksel bir hastal\u0131\u011fa ili\u015fkin bir tan\u0131 s\u00f6z konusuysa, o zaman baz\u0131 \u00f6zel sa\u011fl\u0131k sigortalar\u0131 veya ilave sigortalar tedavi masraflar\u0131n\u0131 tam veya k\u0131smen kar\u015f\u0131l\u0131yorlar. Tedaviye ba\u015flamadan \u00f6nce l\u00fctfen sigortan\u0131zla detayl\u0131 \u015fartlar\u0131 g\u00f6r\u00fc\u015f\u00fcn\u00fcz.<\/p>\n<p>Tedaviyi kendinizin \u00f6demesi halinde bu gizlidir, yani psikoterapi ald\u0131\u011f\u0131n\u0131z herhangi bir sigorta \u015firketindeki dosyalara kaydedilmemektedir. Tedavi i\u015fvereninize, sigortalara veya kurumlara kar\u015f\u0131 gizli kalmaktad\u0131r. Bir di\u011fer avantaj da, sonsuza dek bir terapi yeri i\u00e7in beklemek zorunda kalmak durumunda kalmaman\u0131zd\u0131r. \u00c7o\u011funlukla olduk\u00e7a h\u0131zl\u0131 bir bi\u00e7imde muayenehanemde bir terapiye ba\u015flayabilirsiniz.[\/vc_toggle][vc_toggle title=&#8221;Terapi ve ko\u00e7luk aras\u0131ndaki fark nedir?&#8221;]Terapide \u00e7o\u011funlukla hastal\u0131k de\u011feri olan hususlar s\u00f6z konusudur. Ko\u00e7lukta ise ki\u015filik geli\u015fimi ve hastal\u0131k de\u011feri olmayan konular s\u00f6z konusudur. \u00d6rn. kilo verme, stres y\u00f6netimi, sigara b\u0131rakma veya daha kolay bir do\u011fum ya\u015famak i\u00e7in haz\u0131rl\u0131k gibi.[\/vc_toggle][vc_toggle title=&#8221;Hipnozun ba\u015far\u0131s\u0131 ger\u00e7ekten kal\u0131c\u0131 m\u0131?&#8221;]De\u011fi\u015fim sizin derinliklerinizde, \u00e7ok bireysel bir \u015fekilde ve bi\u00e7imde ger\u00e7ekle\u015fti\u011finden, yani kendi isteklerinize g\u00f6re oldu\u011fundan, ger\u00e7ekten kal\u0131c\u0131d\u0131r. Elde edilen iyile\u015fmeler, bilin\u00e7alt\u0131na i\u015flenmi\u015ftir ve bir insan bunlardan kolay kolay vazge\u00e7mez. De\u011fi\u015fimlerin kal\u0131c\u0131 olmas\u0131n\u0131n bir di\u011fer sebebi de bloke edici sebeplerin ortadan kald\u0131r\u0131lm\u0131\u015f olmas\u0131d\u0131r ve eski semptomlar\u0131n art\u0131k var olmamas\u0131d\u0131r.[\/vc_toggle][vc_toggle title=&#8221;Ya tekrar uyanamazsam?&#8221;]Hipnoz \u00e7ok basit bir ifadeyle rahatlaman\u0131n \u00e7ok derin bir bi\u00e7imidir. Do\u011fal bir trans halidir, sanki \u00e7ok konsantre bir bi\u00e7imde kitap okuyormu\u015fsunuz veya bir film izliyormu\u015fsunuz gibi ve o anda di\u011fer hi\u00e7 bir \u015feyi \u00f6n plandaym\u0131\u015f gibi alg\u0131lam\u0131yormu\u015fsunuz gibi. Olabilecek en olumsuz \u015fey, o an uyku haline ge\u00e7i\u015f yapmakt\u0131r. Yani her hal\u00fckarda yine uyanacaks\u0131n\u0131z.[\/vc_toggle][vc_toggle title=&#8221;Bir transtan sonra &#8220;iyile\u015fmi\u015f&#8220; mi oluyorum?&#8221;]Rahatlam\u0131\u015f trans durumu esnas\u0131nda, birlikte bilinmeyen blokajlar\u0131n\u0131z\u0131 a\u00e7mak, istenmeyen al\u0131\u015fkanl\u0131klar\u0131 de\u011fi\u015ftirmek, iyile\u015fme s\u00fcre\u00e7lerini h\u0131zland\u0131rmak, a\u011fr\u0131lar\u0131 azaltmak, uyku bozukluklar\u0131n\u0131 tedavi etmek, \u00f6zg\u00fcveninizi g\u00fc\u00e7lendirmek, korkular\u0131 yok etmek, hayat\u0131n\u0131z\u0131 optimize etmek ve \u00e7ok daha fazlas\u0131n\u0131 yapmak m\u00fcmk\u00fcnd\u00fcr. Baz\u0131 vakalarda ger\u00e7ekten de bir seanstan sonra semptomlar\u0131n azald\u0131\u011f\u0131 veya tamamen yok oldu\u011fu g\u00f6r\u00fclebilmektedir. Fakat bu durum, bunun her zaman b\u00f6yle oldu\u011fu anlam\u0131na gelmez tabii ki. Fakat genellikle semptomlar\u0131 azaltmak veya tamamen yok etmek i\u00e7in sadece birka\u00e7 seansa ihtiya\u00e7 duyulmaktad\u0131r.[\/vc_toggle][vc_toggle title=&#8221;Trans durumu nas\u0131ld\u0131r, bunu nas\u0131l hayal edebilirim ve bu nas\u0131l bir histir?&#8221;]Trans\u0131n nas\u0131l alg\u0131land\u0131\u011f\u0131, insandan insana farkl\u0131l\u0131k g\u00f6stermektedir. Tabii ki elde edilen trans\u0131n yo\u011funluk derecesi \u00f6nemli bir rol oynamaktad\u0131r. Sadece ve sadece kendinize, d\u00fc\u015f\u00fcncelerinize ve hislerinize odaklanm\u0131\u015f oluyorsunuz. Ne kadar derin bir transa girerseniz, duyular\u0131n\u0131z da o kadar keskin olacakt\u0131r.<\/p>\n<p>Bu da bir heyecanl\u0131 bir kitab\u0131 okumaya benzemektedir; hikayeye \u00e7ok derin bir bi\u00e7imde dalm\u0131\u015fsan\u0131z , etraf\u0131n\u0131zdaki olup biteni neredeyse hi\u00e7 alg\u0131lamazsan\u0131z. Tamamen uyan\u0131ks\u0131n\u0131z ama derinlemesine konsantre olmu\u015fsunuzdur. \u0130stedi\u011finiz zaman yine kitaptan ve sat\u0131rlardan ayr\u0131labilirsiniz. Trans halinde de benzer bir durum s\u00f6z konusudur. Baz\u0131 ki\u015filer ho\u015f bir a\u011f\u0131rl\u0131k hissederken, di\u011ferleri ise neredeyse havalanm\u0131\u015f gibi hissediyor, fakat hepsi de daha \u00f6nce benzerini \u00e7ok nadir ya\u015fam\u0131\u015f olduklar\u0131 bir rahatlama hissetmektedirler. Kendi hikayelerine ula\u015ft\u0131r\u0131lmaktad\u0131rlar. Hastal\u0131klar\u0131n\u0131n sebeplerini ya da rahats\u0131z davran\u0131\u015f kal\u0131b\u0131n\u0131 tan\u0131d\u0131klar\u0131 bilin\u00e7siz seviyelerden. Daha sonra ise ruhsal, duygusal ve fiziksel boyuttaki de\u011fi\u015fim ve iyile\u015fme s\u00fcreci ba\u015flayabilir.[\/vc_toggle][\/vc_column][\/vc_row]<\/p>\n","protected":false},"excerpt":{"rendered":"<p>[vc_row][vc_column][vc_custom_heading text=&#8221;SSS-S\u0131k\u00e7a Sorulan Sorular&#8221; font_container=&#8221;tag:h1|text_align:center&#8221;][\/vc_column][\/vc_row][vc_row][vc_column][vc_toggle title=&#8221;Hipnoz terapisinin masraflar\u0131 sa\u011fl\u0131k sigortas\u0131 taraf\u0131ndan kar\u015f\u0131lan\u0131yor mu?&#8221;]Kanuni sa\u011fl\u0131k sigortalar\u0131 genelde hipnoz terapisinin masraflar\u0131n\u0131 kar\u015f\u0131lamamaktad\u0131r. E\u011fer ki psikoterapiye ili\u015fkin t\u0131bbi bir zorunluluk s\u00f6z konusuysa, yani psikiyatrik veya fiziksel bir hastal\u0131\u011fa ili\u015fkin bir tan\u0131 s\u00f6z konusuysa, o zaman baz\u0131 \u00f6zel sa\u011fl\u0131k sigortalar\u0131 veya ilave sigortalar tedavi masraflar\u0131n\u0131 tam veya k\u0131smen kar\u015f\u0131l\u0131yorlar. <\/p>\n","protected":false},"author":1,"featured_media":1733,"parent":0,"menu_order":0,"comment_status":"closed","ping_status":"closed","template":"page-blocks.php","meta":{"_exactmetrics_skip_tracking":false,"_exactmetrics_sitenote_active":false,"_exactmetrics_sitenote_note":"","_exactmetrics_sitenote_category":0,"_joinchat":[],"footnotes":""},"class_list":["post-1434","page","type-page","status-publish","has-post-thumbnail"],"yoast_head":"<!-- This site is optimized with the Yoast SEO plugin v25.1 - https:\/\/yoast.com\/wordpress\/plugins\/seo\/ -->\n<title>S\u0131k\u00e7a Sorulan Sorular<\/title>\n<meta name=\"description\" content=\"S\u0131k\u00e7a Sorulan Sorular Psikolog Kimdir? Psikologlar Ne Yapar? Terapi Nedir ve Terapi S\u00fcreci Nas\u0131l \u0130\u015fler? Terapi ile \u0130yile\u015febilir miyim?\" \/>\n<meta name=\"robots\" content=\"index, follow, max-snippet:-1, max-image-preview:large, max-video-preview:-1\" \/>\n<link rel=\"canonical\" href=\"https:\/\/hypnosecoachinghamburg.com\/tr\/sikca-sorulan-sorular\/\" \/>\n<meta property=\"og:locale\" content=\"tr_TR\" \/>\n<meta property=\"og:type\" content=\"article\" \/>\n<meta property=\"og:title\" content=\"S\u0131k\u00e7a Sorulan Sorular\" \/>\n<meta property=\"og:description\" content=\"S\u0131k\u00e7a Sorulan Sorular Psikolog Kimdir? Psikologlar Ne Yapar? Terapi Nedir ve Terapi S\u00fcreci Nas\u0131l \u0130\u015fler? Terapi ile \u0130yile\u015febilir miyim?\" \/>\n<meta property=\"og:url\" content=\"https:\/\/hypnosecoachinghamburg.com\/tr\/sikca-sorulan-sorular\/\" \/>\n<meta property=\"og:site_name\" content=\"NRA\" \/>\n<meta property=\"article:publisher\" content=\"https:\/\/www.facebook.com\/naciyerafiq.arli\" \/>\n<meta property=\"article:modified_time\" content=\"2024-05-25T20:16:05+00:00\" \/>\n<meta property=\"og:image\" content=\"https:\/\/hypnosecoachinghamburg.com\/tr\/wp-content\/uploads\/2022\/10\/seek-ge1fc3a2ee_1280.jpg\" \/>\n\t<meta property=\"og:image:width\" content=\"1280\" \/>\n\t<meta property=\"og:image:height\" content=\"853\" \/>\n\t<meta property=\"og:image:type\" content=\"image\/jpeg\" \/>\n<meta name=\"twitter:card\" content=\"summary_large_image\" \/>\n<meta name=\"twitter:label1\" content=\"Tahmini okuma s\u00fcresi\" \/>\n\t<meta name=\"twitter:data1\" content=\"4 dakika\" \/>\n<script type=\"application\/ld+json\" class=\"yoast-schema-graph\">{\"@context\":\"https:\/\/schema.org\",\"@graph\":[{\"@type\":\"WebPage\",\"@id\":\"https:\/\/hypnosecoachinghamburg.com\/tr\/sikca-sorulan-sorular\/\",\"url\":\"https:\/\/hypnosecoachinghamburg.com\/tr\/sikca-sorulan-sorular\/\",\"name\":\"S\u0131k\u00e7a Sorulan Sorular\",\"isPartOf\":{\"@id\":\"https:\/\/hypnosecoachinghamburg.com\/tr\/#website\"},\"primaryImageOfPage\":{\"@id\":\"https:\/\/hypnosecoachinghamburg.com\/tr\/sikca-sorulan-sorular\/#primaryimage\"},\"image\":{\"@id\":\"https:\/\/hypnosecoachinghamburg.com\/tr\/sikca-sorulan-sorular\/#primaryimage\"},\"thumbnailUrl\":\"https:\/\/hypnosecoachinghamburg.com\/tr\/wp-content\/uploads\/2022\/10\/seek-ge1fc3a2ee_1280.jpg\",\"datePublished\":\"2024-05-25T06:01:14+00:00\",\"dateModified\":\"2024-05-25T20:16:05+00:00\",\"description\":\"S\u0131k\u00e7a Sorulan Sorular Psikolog Kimdir? Psikologlar Ne Yapar? Terapi Nedir ve Terapi S\u00fcreci Nas\u0131l \u0130\u015fler? Terapi ile \u0130yile\u015febilir miyim?\",\"breadcrumb\":{\"@id\":\"https:\/\/hypnosecoachinghamburg.com\/tr\/sikca-sorulan-sorular\/#breadcrumb\"},\"inLanguage\":\"tr\",\"potentialAction\":[{\"@type\":\"ReadAction\",\"target\":[\"https:\/\/hypnosecoachinghamburg.com\/tr\/sikca-sorulan-sorular\/\"]}]},{\"@type\":\"ImageObject\",\"inLanguage\":\"tr\",\"@id\":\"https:\/\/hypnosecoachinghamburg.com\/tr\/sikca-sorulan-sorular\/#primaryimage\",\"url\":\"https:\/\/hypnosecoachinghamburg.com\/tr\/wp-content\/uploads\/2022\/10\/seek-ge1fc3a2ee_1280.jpg\",\"contentUrl\":\"https:\/\/hypnosecoachinghamburg.com\/tr\/wp-content\/uploads\/2022\/10\/seek-ge1fc3a2ee_1280.jpg\",\"width\":1280,\"height\":853},{\"@type\":\"BreadcrumbList\",\"@id\":\"https:\/\/hypnosecoachinghamburg.com\/tr\/sikca-sorulan-sorular\/#breadcrumb\",\"itemListElement\":[{\"@type\":\"ListItem\",\"position\":1,\"name\":\"Anasayfa\",\"item\":\"https:\/\/hypnosecoachinghamburg.com\/tr\/\"},{\"@type\":\"ListItem\",\"position\":2,\"name\":\"S\u0131k\u00e7a Sorulan Sorular\"}]},{\"@type\":\"WebSite\",\"@id\":\"https:\/\/hypnosecoachinghamburg.com\/tr\/#website\",\"url\":\"https:\/\/hypnosecoachinghamburg.com\/tr\/\",\"name\":\"NRA\",\"description\":\"Psikoterapi Alan\u0131nda Do\u011fal Tedavi Uzman\u0131 &amp; Hipnoz Terapisti\",\"publisher\":{\"@id\":\"https:\/\/hypnosecoachinghamburg.com\/tr\/#organization\"},\"potentialAction\":[{\"@type\":\"SearchAction\",\"target\":{\"@type\":\"EntryPoint\",\"urlTemplate\":\"https:\/\/hypnosecoachinghamburg.com\/tr\/?s={search_term_string}\"},\"query-input\":{\"@type\":\"PropertyValueSpecification\",\"valueRequired\":true,\"valueName\":\"search_term_string\"}}],\"inLanguage\":\"tr\"},{\"@type\":\"Organization\",\"@id\":\"https:\/\/hypnosecoachinghamburg.com\/tr\/#organization\",\"name\":\"NRA\",\"url\":\"https:\/\/hypnosecoachinghamburg.com\/tr\/\",\"logo\":{\"@type\":\"ImageObject\",\"inLanguage\":\"tr\",\"@id\":\"https:\/\/hypnosecoachinghamburg.com\/tr\/#\/schema\/logo\/image\/\",\"url\":\"https:\/\/hypnosecoachinghamburg.com\/tr\/wp-content\/uploads\/2019\/07\/logo-nra.png\",\"contentUrl\":\"https:\/\/hypnosecoachinghamburg.com\/tr\/wp-content\/uploads\/2019\/07\/logo-nra.png\",\"width\":681,\"height\":521,\"caption\":\"NRA\"},\"image\":{\"@id\":\"https:\/\/hypnosecoachinghamburg.com\/tr\/#\/schema\/logo\/image\/\"},\"sameAs\":[\"https:\/\/www.facebook.com\/naciyerafiq.arli\",\"https:\/\/www.instagram.com\/hypnosepraxishamburg\/\"]}]}<\/script>\n<!-- \/ Yoast SEO plugin. -->","yoast_head_json":{"title":"S\u0131k\u00e7a Sorulan Sorular","description":"S\u0131k\u00e7a Sorulan Sorular Psikolog Kimdir? Psikologlar Ne Yapar? Terapi Nedir ve Terapi S\u00fcreci Nas\u0131l \u0130\u015fler? Terapi ile \u0130yile\u015febilir miyim?","robots":{"index":"index","follow":"follow","max-snippet":"max-snippet:-1","max-image-preview":"max-image-preview:large","max-video-preview":"max-video-preview:-1"},"canonical":"https:\/\/hypnosecoachinghamburg.com\/tr\/sikca-sorulan-sorular\/","og_locale":"tr_TR","og_type":"article","og_title":"S\u0131k\u00e7a Sorulan Sorular","og_description":"S\u0131k\u00e7a Sorulan Sorular Psikolog Kimdir? Psikologlar Ne Yapar? Terapi Nedir ve Terapi S\u00fcreci Nas\u0131l \u0130\u015fler? Terapi ile \u0130yile\u015febilir miyim?","og_url":"https:\/\/hypnosecoachinghamburg.com\/tr\/sikca-sorulan-sorular\/","og_site_name":"NRA","article_publisher":"https:\/\/www.facebook.com\/naciyerafiq.arli","article_modified_time":"2024-05-25T20:16:05+00:00","og_image":[{"width":1280,"height":853,"url":"https:\/\/hypnosecoachinghamburg.com\/tr\/wp-content\/uploads\/2022\/10\/seek-ge1fc3a2ee_1280.jpg","type":"image\/jpeg"}],"twitter_card":"summary_large_image","twitter_misc":{"Tahmini okuma s\u00fcresi":"4 dakika"},"schema":{"@context":"https:\/\/schema.org","@graph":[{"@type":"WebPage","@id":"https:\/\/hypnosecoachinghamburg.com\/tr\/sikca-sorulan-sorular\/","url":"https:\/\/hypnosecoachinghamburg.com\/tr\/sikca-sorulan-sorular\/","name":"S\u0131k\u00e7a Sorulan Sorular","isPartOf":{"@id":"https:\/\/hypnosecoachinghamburg.com\/tr\/#website"},"primaryImageOfPage":{"@id":"https:\/\/hypnosecoachinghamburg.com\/tr\/sikca-sorulan-sorular\/#primaryimage"},"image":{"@id":"https:\/\/hypnosecoachinghamburg.com\/tr\/sikca-sorulan-sorular\/#primaryimage"},"thumbnailUrl":"https:\/\/hypnosecoachinghamburg.com\/tr\/wp-content\/uploads\/2022\/10\/seek-ge1fc3a2ee_1280.jpg","datePublished":"2024-05-25T06:01:14+00:00","dateModified":"2024-05-25T20:16:05+00:00","description":"S\u0131k\u00e7a Sorulan Sorular Psikolog Kimdir? Psikologlar Ne Yapar? Terapi Nedir ve Terapi S\u00fcreci Nas\u0131l \u0130\u015fler? Terapi ile \u0130yile\u015febilir miyim?","breadcrumb":{"@id":"https:\/\/hypnosecoachinghamburg.com\/tr\/sikca-sorulan-sorular\/#breadcrumb"},"inLanguage":"tr","potentialAction":[{"@type":"ReadAction","target":["https:\/\/hypnosecoachinghamburg.com\/tr\/sikca-sorulan-sorular\/"]}]},{"@type":"ImageObject","inLanguage":"tr","@id":"https:\/\/hypnosecoachinghamburg.com\/tr\/sikca-sorulan-sorular\/#primaryimage","url":"https:\/\/hypnosecoachinghamburg.com\/tr\/wp-content\/uploads\/2022\/10\/seek-ge1fc3a2ee_1280.jpg","contentUrl":"https:\/\/hypnosecoachinghamburg.com\/tr\/wp-content\/uploads\/2022\/10\/seek-ge1fc3a2ee_1280.jpg","width":1280,"height":853},{"@type":"BreadcrumbList","@id":"https:\/\/hypnosecoachinghamburg.com\/tr\/sikca-sorulan-sorular\/#breadcrumb","itemListElement":[{"@type":"ListItem","position":1,"name":"Anasayfa","item":"https:\/\/hypnosecoachinghamburg.com\/tr\/"},{"@type":"ListItem","position":2,"name":"S\u0131k\u00e7a Sorulan Sorular"}]},{"@type":"WebSite","@id":"https:\/\/hypnosecoachinghamburg.com\/tr\/#website","url":"https:\/\/hypnosecoachinghamburg.com\/tr\/","name":"NRA","description":"Psikoterapi Alan\u0131nda Do\u011fal Tedavi Uzman\u0131 &amp; Hipnoz Terapisti","publisher":{"@id":"https:\/\/hypnosecoachinghamburg.com\/tr\/#organization"},"potentialAction":[{"@type":"SearchAction","target":{"@type":"EntryPoint","urlTemplate":"https:\/\/hypnosecoachinghamburg.com\/tr\/?s={search_term_string}"},"query-input":{"@type":"PropertyValueSpecification","valueRequired":true,"valueName":"search_term_string"}}],"inLanguage":"tr"},{"@type":"Organization","@id":"https:\/\/hypnosecoachinghamburg.com\/tr\/#organization","name":"NRA","url":"https:\/\/hypnosecoachinghamburg.com\/tr\/","logo":{"@type":"ImageObject","inLanguage":"tr","@id":"https:\/\/hypnosecoachinghamburg.com\/tr\/#\/schema\/logo\/image\/","url":"https:\/\/hypnosecoachinghamburg.com\/tr\/wp-content\/uploads\/2019\/07\/logo-nra.png","contentUrl":"https:\/\/hypnosecoachinghamburg.com\/tr\/wp-content\/uploads\/2019\/07\/logo-nra.png","width":681,"height":521,"caption":"NRA"},"image":{"@id":"https:\/\/hypnosecoachinghamburg.com\/tr\/#\/schema\/logo\/image\/"},"sameAs":["https:\/\/www.facebook.com\/naciyerafiq.arli","https:\/\/www.instagram.com\/hypnosepraxishamburg\/"]}]}},"_links":{"self":[{"href":"https:\/\/hypnosecoachinghamburg.com\/tr\/wp-json\/wp\/v2\/pages\/1434","targetHints":{"allow":["GET"]}}],"collection":[{"href":"https:\/\/hypnosecoachinghamburg.com\/tr\/wp-json\/wp\/v2\/pages"}],"about":[{"href":"https:\/\/hypnosecoachinghamburg.com\/tr\/wp-json\/wp\/v2\/types\/page"}],"author":[{"embeddable":true,"href":"https:\/\/hypnosecoachinghamburg.com\/tr\/wp-json\/wp\/v2\/users\/1"}],"replies":[{"embeddable":true,"href":"https:\/\/hypnosecoachinghamburg.com\/tr\/wp-json\/wp\/v2\/comments?post=1434"}],"version-history":[{"count":10,"href":"https:\/\/hypnosecoachinghamburg.com\/tr\/wp-json\/wp\/v2\/pages\/1434\/revisions"}],"predecessor-version":[{"id":1732,"href":"https:\/\/hypnosecoachinghamburg.com\/tr\/wp-json\/wp\/v2\/pages\/1434\/revisions\/1732"}],"wp:featuredmedia":[{"embeddable":true,"href":"https:\/\/hypnosecoachinghamburg.com\/tr\/wp-json\/wp\/v2\/media\/1733"}],"wp:attachment":[{"href":"https:\/\/hypnosecoachinghamburg.com\/tr\/wp-json\/wp\/v2\/media?parent=1434"}],"curies":[{"name":"wp","href":"https:\/\/api.w.org\/{rel}","templated":true}]}}