{"id":1428,"date":"2024-05-25T08:54:27","date_gmt":"2024-05-25T05:54:27","guid":{"rendered":"http:\/\/nra.demoadresi.com\/?page_id=1428"},"modified":"2024-05-25T23:04:33","modified_gmt":"2024-05-25T20:04:33","slug":"klinik-hipnoz","status":"publish","type":"page","link":"https:\/\/hypnosecoachinghamburg.com\/tr\/klinik-hipnoz\/","title":{"rendered":"Klinik Hipnoz"},"content":{"rendered":"<p>[vc_row][vc_column][vc_column_text]<\/p>\n<h1><strong>Klinik Hipnoz Terapisi<\/strong><\/h1>\n<h2><strong>Klinik Hipnoz Nedir?<\/strong><\/h2>\n<p>Yunancadaki \u201dhypnos\u201d kelimesinin T\u00fcrk\u00e7e anlam\u0131 uykudur, fakat klinik hipnoz bildi\u011fimiz klasik uyku hali de\u011fildir. \u0130\u015fin asl\u0131na bakarsan\u0131z, hipnoz uykunun tam z\u0131tt\u0131d\u0131r, zira beyin dalgalar\u0131 olduk\u00e7a yo\u011fun bir uyan\u0131kl\u0131\u011fa i\u015faret etmektedir. Hipnoz ba\u015fka bir deyi\u015fle uyku ve uyan\u0131kl\u0131k aras\u0131nda de\u011fi\u015fime u\u011fram\u0131\u015f olan bir bilin\u00e7 d\u00fczeyidir.<\/p>\n<p>Hipnoz veya daha do\u011fru bir ifadeyle hipnotik trans, hem \u00e7ok eksi, hem de ayn\u0131 zamanda modern bir tedavi metodudur. V\u00fccudu ve ruhu ba\u015fka hi\u00e7bir terapi \u015feklinin birle\u015ftirmedi\u011fi kadar birle\u015ftirmektedir. Hipnoterapi ayr\u0131ca \u2018Bilimsel Psikoterapi Dan\u0131\u015fma Kurulu\u2019 taraf\u0131ndan Almanya\u2019da bilimsel olarak test edilmi\u015f bir tedavi y\u00f6ntemi olarak tan\u0131nmaktad\u0131r.<\/p>\n<p>Hipnotik trans, i\u00e7sel ritimleri sakinle\u015ftirip uyumlu hale getirmektedir. Daha sakin, yava\u015f ve d\u00fczenli bir nefes al\u0131p verme ile daha uyumlu kan dola\u015f\u0131m\u0131 (kalp at\u0131\u015f h\u0131z\u0131, kan bas\u0131nc\u0131) meydana gelmektedir.<\/p>\n<p>Beyin b\u00f6yle bir durum kar\u015f\u0131s\u0131nda alfa dalgalar\u0131 olarak adland\u0131r\u0131lan beyin dalgalar\u0131n\u0131 (8 ile 14 Hertz aras\u0131nda olan frekanslar) salmaktad\u0131r. Ve s\u00f6z konusu olan ayn\u0131 durum da normalde hipnoz esnas\u0131nda elde edilmektedir. Beta ve teta dalgalar\u0131 aras\u0131nda ise (8 Hz alt\u0131) do\u011fal uyku halinde oluyoruz. Nadir vakalarda, bu durum hipnoz esnas\u0131nda da olu\u015fabilir.<\/p>\n<p>V\u00fccudun t\u00fcm kas tonusu azalmaktad\u0131r, kan damalar\u0131 ise geni\u015flemektedir. Stres hormonu seviyesi d\u00fc\u015fmektedir ve baz\u0131 refleksleri tetikleme durumu da d\u00fc\u015f\u00fc\u015f g\u00f6stermektedir.<\/p>\n<p>Hipnotik trans \u00f6zellikle gev\u015femi\u015f, rahatlam\u0131\u015f ve korkusuz bir hali tarif etmektedir ve bu esnada da daha fazla hayal g\u00fcc\u00fc ve yarat\u0131c\u0131l\u0131k ile kendini g\u00f6steren de\u011fi\u015fik bir i\u00e7 g\u00f6zlem ve ayn\u0131 \u015fekilde daha da iyile\u015fmi\u015f bir imgeleme ile ba\u011flant\u0131 s\u00f6z konusudur.<\/p>\n<p>Hipnoz, bir hedefe odaklanan bir trans durumudur. Bunu ilk kez ya\u015fayan bir\u00e7ok ki\u015fi hipnoz olduklar\u0131na inanmamaktad\u0131r. Bunun sebebi de hipnoz esnas\u0131ndaki bilin\u00e7 de\u011fi\u015fikli\u011finin tamamen yeni bir his olmamas\u0131d\u0131r. \u2018Dalm\u0131\u015f olma durumu\u2019 asl\u0131nda bilinen bir his ve durumdur. Hepimiz bu hissi biliyoruz ve bunun bir trans oldu\u011funu bilmeden bir\u00e7ok kez ya\u015fam\u0131\u015f\u0131zd\u0131r (g\u00fcnl\u00fck trans).<\/p>\n<p>Hipnotik trans esnas\u0131nda, dikkat \u00e7ok yo\u011fun bir bi\u00e7imde i\u00e7eri do\u011fru odaklanm\u0131\u015ft\u0131r ve hatta bazen \u00e7ok canl\u0131 i\u00e7ten gelen resimlere veya hislere (r\u00fcya benzeri) ula\u015fmak m\u00fcmk\u00fcn olmaktad\u0131r.<\/p>\n<p>\u00c7o\u011funlukla ge\u00e7mi\u015fteki resimlerin yan\u0131 s\u0131ra, ilgili ki\u015fiyi o an olduk\u00e7a me\u015fgul eden ve arzulanan resimler, fikirler ya da d\u00fc\u015f\u00fcnceler de ortaya \u00e7\u0131kabilmektedir.<\/p>\n<p>Trans esnas\u0131nda zihin bir d\u00fc\u015f\u00fcnceye, fikre, bir v\u00fccut b\u00f6l\u00fcm\u00fcne veya bir telkine odaklanm\u0131\u015f durumdad\u0131r ve bu esnada da d\u0131\u015f ger\u00e7eklik ise arka plana itilmi\u015f vaziyettedir. Telkinler daha kolay kabul edilmektedir ve iyile\u015fme s\u00fcre\u00e7leri i\u00e7in kullan\u0131labilmektedir. Do\u011frudan veya dolayl\u0131 telkinler gizli kalm\u0131\u015f ve fark\u0131nda olunmayan kaynak ve potansiyellere eri\u015fimi sa\u011flamaktad\u0131r.<\/p>\n<p>Dan\u0131\u015fan trans esnas\u0131nda daha \u00f6nce haberdar olmad\u0131\u011f\u0131 veya \u00e7oktan unuttu\u011fu i\u00e7 kaynaklar hakk\u0131nda bilgi sahibi olmaktad\u0131r.<\/p>\n<p>T\u0131bbi veya psikoterapi kullan\u0131m\u0131nda ise bu \u00f6zellik, \u2018g\u00fcndelik transa\u2019 ilaveten \u00f6yle g\u00fc\u00e7l\u00fc ve odakl\u0131 desteklenmektedir ki, fiziksel ve\/veya ruhsal sorunlar\u0131n \u00e7\u00f6z\u00fcm\u00fcnde kullan\u0131labilir hale getirilmektedir.<\/p>\n<p>Hipnoz sayesinde bilin\u00e7siz davran\u0131\u015f \u015fekilleri yeniden koordine edilmektedir. B\u00f6ylece de blokajlar ortadan kald\u0131r\u0131lmaktad\u0131r. Ayn\u0131 \u015fekilde ruhsal s\u0131k\u0131nt\u0131lar da yok edilebilmektedir. Modern hipnoz teknikleri size bilin\u00e7siz bir \u015fekilde i\u015flemeye devam eden \u2018programlar\u0131\u2019 pozitif y\u00f6ne \u00e7evirerek, adeta yeniden programlamaya yard\u0131mc\u0131 olmaktad\u0131r.<\/p>\n<p>Transta ya\u015fananlar, ayr\u0131ca de\u011fi\u015fik bir zaman alg\u0131s\u0131 ile ba\u011flant\u0131l\u0131 olabilmektedir. Bu durum, meditasyon, ko\u015fu, dalm\u0131\u015f bi\u00e7imde kitap okuma veya uyan\u0131kken g\u00f6r\u00fclen r\u00fcyalar ile kar\u015f\u0131la\u015ft\u0131r\u0131labilir.<\/p>\n<p>Herkes trans\u0131 kendine has ki\u015fisel bi\u00e7imde ve tarzda tecr\u00fcbe etmektedir. \u00d6znel olarak, \u00e7ok bireysel bir tecr\u00fcbe oldu\u011fu i\u00e7in t\u00fcm dan\u0131\u015fanlar taraf\u0131ndan olmasa da, hipnotik trans durumu genelde \u00e7ok derin bir rahatlama olarak alg\u0131lanmaktad\u0131r. Bu \u00f6znel tecr\u00fcbeye ra\u011fmen, tipik bir hipnotik hissin mevcut olmad\u0131\u011f\u0131n\u0131n alt\u0131n\u0131 \u00e7izmekte yarar vard\u0131r.<\/p>\n<h3><strong>Hipnoz tedavisi esnas\u0131nda kontrol\u00fc kaybediyor muyum?<\/strong><\/h3>\n<p>Hay\u0131r, t\u00fcm seans esnas\u0131nda kontrol %100 olarak sizde. Hipnoz bir iradesizlik durumu de\u011fildir. Tam tersi, hatta kendiniz ve bilinciniz \u00fczerinde \u00e7ok daha fazla kontrole sahip oluyorsunuz. \u00c7ok yo\u011fun konsantrasyon ve i\u00e7eriye y\u00f6neltilmi\u015f olan odak (trans durumu) ve ayn\u0131 \u015fekilde dikkat, ruhsal aleminizdeki bilin\u00e7d\u0131\u015f\u0131l\u0131\u011fa eri\u015fim sa\u011flamaktad\u0131r.<\/p>\n<p>Milton Erickson uyar\u0131nca modern hipnoterapide, dan\u0131\u015fan ve ko\u00e7 bir tak\u0131m olu\u015fturmaktad\u0131r. Benimle s\u00fcrekli olarak ileti\u015fim halindesiniz. Siz tam olarak oradas\u0131n\u0131z ve ayr\u0131ca istedi\u011finiz zaman tekrar burada ve \u015fimdide olmak i\u00e7in bu durumdan \u00e7\u0131kma olas\u0131l\u0131\u011f\u0131n\u0131z mevcuttur.<\/p>\n<h3><strong>Herkesi hipnoz etmek m\u00fcmk\u00fcn m\u00fcd\u00fcr?<\/strong><\/h3>\n<p>Hipnoz, her insan\u0131n r\u00fcya g\u00f6rebilmesi ve kendisini bilin\u00e7li bir \u015fekilde alg\u0131layabilmesi gibi sahip oldu\u011fu biyolojik bir kabiliyettir. Bu y\u00fczden, e\u011fer ki beyinde n\u00f6rolojik bozukluklar veya hastal\u0131klar s\u00f6z konusu de\u011filse, asl\u0131nda t\u00fcm insanlar hipnotize edilebilir.<\/p>\n<p>Her insan, e\u011fer ki bunu istiyorsa, hipnotik duruma sokulabilir. Her bir hipnoz i\u00e7in, bu duruma sokulmaya dair aktif bir istek mevcut olmak zorundad\u0131r. Bir insan\u0131n kendi iradesine kar\u015f\u0131 hipnoz yapmak m\u00fcmk\u00fcn de\u011fildir. N\u00fcfusun %90\u2019\u0131 yeterli oranda trans durumuna ge\u00e7me becerisine sahiptir.<\/p>\n<p>\u0130yi hayal g\u00fcc\u00fcne ve iyi konsantrasyon kabiliyetine sahip olan insanlar, iyi bir bi\u00e7imde hipnoz durumuna ge\u00e7ebilirler. Rahatlama y\u00f6ntemlerini bilen veya meditasyon yapan dan\u0131\u015fanlar da h\u0131zl\u0131 bir bi\u00e7imde rahatlat\u0131c\u0131 trans durumuna eri\u015febilirler.<\/p>\n<h3>\u00c7o\u011funlukla tahmin edildi\u011fi gibi y\u00f6nlendirme ba\u015far\u0131lar\u0131, trans durumunun derinli\u011fine ba\u011fl\u0131 de\u011fildir \u2013 ba\u015far\u0131l\u0131 bi\u00e7imde \u00e7al\u0131\u015fmak i\u00e7in hafif bir trans durumu tamamen yeterlidir.<\/h3>\n<h3><strong>Bir hipnoz seans\u0131 nas\u0131l yap\u0131lmaktad\u0131r?<\/strong><\/h3>\n<p>\u00d6n g\u00f6r\u00fc\u015fmede sizin konunuzu ve ayr\u0131ca t\u00fcm sorular\u0131n\u0131z\u0131 detayl\u0131 bir \u015fekilde g\u00f6r\u00fc\u015ft\u00fckten sonra, sizin ki\u015fisel hedef ve ikincil hedeflerinizi de kapsayan detayl\u0131 bir ilk tespit ger\u00e7ekle\u015ftirilmektedir. Daha sonra ise detayl\u0131 olarak ilk g\u00f6r\u00fc\u015fmede sizinle konusal olarak kararla\u015ft\u0131r\u0131ld\u0131\u011f\u0131 \u015fekilde, size trans\u0131n\u0131z boyunca e\u015flik edece\u011fim. Hipnozun sonunda ise kendi temponuzda tekrar normal bilin\u00e7 d\u00fczeyine ge\u00e7me \u015fans\u0131n\u0131 elde edeceksiniz ve bu da olduk\u00e7a ho\u015f bir duygu olarak alg\u0131lanmaktad\u0131r.<\/p>\n<p>Detayl\u0131 ilk tespitin (anamnez) yap\u0131ld\u0131\u011f\u0131 ilk seans, genelde 2-3 saat s\u00fcrmektedir. Bazen biraz daha uzun veya k\u0131sa s\u00fcrebilir. Genelde kafay\u0131 \u00e7ok yoran i\u015flemden sonra ise k\u0131sa bir gev\u015feme seans\u0131 hastalar taraf\u0131ndan \u00e7o\u011funlukla olduk\u00e7a dinlendirici ve ferahlat\u0131c\u0131 olarak alg\u0131lanmaktad\u0131r.<\/p>\n<p>As\u0131l tematik trans i\u015flemi ise genelde bir sonraki seansta ba\u015flamaktad\u0131r. Seans\u0131n olu\u015fturulmas\u0131nda bireysel istekler ve anla\u015fmalar tabii her zaman yap\u0131labilmektedir.<\/p>\n<p><img loading=\"lazy\" decoding=\"async\" class=\"alignnone size-medium wp-image-1714\" src=\"https:\/\/hypnosecoachinghamburg.com\/tr\/wp-content\/uploads\/2022\/09\/beach-2836300_1280-300x169.jpg\" alt=\"\" width=\"300\" height=\"169\" srcset=\"https:\/\/hypnosecoachinghamburg.com\/tr\/wp-content\/uploads\/2022\/09\/beach-2836300_1280-300x169.jpg 300w, https:\/\/hypnosecoachinghamburg.com\/tr\/wp-content\/uploads\/2022\/09\/beach-2836300_1280-1024x576.jpg 1024w, https:\/\/hypnosecoachinghamburg.com\/tr\/wp-content\/uploads\/2022\/09\/beach-2836300_1280.jpg 1280w\" sizes=\"auto, (max-width: 300px) 100vw, 300px\" \/>[\/vc_column_text][\/vc_column][\/vc_row]<\/p>\n","protected":false},"excerpt":{"rendered":"<p>[vc_row][vc_column][vc_column_text] Klinik Hipnoz Terapisi Klinik Hipnoz Nedir? Yunancadaki \u201dhypnos\u201d kelimesinin T\u00fcrk\u00e7e anlam\u0131 uykudur, fakat klinik hipnoz bildi\u011fimiz klasik uyku hali de\u011fildir. \u0130\u015fin asl\u0131na bakarsan\u0131z, hipnoz uykunun tam z\u0131tt\u0131d\u0131r, zira beyin dalgalar\u0131 olduk\u00e7a yo\u011fun bir uyan\u0131kl\u0131\u011fa i\u015faret etmektedir. Hipnoz ba\u015fka bir deyi\u015fle uyku ve uyan\u0131kl\u0131k aras\u0131nda de\u011fi\u015fime u\u011fram\u0131\u015f olan bir bilin\u00e7 d\u00fczeyidir. Hipnoz veya daha do\u011fru <\/p>\n","protected":false},"author":1,"featured_media":1714,"parent":0,"menu_order":0,"comment_status":"closed","ping_status":"closed","template":"page-blocks.php","meta":{"_exactmetrics_skip_tracking":false,"_exactmetrics_sitenote_active":false,"_exactmetrics_sitenote_note":"","_exactmetrics_sitenote_category":0,"_joinchat":[],"footnotes":""},"class_list":["post-1428","page","type-page","status-publish","has-post-thumbnail"],"yoast_head":"<!-- This site is optimized with the Yoast SEO plugin v25.1 - https:\/\/yoast.com\/wordpress\/plugins\/seo\/ -->\n<title>Klinik Hipnoz Terapisi<\/title>\n<meta name=\"description\" content=\"Hipnoterapi hipnoz ile terapi y\u00f6ntemi anlam\u0131na gelir. Klinik psikolog olarak hipnoz y\u00f6ntemini kendi mesleki s\u0131n\u0131rlar\u0131m i\u00e7inde kullan\u0131yorum\" \/>\n<meta name=\"robots\" content=\"index, follow, max-snippet:-1, max-image-preview:large, max-video-preview:-1\" \/>\n<link rel=\"canonical\" href=\"https:\/\/hypnosecoachinghamburg.com\/tr\/klinik-hipnoz\/\" \/>\n<meta property=\"og:locale\" content=\"tr_TR\" \/>\n<meta property=\"og:type\" content=\"article\" \/>\n<meta property=\"og:title\" content=\"Klinik Hipnoz Terapisi\" \/>\n<meta property=\"og:description\" content=\"Hipnoterapi hipnoz ile terapi y\u00f6ntemi anlam\u0131na gelir. Klinik psikolog olarak hipnoz y\u00f6ntemini kendi mesleki s\u0131n\u0131rlar\u0131m i\u00e7inde kullan\u0131yorum\" \/>\n<meta property=\"og:url\" content=\"https:\/\/hypnosecoachinghamburg.com\/tr\/klinik-hipnoz\/\" \/>\n<meta property=\"og:site_name\" content=\"NRA\" \/>\n<meta property=\"article:publisher\" content=\"https:\/\/www.facebook.com\/naciyerafiq.arli\" \/>\n<meta property=\"article:modified_time\" content=\"2024-05-25T20:04:33+00:00\" \/>\n<meta property=\"og:image\" content=\"https:\/\/hypnosecoachinghamburg.com\/tr\/wp-content\/uploads\/2022\/09\/beach-2836300_1280.jpg\" \/>\n\t<meta property=\"og:image:width\" content=\"1280\" \/>\n\t<meta property=\"og:image:height\" content=\"720\" \/>\n\t<meta property=\"og:image:type\" content=\"image\/jpeg\" \/>\n<meta name=\"twitter:card\" content=\"summary_large_image\" \/>\n<meta name=\"twitter:label1\" content=\"Tahmini okuma s\u00fcresi\" \/>\n\t<meta name=\"twitter:data1\" content=\"6 dakika\" \/>\n<script type=\"application\/ld+json\" class=\"yoast-schema-graph\">{\"@context\":\"https:\/\/schema.org\",\"@graph\":[{\"@type\":\"WebPage\",\"@id\":\"https:\/\/hypnosecoachinghamburg.com\/tr\/klinik-hipnoz\/\",\"url\":\"https:\/\/hypnosecoachinghamburg.com\/tr\/klinik-hipnoz\/\",\"name\":\"Klinik Hipnoz Terapisi\",\"isPartOf\":{\"@id\":\"https:\/\/hypnosecoachinghamburg.com\/tr\/#website\"},\"primaryImageOfPage\":{\"@id\":\"https:\/\/hypnosecoachinghamburg.com\/tr\/klinik-hipnoz\/#primaryimage\"},\"image\":{\"@id\":\"https:\/\/hypnosecoachinghamburg.com\/tr\/klinik-hipnoz\/#primaryimage\"},\"thumbnailUrl\":\"https:\/\/hypnosecoachinghamburg.com\/tr\/wp-content\/uploads\/2022\/09\/beach-2836300_1280.jpg\",\"datePublished\":\"2024-05-25T05:54:27+00:00\",\"dateModified\":\"2024-05-25T20:04:33+00:00\",\"description\":\"Hipnoterapi hipnoz ile terapi y\u00f6ntemi anlam\u0131na gelir. Klinik psikolog olarak hipnoz y\u00f6ntemini kendi mesleki s\u0131n\u0131rlar\u0131m i\u00e7inde kullan\u0131yorum\",\"breadcrumb\":{\"@id\":\"https:\/\/hypnosecoachinghamburg.com\/tr\/klinik-hipnoz\/#breadcrumb\"},\"inLanguage\":\"tr\",\"potentialAction\":[{\"@type\":\"ReadAction\",\"target\":[\"https:\/\/hypnosecoachinghamburg.com\/tr\/klinik-hipnoz\/\"]}]},{\"@type\":\"ImageObject\",\"inLanguage\":\"tr\",\"@id\":\"https:\/\/hypnosecoachinghamburg.com\/tr\/klinik-hipnoz\/#primaryimage\",\"url\":\"https:\/\/hypnosecoachinghamburg.com\/tr\/wp-content\/uploads\/2022\/09\/beach-2836300_1280.jpg\",\"contentUrl\":\"https:\/\/hypnosecoachinghamburg.com\/tr\/wp-content\/uploads\/2022\/09\/beach-2836300_1280.jpg\",\"width\":1280,\"height\":720},{\"@type\":\"BreadcrumbList\",\"@id\":\"https:\/\/hypnosecoachinghamburg.com\/tr\/klinik-hipnoz\/#breadcrumb\",\"itemListElement\":[{\"@type\":\"ListItem\",\"position\":1,\"name\":\"Anasayfa\",\"item\":\"https:\/\/hypnosecoachinghamburg.com\/tr\/\"},{\"@type\":\"ListItem\",\"position\":2,\"name\":\"Klinik Hipnoz\"}]},{\"@type\":\"WebSite\",\"@id\":\"https:\/\/hypnosecoachinghamburg.com\/tr\/#website\",\"url\":\"https:\/\/hypnosecoachinghamburg.com\/tr\/\",\"name\":\"NRA\",\"description\":\"Psikoterapi Alan\u0131nda Do\u011fal Tedavi Uzman\u0131 &amp; Hipnoz Terapisti\",\"publisher\":{\"@id\":\"https:\/\/hypnosecoachinghamburg.com\/tr\/#organization\"},\"potentialAction\":[{\"@type\":\"SearchAction\",\"target\":{\"@type\":\"EntryPoint\",\"urlTemplate\":\"https:\/\/hypnosecoachinghamburg.com\/tr\/?s={search_term_string}\"},\"query-input\":{\"@type\":\"PropertyValueSpecification\",\"valueRequired\":true,\"valueName\":\"search_term_string\"}}],\"inLanguage\":\"tr\"},{\"@type\":\"Organization\",\"@id\":\"https:\/\/hypnosecoachinghamburg.com\/tr\/#organization\",\"name\":\"NRA\",\"url\":\"https:\/\/hypnosecoachinghamburg.com\/tr\/\",\"logo\":{\"@type\":\"ImageObject\",\"inLanguage\":\"tr\",\"@id\":\"https:\/\/hypnosecoachinghamburg.com\/tr\/#\/schema\/logo\/image\/\",\"url\":\"https:\/\/hypnosecoachinghamburg.com\/tr\/wp-content\/uploads\/2019\/07\/logo-nra.png\",\"contentUrl\":\"https:\/\/hypnosecoachinghamburg.com\/tr\/wp-content\/uploads\/2019\/07\/logo-nra.png\",\"width\":681,\"height\":521,\"caption\":\"NRA\"},\"image\":{\"@id\":\"https:\/\/hypnosecoachinghamburg.com\/tr\/#\/schema\/logo\/image\/\"},\"sameAs\":[\"https:\/\/www.facebook.com\/naciyerafiq.arli\",\"https:\/\/www.instagram.com\/hypnosepraxishamburg\/\"]}]}<\/script>\n<!-- \/ Yoast SEO plugin. -->","yoast_head_json":{"title":"Klinik Hipnoz Terapisi","description":"Hipnoterapi hipnoz ile terapi y\u00f6ntemi anlam\u0131na gelir. Klinik psikolog olarak hipnoz y\u00f6ntemini kendi mesleki s\u0131n\u0131rlar\u0131m i\u00e7inde kullan\u0131yorum","robots":{"index":"index","follow":"follow","max-snippet":"max-snippet:-1","max-image-preview":"max-image-preview:large","max-video-preview":"max-video-preview:-1"},"canonical":"https:\/\/hypnosecoachinghamburg.com\/tr\/klinik-hipnoz\/","og_locale":"tr_TR","og_type":"article","og_title":"Klinik Hipnoz Terapisi","og_description":"Hipnoterapi hipnoz ile terapi y\u00f6ntemi anlam\u0131na gelir. Klinik psikolog olarak hipnoz y\u00f6ntemini kendi mesleki s\u0131n\u0131rlar\u0131m i\u00e7inde kullan\u0131yorum","og_url":"https:\/\/hypnosecoachinghamburg.com\/tr\/klinik-hipnoz\/","og_site_name":"NRA","article_publisher":"https:\/\/www.facebook.com\/naciyerafiq.arli","article_modified_time":"2024-05-25T20:04:33+00:00","og_image":[{"width":1280,"height":720,"url":"https:\/\/hypnosecoachinghamburg.com\/tr\/wp-content\/uploads\/2022\/09\/beach-2836300_1280.jpg","type":"image\/jpeg"}],"twitter_card":"summary_large_image","twitter_misc":{"Tahmini okuma s\u00fcresi":"6 dakika"},"schema":{"@context":"https:\/\/schema.org","@graph":[{"@type":"WebPage","@id":"https:\/\/hypnosecoachinghamburg.com\/tr\/klinik-hipnoz\/","url":"https:\/\/hypnosecoachinghamburg.com\/tr\/klinik-hipnoz\/","name":"Klinik Hipnoz Terapisi","isPartOf":{"@id":"https:\/\/hypnosecoachinghamburg.com\/tr\/#website"},"primaryImageOfPage":{"@id":"https:\/\/hypnosecoachinghamburg.com\/tr\/klinik-hipnoz\/#primaryimage"},"image":{"@id":"https:\/\/hypnosecoachinghamburg.com\/tr\/klinik-hipnoz\/#primaryimage"},"thumbnailUrl":"https:\/\/hypnosecoachinghamburg.com\/tr\/wp-content\/uploads\/2022\/09\/beach-2836300_1280.jpg","datePublished":"2024-05-25T05:54:27+00:00","dateModified":"2024-05-25T20:04:33+00:00","description":"Hipnoterapi hipnoz ile terapi y\u00f6ntemi anlam\u0131na gelir. Klinik psikolog olarak hipnoz y\u00f6ntemini kendi mesleki s\u0131n\u0131rlar\u0131m i\u00e7inde kullan\u0131yorum","breadcrumb":{"@id":"https:\/\/hypnosecoachinghamburg.com\/tr\/klinik-hipnoz\/#breadcrumb"},"inLanguage":"tr","potentialAction":[{"@type":"ReadAction","target":["https:\/\/hypnosecoachinghamburg.com\/tr\/klinik-hipnoz\/"]}]},{"@type":"ImageObject","inLanguage":"tr","@id":"https:\/\/hypnosecoachinghamburg.com\/tr\/klinik-hipnoz\/#primaryimage","url":"https:\/\/hypnosecoachinghamburg.com\/tr\/wp-content\/uploads\/2022\/09\/beach-2836300_1280.jpg","contentUrl":"https:\/\/hypnosecoachinghamburg.com\/tr\/wp-content\/uploads\/2022\/09\/beach-2836300_1280.jpg","width":1280,"height":720},{"@type":"BreadcrumbList","@id":"https:\/\/hypnosecoachinghamburg.com\/tr\/klinik-hipnoz\/#breadcrumb","itemListElement":[{"@type":"ListItem","position":1,"name":"Anasayfa","item":"https:\/\/hypnosecoachinghamburg.com\/tr\/"},{"@type":"ListItem","position":2,"name":"Klinik Hipnoz"}]},{"@type":"WebSite","@id":"https:\/\/hypnosecoachinghamburg.com\/tr\/#website","url":"https:\/\/hypnosecoachinghamburg.com\/tr\/","name":"NRA","description":"Psikoterapi Alan\u0131nda Do\u011fal Tedavi Uzman\u0131 &amp; Hipnoz Terapisti","publisher":{"@id":"https:\/\/hypnosecoachinghamburg.com\/tr\/#organization"},"potentialAction":[{"@type":"SearchAction","target":{"@type":"EntryPoint","urlTemplate":"https:\/\/hypnosecoachinghamburg.com\/tr\/?s={search_term_string}"},"query-input":{"@type":"PropertyValueSpecification","valueRequired":true,"valueName":"search_term_string"}}],"inLanguage":"tr"},{"@type":"Organization","@id":"https:\/\/hypnosecoachinghamburg.com\/tr\/#organization","name":"NRA","url":"https:\/\/hypnosecoachinghamburg.com\/tr\/","logo":{"@type":"ImageObject","inLanguage":"tr","@id":"https:\/\/hypnosecoachinghamburg.com\/tr\/#\/schema\/logo\/image\/","url":"https:\/\/hypnosecoachinghamburg.com\/tr\/wp-content\/uploads\/2019\/07\/logo-nra.png","contentUrl":"https:\/\/hypnosecoachinghamburg.com\/tr\/wp-content\/uploads\/2019\/07\/logo-nra.png","width":681,"height":521,"caption":"NRA"},"image":{"@id":"https:\/\/hypnosecoachinghamburg.com\/tr\/#\/schema\/logo\/image\/"},"sameAs":["https:\/\/www.facebook.com\/naciyerafiq.arli","https:\/\/www.instagram.com\/hypnosepraxishamburg\/"]}]}},"_links":{"self":[{"href":"https:\/\/hypnosecoachinghamburg.com\/tr\/wp-json\/wp\/v2\/pages\/1428","targetHints":{"allow":["GET"]}}],"collection":[{"href":"https:\/\/hypnosecoachinghamburg.com\/tr\/wp-json\/wp\/v2\/pages"}],"about":[{"href":"https:\/\/hypnosecoachinghamburg.com\/tr\/wp-json\/wp\/v2\/types\/page"}],"author":[{"embeddable":true,"href":"https:\/\/hypnosecoachinghamburg.com\/tr\/wp-json\/wp\/v2\/users\/1"}],"replies":[{"embeddable":true,"href":"https:\/\/hypnosecoachinghamburg.com\/tr\/wp-json\/wp\/v2\/comments?post=1428"}],"version-history":[{"count":9,"href":"https:\/\/hypnosecoachinghamburg.com\/tr\/wp-json\/wp\/v2\/pages\/1428\/revisions"}],"predecessor-version":[{"id":1740,"href":"https:\/\/hypnosecoachinghamburg.com\/tr\/wp-json\/wp\/v2\/pages\/1428\/revisions\/1740"}],"wp:featuredmedia":[{"embeddable":true,"href":"https:\/\/hypnosecoachinghamburg.com\/tr\/wp-json\/wp\/v2\/media\/1714"}],"wp:attachment":[{"href":"https:\/\/hypnosecoachinghamburg.com\/tr\/wp-json\/wp\/v2\/media?parent=1428"}],"curies":[{"name":"wp","href":"https:\/\/api.w.org\/{rel}","templated":true}]}}