{"id":1378,"date":"2024-05-25T12:34:05","date_gmt":"2024-05-25T09:34:05","guid":{"rendered":"http:\/\/nra.demoadresi.com\/?page_id=1378"},"modified":"2024-05-25T23:07:40","modified_gmt":"2024-05-25T20:07:40","slug":"kunye","status":"publish","type":"page","link":"https:\/\/hypnosecoachinghamburg.com\/tr\/kunye\/","title":{"rendered":"K\u00fcnye"},"content":{"rendered":"<p>[vc_row][vc_column][vc_column_text]<\/p>\n<h1>K\u00fcnye<\/h1>\n<p>K\u00fcnye Bilgileri Telemedya Kanunu Madde 5\u2019e g\u00f6re:<br \/>\n<strong>\u0130sim ve Adres:<\/strong> Naciye Rafiq-Arli<br \/>\n<strong>Telefon:<\/strong> +49176 41800480<br \/>\n<strong>E-Posta:<\/strong> n.rafiq-arli@outlook.de<br \/>\n<strong>\u015eirket Y\u00f6neticisi:<\/strong> Naciye Rafiq-Arli<br \/>\n<strong>\u015eirket Merkezi:<\/strong> Hindenburgstrasse 161 \/ 22297 Hamburg<br \/>\n<strong>Websitesi:<\/strong> www.hypnose-coaching.hamburg<br \/>\n<strong><span style=\"font-family: 'Source Sans Pro', Arial, sans-serif; font-size: 16px;\">\u0130\u00e7eriklerden sorumlu ki\u015fi<\/span>:<\/strong> Naciye Rafiq-Arli<\/p>\n<p><strong>Sorumluluk (Disclaimer) \u0130\u00e7erikler i\u00e7in sorumluluk<\/strong><br \/>\nSayfalar\u0131m\u0131z\u0131n i\u00e7eri\u011fi b\u00fcy\u00fck bir titizlikle haz\u0131rlan\u0131r. \u0130\u00e7eriklerin do\u011frulu\u011fu, noksans\u0131z olmas\u0131 ve g\u00fcncelli\u011fi hususunda sorumluluk \u00fcstlenmeyiz. Hizmet veren olarak TMG madde 7 bent 1 gere\u011fi sayfam\u0131zdaki kendi i\u00e7eriklerimizden ge\u00e7erli olan kanunlara g\u00f6re sorumluyuz. TMG madde 8\u2019den madde 10\u2019a kadar hizmet veren olarak iletilen ve depolanan yabanc\u0131 bilgileri hukuka ayk\u0131r\u0131 bir durum te\u015fkil edip etmeme a\u00e7\u0131s\u0131ndan denetleme ya da duruma g\u00f6re ara\u015ft\u0131rma sorumlulu\u011fumuz yoktur. Bilgilerin mevcut kanunlara g\u00f6re kullan\u0131m\u0131n\u0131n kald\u0131r\u0131lmas\u0131 ya da engellenmesi bundan muaft\u0131r. Bu husustaki sorumluluk somut bir kanuna ayk\u0131r\u0131l\u0131ktan haberdar olmakla birlikte ba\u015flar. \u0130lgili kanuna ayk\u0131r\u0131l\u0131\u011f\u0131n tespitinden sonra bu t\u00fcr i\u00e7erikleri derhal kald\u0131raca\u011f\u0131z.<\/p>\n<p><strong>Linklerle \u0130lgili Sorumluluk<\/strong><br \/>\nWebsayfam\u0131z \u00fc\u00e7\u00fcnc\u00fc \u015fah\u0131slar\u0131n harici websayfalar\u0131na ve m\u00fcdahale edemedi\u011fimiz i\u00e7eriklerine linkler i\u00e7erir. Bu nedenle bu yabanc\u0131 i\u00e7erikler i\u00e7in sorumluluk \u00fcstlenemeyiz. Link verilen sayfalar\u0131n i\u00e7erikleri ile ilgili websayfas\u0131n\u0131 i\u015fletenler sorumludur. Link verilen sayfalar linkler olu\u015fturuldu\u011funda hukuka ayk\u0131r\u0131l\u0131k y\u00f6n\u00fcnden incelenmi\u015ftir. Linkler olu\u015fturuldu\u011funda hukuka ayk\u0131r\u0131 i\u00e7erik tespit edilmemi\u015ftir. Link verilen sayfalar\u0131n hukuka ayk\u0131ra oldu\u011funa dair herhangi bir gerek\u00e7e olmadan i\u00e7eriklerinin d\u00fczenli incelenmesi beklenmemelidir. Hukuka ayk\u0131r\u0131l\u0131\u011f\u0131n tespit edilmesiyle birlikte bu t\u00fcr linkler kald\u0131r\u0131lacakt\u0131r.<\/p>\n<p><strong>Telif Hakk\u0131<\/strong><br \/>\nSayfay\u0131 i\u015fletenler taraf\u0131ndan bu sayfada olu\u015fturulan i\u00e7erikler ve eserler Alman Telif Haklar\u0131na tabidir. Telif hakk\u0131 s\u0131n\u0131rlar\u0131 d\u0131\u015f\u0131nda \u00e7o\u011falt\u0131lmas\u0131, i\u015flenmesi, yay\u0131lmas\u0131 ve her t\u00fcrl\u00fc de\u011ferlendirilmesi ilgili yazar\u0131n ya da olu\u015fturan\u0131n yaz\u0131l\u0131 onay\u0131na tabidir. Bu sayfan\u0131n indirilmesi ve kopyalanmas\u0131 ki\u015fisel kullan\u0131m i\u00e7in serbest ancak ticari kullan\u0131m i\u00e7in yasakt\u0131r. Bu sayfadaki yaz\u0131lar i\u015fleten taraf\u0131ndan olu\u015fturulmad\u0131ysa \u00fc\u00e7\u00fcnc\u00fc \u015fah\u0131slar\u0131n telif hakk\u0131na dikkat edilir. \u00dc\u00e7\u00fcnc\u00fc \u015fah\u0131slar\u0131n i\u00e7erikleri ayr\u0131ca belirtilmektedir. Buna ra\u011fmen telif hakk\u0131na ayk\u0131r\u0131 bir duruma rastlarsan\u0131z bizi bilgilendirmenizi rica ederiz. Hukuka ayk\u0131r\u0131l\u0131\u011f\u0131n tespit edilmesi durumunda bu t\u00fcr i\u00e7erikleri derhal kald\u0131raca\u011f\u0131z.<br \/>\nwww.hypnose-hamburg.de sayfas\u0131n\u0131n i\u015fletenleri burada yer alan bilgilerde diledi\u011fi vakit \u00f6nceden haber vermeksizin de\u011fi\u015fiklik ya da ilave yapma hakk\u0131n\u0131 sakl\u0131 tutar.<\/p>\n<p><strong>Veri Koruma<\/strong><br \/>\nWebsayfam\u0131z\u0131n kullan\u0131m\u0131 ki\u015fiye ait bilgiler verilmeden m\u00fcmk\u00fcnd\u00fcr. Sayfalar\u0131m\u0131za ki\u015fiye ait bilgi giri\u015fi (\u00f6rne\u011fin isim, adres ya da mail adresi) oldu\u011funda bu ki\u015finin \u00f6zg\u00fcr iradesiyle ger\u00e7ekle\u015fmi\u015ftir. Bu veriler izniniz olmadan \u00fc\u00e7\u00fcnc\u00fc \u015fah\u0131slarla payla\u015f\u0131lmamaktad\u0131r. Bilgi aktar\u0131m\u0131n\u0131n internette (\u00f6rne\u011fin maille ileti\u015fimde) g\u00fcvenlik a\u00e7\u0131klar\u0131na sebep olabilece\u011fi hususunda uyar\u0131r\u0131z. Verileri \u00fc\u00e7\u00fcnc\u00fc \u015fah\u0131slar\u0131n m\u00fcdahalesine kar\u015f\u0131 y\u00fczde y\u00fcz korumak m\u00fcmk\u00fcn de\u011fildir.<br \/>\nK\u00fcnye zorunlulu\u011fu \u00e7er\u00e7evesinde a\u00e7\u0131klanan ileti\u015fim verilerinin \u00fc\u00e7\u00fcnc\u00fc \u015fah\u0131slar taraf\u0131ndan talep edilmeyen reklamlar\u0131n ve bilgilendirme malzemelerinin g\u00f6nderiminde kullan\u0131lmas\u0131na bu noktada kar\u015f\u0131 \u00e7\u0131kt\u0131\u011f\u0131m\u0131z\u0131 vurgular\u0131z.<\/p>\n<p><strong>Bilgilendirme<\/strong><br \/>\nRekabet yasalar\u0131na ayk\u0131r\u0131 bir durum ya da benzer problemler sebebiyle gereksiz hukuki anla\u015fmazl\u0131klardan ve masraflardan ka\u00e7\u0131nmak i\u00e7in bizimle \u00f6ncesinde ileti\u015fime ge\u00e7menizi rica ederiz. \u00d6nceden Naciye Rafiq-Arli ile ileti\u015fime ge\u00e7ilmeksizin avukat taraf\u0131ndan g\u00f6nderilen ihtara ait \u00f6deme zarar\u0131 \u00f6nleme zorunlulu\u011fu \u00e7er\u00e7evesinde gerek\u00e7esiz olarak geri \u00e7evrilmektedir. Hukuka ayk\u0131r\u0131 ihtarlar\u0131 hem ceza hem de medeni hukuk a\u00e7\u0131s\u0131ndan takip edece\u011fiz.[\/vc_column_text][\/vc_column][\/vc_row]<\/p>\n","protected":false},"excerpt":{"rendered":"<p>[vc_row][vc_column][vc_column_text] K\u00fcnye K\u00fcnye Bilgileri Telemedya Kanunu Madde 5\u2019e g\u00f6re: \u0130sim ve Adres: Naciye Rafiq-Arli Telefon: +49176 41800480 E-Posta: n.rafiq-arli@outlook.de \u015eirket Y\u00f6neticisi: Naciye Rafiq-Arli \u015eirket Merkezi: Hindenburgstrasse 161 \/ 22297 Hamburg Websitesi: www.hypnose-coaching.hamburg \u0130\u00e7eriklerden sorumlu ki\u015fi: Naciye Rafiq-Arli Sorumluluk (Disclaimer) \u0130\u00e7erikler i\u00e7in sorumluluk Sayfalar\u0131m\u0131z\u0131n i\u00e7eri\u011fi b\u00fcy\u00fck bir titizlikle haz\u0131rlan\u0131r. \u0130\u00e7eriklerin do\u011frulu\u011fu, noksans\u0131z olmas\u0131 ve g\u00fcncelli\u011fi hususunda <\/p>\n","protected":false},"author":1,"featured_media":0,"parent":0,"menu_order":0,"comment_status":"closed","ping_status":"closed","template":"page-blocks.php","meta":{"_exactmetrics_skip_tracking":false,"_exactmetrics_sitenote_active":false,"_exactmetrics_sitenote_note":"","_exactmetrics_sitenote_category":0,"_joinchat":[],"footnotes":""},"class_list":["post-1378","page","type-page","status-publish"],"yoast_head":"<!-- This site is optimized with the Yoast SEO plugin v25.1 - https:\/\/yoast.com\/wordpress\/plugins\/seo\/ -->\n<title>K\u00fcnye - NRA<\/title>\n<meta name=\"description\" content=\"Bu meta a\u00e7\u0131klama, sitenizin amac\u0131n\u0131 ve gizlilik politikalar\u0131n\u0131 \u00f6zetler, b\u00f6ylece arama motorlar\u0131nda kullan\u0131c\u0131lar i\u00e7in daha \u00e7ekici hale gelir.\" \/>\n<meta name=\"robots\" content=\"index, follow, max-snippet:-1, max-image-preview:large, max-video-preview:-1\" \/>\n<link rel=\"canonical\" href=\"https:\/\/hypnosecoachinghamburg.com\/tr\/kunye\/\" \/>\n<meta property=\"og:locale\" content=\"tr_TR\" \/>\n<meta property=\"og:type\" content=\"article\" \/>\n<meta property=\"og:title\" content=\"K\u00fcnye - NRA\" \/>\n<meta property=\"og:description\" content=\"Bu meta a\u00e7\u0131klama, sitenizin amac\u0131n\u0131 ve gizlilik politikalar\u0131n\u0131 \u00f6zetler, b\u00f6ylece arama motorlar\u0131nda kullan\u0131c\u0131lar i\u00e7in daha \u00e7ekici hale gelir.\" \/>\n<meta property=\"og:url\" content=\"https:\/\/hypnosecoachinghamburg.com\/tr\/kunye\/\" \/>\n<meta property=\"og:site_name\" content=\"NRA\" \/>\n<meta property=\"article:publisher\" content=\"https:\/\/www.facebook.com\/naciyerafiq.arli\" \/>\n<meta property=\"article:modified_time\" content=\"2024-05-25T20:07:40+00:00\" \/>\n<meta name=\"twitter:card\" content=\"summary_large_image\" \/>\n<meta name=\"twitter:label1\" content=\"Tahmini okuma s\u00fcresi\" \/>\n\t<meta name=\"twitter:data1\" content=\"3 dakika\" \/>\n<script type=\"application\/ld+json\" class=\"yoast-schema-graph\">{\"@context\":\"https:\/\/schema.org\",\"@graph\":[{\"@type\":\"WebPage\",\"@id\":\"https:\/\/hypnosecoachinghamburg.com\/tr\/kunye\/\",\"url\":\"https:\/\/hypnosecoachinghamburg.com\/tr\/kunye\/\",\"name\":\"K\u00fcnye - NRA\",\"isPartOf\":{\"@id\":\"https:\/\/hypnosecoachinghamburg.com\/tr\/#website\"},\"datePublished\":\"2024-05-25T09:34:05+00:00\",\"dateModified\":\"2024-05-25T20:07:40+00:00\",\"description\":\"Bu meta a\u00e7\u0131klama, sitenizin amac\u0131n\u0131 ve gizlilik politikalar\u0131n\u0131 \u00f6zetler, b\u00f6ylece arama motorlar\u0131nda kullan\u0131c\u0131lar i\u00e7in daha \u00e7ekici hale gelir.\",\"breadcrumb\":{\"@id\":\"https:\/\/hypnosecoachinghamburg.com\/tr\/kunye\/#breadcrumb\"},\"inLanguage\":\"tr\",\"potentialAction\":[{\"@type\":\"ReadAction\",\"target\":[\"https:\/\/hypnosecoachinghamburg.com\/tr\/kunye\/\"]}]},{\"@type\":\"BreadcrumbList\",\"@id\":\"https:\/\/hypnosecoachinghamburg.com\/tr\/kunye\/#breadcrumb\",\"itemListElement\":[{\"@type\":\"ListItem\",\"position\":1,\"name\":\"Anasayfa\",\"item\":\"https:\/\/hypnosecoachinghamburg.com\/tr\/\"},{\"@type\":\"ListItem\",\"position\":2,\"name\":\"K\u00fcnye\"}]},{\"@type\":\"WebSite\",\"@id\":\"https:\/\/hypnosecoachinghamburg.com\/tr\/#website\",\"url\":\"https:\/\/hypnosecoachinghamburg.com\/tr\/\",\"name\":\"NRA\",\"description\":\"Psikoterapi Alan\u0131nda Do\u011fal Tedavi Uzman\u0131 &amp; Hipnoz Terapisti\",\"publisher\":{\"@id\":\"https:\/\/hypnosecoachinghamburg.com\/tr\/#organization\"},\"potentialAction\":[{\"@type\":\"SearchAction\",\"target\":{\"@type\":\"EntryPoint\",\"urlTemplate\":\"https:\/\/hypnosecoachinghamburg.com\/tr\/?s={search_term_string}\"},\"query-input\":{\"@type\":\"PropertyValueSpecification\",\"valueRequired\":true,\"valueName\":\"search_term_string\"}}],\"inLanguage\":\"tr\"},{\"@type\":\"Organization\",\"@id\":\"https:\/\/hypnosecoachinghamburg.com\/tr\/#organization\",\"name\":\"NRA\",\"url\":\"https:\/\/hypnosecoachinghamburg.com\/tr\/\",\"logo\":{\"@type\":\"ImageObject\",\"inLanguage\":\"tr\",\"@id\":\"https:\/\/hypnosecoachinghamburg.com\/tr\/#\/schema\/logo\/image\/\",\"url\":\"https:\/\/hypnosecoachinghamburg.com\/tr\/wp-content\/uploads\/2019\/07\/logo-nra.png\",\"contentUrl\":\"https:\/\/hypnosecoachinghamburg.com\/tr\/wp-content\/uploads\/2019\/07\/logo-nra.png\",\"width\":681,\"height\":521,\"caption\":\"NRA\"},\"image\":{\"@id\":\"https:\/\/hypnosecoachinghamburg.com\/tr\/#\/schema\/logo\/image\/\"},\"sameAs\":[\"https:\/\/www.facebook.com\/naciyerafiq.arli\",\"https:\/\/www.instagram.com\/hypnosepraxishamburg\/\"]}]}<\/script>\n<!-- \/ Yoast SEO plugin. -->","yoast_head_json":{"title":"K\u00fcnye - NRA","description":"Bu meta a\u00e7\u0131klama, sitenizin amac\u0131n\u0131 ve gizlilik politikalar\u0131n\u0131 \u00f6zetler, b\u00f6ylece arama motorlar\u0131nda kullan\u0131c\u0131lar i\u00e7in daha \u00e7ekici hale gelir.","robots":{"index":"index","follow":"follow","max-snippet":"max-snippet:-1","max-image-preview":"max-image-preview:large","max-video-preview":"max-video-preview:-1"},"canonical":"https:\/\/hypnosecoachinghamburg.com\/tr\/kunye\/","og_locale":"tr_TR","og_type":"article","og_title":"K\u00fcnye - NRA","og_description":"Bu meta a\u00e7\u0131klama, sitenizin amac\u0131n\u0131 ve gizlilik politikalar\u0131n\u0131 \u00f6zetler, b\u00f6ylece arama motorlar\u0131nda kullan\u0131c\u0131lar i\u00e7in daha \u00e7ekici hale gelir.","og_url":"https:\/\/hypnosecoachinghamburg.com\/tr\/kunye\/","og_site_name":"NRA","article_publisher":"https:\/\/www.facebook.com\/naciyerafiq.arli","article_modified_time":"2024-05-25T20:07:40+00:00","twitter_card":"summary_large_image","twitter_misc":{"Tahmini okuma s\u00fcresi":"3 dakika"},"schema":{"@context":"https:\/\/schema.org","@graph":[{"@type":"WebPage","@id":"https:\/\/hypnosecoachinghamburg.com\/tr\/kunye\/","url":"https:\/\/hypnosecoachinghamburg.com\/tr\/kunye\/","name":"K\u00fcnye - NRA","isPartOf":{"@id":"https:\/\/hypnosecoachinghamburg.com\/tr\/#website"},"datePublished":"2024-05-25T09:34:05+00:00","dateModified":"2024-05-25T20:07:40+00:00","description":"Bu meta a\u00e7\u0131klama, sitenizin amac\u0131n\u0131 ve gizlilik politikalar\u0131n\u0131 \u00f6zetler, b\u00f6ylece arama motorlar\u0131nda kullan\u0131c\u0131lar i\u00e7in daha \u00e7ekici hale gelir.","breadcrumb":{"@id":"https:\/\/hypnosecoachinghamburg.com\/tr\/kunye\/#breadcrumb"},"inLanguage":"tr","potentialAction":[{"@type":"ReadAction","target":["https:\/\/hypnosecoachinghamburg.com\/tr\/kunye\/"]}]},{"@type":"BreadcrumbList","@id":"https:\/\/hypnosecoachinghamburg.com\/tr\/kunye\/#breadcrumb","itemListElement":[{"@type":"ListItem","position":1,"name":"Anasayfa","item":"https:\/\/hypnosecoachinghamburg.com\/tr\/"},{"@type":"ListItem","position":2,"name":"K\u00fcnye"}]},{"@type":"WebSite","@id":"https:\/\/hypnosecoachinghamburg.com\/tr\/#website","url":"https:\/\/hypnosecoachinghamburg.com\/tr\/","name":"NRA","description":"Psikoterapi Alan\u0131nda Do\u011fal Tedavi Uzman\u0131 &amp; Hipnoz Terapisti","publisher":{"@id":"https:\/\/hypnosecoachinghamburg.com\/tr\/#organization"},"potentialAction":[{"@type":"SearchAction","target":{"@type":"EntryPoint","urlTemplate":"https:\/\/hypnosecoachinghamburg.com\/tr\/?s={search_term_string}"},"query-input":{"@type":"PropertyValueSpecification","valueRequired":true,"valueName":"search_term_string"}}],"inLanguage":"tr"},{"@type":"Organization","@id":"https:\/\/hypnosecoachinghamburg.com\/tr\/#organization","name":"NRA","url":"https:\/\/hypnosecoachinghamburg.com\/tr\/","logo":{"@type":"ImageObject","inLanguage":"tr","@id":"https:\/\/hypnosecoachinghamburg.com\/tr\/#\/schema\/logo\/image\/","url":"https:\/\/hypnosecoachinghamburg.com\/tr\/wp-content\/uploads\/2019\/07\/logo-nra.png","contentUrl":"https:\/\/hypnosecoachinghamburg.com\/tr\/wp-content\/uploads\/2019\/07\/logo-nra.png","width":681,"height":521,"caption":"NRA"},"image":{"@id":"https:\/\/hypnosecoachinghamburg.com\/tr\/#\/schema\/logo\/image\/"},"sameAs":["https:\/\/www.facebook.com\/naciyerafiq.arli","https:\/\/www.instagram.com\/hypnosepraxishamburg\/"]}]}},"_links":{"self":[{"href":"https:\/\/hypnosecoachinghamburg.com\/tr\/wp-json\/wp\/v2\/pages\/1378","targetHints":{"allow":["GET"]}}],"collection":[{"href":"https:\/\/hypnosecoachinghamburg.com\/tr\/wp-json\/wp\/v2\/pages"}],"about":[{"href":"https:\/\/hypnosecoachinghamburg.com\/tr\/wp-json\/wp\/v2\/types\/page"}],"author":[{"embeddable":true,"href":"https:\/\/hypnosecoachinghamburg.com\/tr\/wp-json\/wp\/v2\/users\/1"}],"replies":[{"embeddable":true,"href":"https:\/\/hypnosecoachinghamburg.com\/tr\/wp-json\/wp\/v2\/comments?post=1378"}],"version-history":[{"count":3,"href":"https:\/\/hypnosecoachinghamburg.com\/tr\/wp-json\/wp\/v2\/pages\/1378\/revisions"}],"predecessor-version":[{"id":1631,"href":"https:\/\/hypnosecoachinghamburg.com\/tr\/wp-json\/wp\/v2\/pages\/1378\/revisions\/1631"}],"wp:attachment":[{"href":"https:\/\/hypnosecoachinghamburg.com\/tr\/wp-json\/wp\/v2\/media?parent=1378"}],"curies":[{"name":"wp","href":"https:\/\/api.w.org\/{rel}","templated":true}]}}