{"id":1352,"date":"2024-05-22T11:50:47","date_gmt":"2024-05-22T08:50:47","guid":{"rendered":"http:\/\/nra.demoadresi.com\/?page_id=1352"},"modified":"2024-05-25T23:01:53","modified_gmt":"2024-05-25T20:01:53","slug":"k-v-k","status":"publish","type":"page","link":"https:\/\/hypnosecoachinghamburg.com\/tr\/k-v-k\/","title":{"rendered":"K.V.K."},"content":{"rendered":"<p>[vc_row][vc_column][vc_column_text]<\/p>\n<h3>Gizlilik Beyan\u0131<\/h3>\n<p>Bu gizlilik beyan\u0131, <a href=\"http:\/\/www.hypnosecoachinghamburg.com\/\" target=\"_new\" rel=\"noreferrer noopener\">www.hypnosecoachinghamburg.com<\/a> web sitesine ili\u015fkin ge\u00e7erlidir.<\/p>\n<p><strong>Sorumlu Ki\u015fi:<\/strong> Naciye Rafiq-Arli<\/p>\n<ul>\n<li>Psikoterapi alan\u0131nda Do\u011fal Tedavi Uzman\u0131 &amp; Hipnoz Terapisti<\/li>\n<li>Hipnoz &amp; psikoterapi i\u00e7in \u00f6zel muayenehane<\/li>\n<li>22297 Hamburg<\/li>\n<li>Telefon: +49 176 41800480<\/li>\n<li>E-posta: <a target=\"_new\" rel=\"noreferrer noopener\">n.rafiq-arli@web.de<\/a><\/li>\n<\/ul>\n<p><strong>Yetkili Denetim Makam\u0131:<\/strong> Kuzey Hamburg Sa\u011fl\u0131k M\u00fcd\u00fcrl\u00fc\u011f\u00fc<\/p>\n<ul>\n<li>Hamburg eyaletinde t\u00fcm ki\u015fisel veriler ile ilgili hususlarda yetkili olan ki\u015fi: Prof. Dr. Johannes Caspar<\/li>\n<li>E-posta: <a target=\"_new\" rel=\"noreferrer noopener\">mailbox@datenschutz.hamburg.de<\/a><\/li>\n<\/ul>\n<p><strong>Kullan\u0131m Verilerinin \/ Kullan\u0131m Analizlerinin Yap\u0131lmas\u0131:<\/strong> Web sitemize eri\u015fti\u011finizde, a\u015fa\u011f\u0131daki verileri bir protokol dosyas\u0131nda topluyoruz:<\/p>\n<ul>\n<li>Anonim (k\u0131salt\u0131lm\u0131\u015f) \u015fekilde IP adresi<\/li>\n<li>Eri\u015fim zaman\u0131<\/li>\n<li>Girilen sayfa veya incelenen verinin (URL) ismi<\/li>\n<li>Stat\u00fc bilgileri (\u00f6rn. hata kodlar\u0131)<\/li>\n<li>\u0130letilen veri miktar\u0131<\/li>\n<li>Taray\u0131c\u0131 bilgileri (kullan\u0131lan web taray\u0131c\u0131s\u0131, dil ayar\u0131, vb.)<\/li>\n<\/ul>\n<p>Bu veriler sadece istatistiksel ama\u00e7larla kullan\u0131lmaktad\u0131r ve \u00fc\u00e7\u00fcnc\u00fc \u015fah\u0131slara iletilmemektedir. Web sitemiz, kullan\u0131c\u0131lar\u0131n eri\u015fim davran\u0131\u015flar\u0131n\u0131 de\u011ferlendirmeye y\u00f6nelik teknikler kullanmamaktad\u0131r ve ki\u015fiye \u00f6zg\u00fc kullan\u0131m profilleri olu\u015fturmamaktad\u0131r.<\/p>\n<p><strong>Harici Linkler:<\/strong> Web sitemiz, di\u011fer sunucular\u0131n i\u00e7eriklerine y\u00f6nlendiren ba\u011flant\u0131lar i\u00e7ermektedir. Bu ba\u011flant\u0131lar, metinlerde \u00f6zel linkler (\u00f6rn. www\u2026.de) olarak belirtilmi\u015f veya \u00f6zel i\u015faretlemelerle ay\u0131rt edilmi\u015ftir. Harici y\u00f6nlendirmeler, ayr\u0131 bir taray\u0131c\u0131 sekmesinde a\u00e7\u0131lmaktad\u0131r ve farkl\u0131 \u00e7erez politikalar\u0131na tabi olabilirler.<\/p>\n<p><strong>\u00c7erezler:<\/strong> Baz\u0131 \u00f6zel durumlarda ge\u00e7ici \u00e7erezler kullan\u0131lmaktad\u0131r. Bu \u00e7erezler ki\u015fisel veri i\u00e7ermemekte ve oturumun sonunda, web taray\u0131c\u0131n\u0131z kapat\u0131ld\u0131\u011f\u0131nda otomatik olarak silinmektedir.<\/p>\n<p>\u00dc\u00e7\u00fcnc\u00fc sa\u011flay\u0131c\u0131lar\u0131n \u00e7erezleri kullan\u0131mda olabilir. Taray\u0131c\u0131 ayarlar\u0131, bu \u00e7erezlerin i\u015flenmesini kontrol etmenize ve kaydedilmesini devre d\u0131\u015f\u0131 b\u0131rakman\u0131za olanak tan\u0131r.<\/p>\n<p><strong>Bilgi Edinme Hakk\u0131:<\/strong> Bilgi edinme hakk\u0131n\u0131z\u0131 yaz\u0131l\u0131 olarak veya internet k\u00fcnyesinde belirtilen e-posta adresine ba\u015fvurarak kullanabilirsiniz. Ayn\u0131 durum, verilmi\u015f olan kabul a\u00e7\u0131klamas\u0131na ili\u015fkin uyu\u015fmazl\u0131klar i\u00e7in de ge\u00e7erlidir.<\/p>\n<p><strong>\u015eifreleme:<\/strong> Web sitemiz, HTTPS\/SSL protokol\u00fc \u00fczerinden g\u00fcvenli eri\u015fimi desteklemektedir.<\/p>\n<p>&nbsp;<\/p>\n<p>&nbsp;<\/p>\n<p><a href=\"https:\/\/www.kvkk.gov.tr\/\"><img loading=\"lazy\" decoding=\"async\" class=\"alignnone size-medium wp-image-1693\" src=\"https:\/\/hypnosecoachinghamburg.com\/tr\/wp-content\/uploads\/2020\/02\/pexels-markus-winkler-4160125-300x200.jpg\" alt=\"\" width=\"300\" height=\"200\" srcset=\"https:\/\/hypnosecoachinghamburg.com\/tr\/wp-content\/uploads\/2020\/02\/pexels-markus-winkler-4160125-300x200.jpg 300w, https:\/\/hypnosecoachinghamburg.com\/tr\/wp-content\/uploads\/2020\/02\/pexels-markus-winkler-4160125-1024x683.jpg 1024w, https:\/\/hypnosecoachinghamburg.com\/tr\/wp-content\/uploads\/2020\/02\/pexels-markus-winkler-4160125-1536x1024.jpg 1536w, https:\/\/hypnosecoachinghamburg.com\/tr\/wp-content\/uploads\/2020\/02\/pexels-markus-winkler-4160125-270x180.jpg 270w, https:\/\/hypnosecoachinghamburg.com\/tr\/wp-content\/uploads\/2020\/02\/pexels-markus-winkler-4160125-770x515.jpg 770w, https:\/\/hypnosecoachinghamburg.com\/tr\/wp-content\/uploads\/2020\/02\/pexels-markus-winkler-4160125-768x512.jpg 768w\" sizes=\"auto, (max-width: 300px) 100vw, 300px\" \/><\/a><\/p>\n<p><a href=\"https:\/\/www.kvkk.gov.tr\/\">K\u0130\u015e\u0130SEL VER\u0130LER\u0130 KORUMA KURUMU | KVKK | Ki\u015fisel Verileri Koruma Kurumu Ba\u015fkanl\u0131\u011f\u0131<\/a>[\/vc_column_text][\/vc_column][\/vc_row]<\/p>\n","protected":false},"excerpt":{"rendered":"<p>[vc_row][vc_column][vc_column_text] Gizlilik Beyan\u0131 Bu gizlilik beyan\u0131, www.hypnosecoachinghamburg.com web sitesine ili\u015fkin ge\u00e7erlidir. Sorumlu Ki\u015fi: Naciye Rafiq-Arli Psikoterapi alan\u0131nda Do\u011fal Tedavi Uzman\u0131 &amp; Hipnoz Terapisti Hipnoz &amp; psikoterapi i\u00e7in \u00f6zel muayenehane 22297 Hamburg Telefon: +49 176 41800480 E-posta: n.rafiq-arli@web.de Yetkili Denetim Makam\u0131: Kuzey Hamburg Sa\u011fl\u0131k M\u00fcd\u00fcrl\u00fc\u011f\u00fc Hamburg eyaletinde t\u00fcm ki\u015fisel veriler ile ilgili hususlarda yetkili olan ki\u015fi: <\/p>\n","protected":false},"author":1,"featured_media":1693,"parent":0,"menu_order":0,"comment_status":"closed","ping_status":"closed","template":"page-blocks.php","meta":{"_exactmetrics_skip_tracking":false,"_exactmetrics_sitenote_active":false,"_exactmetrics_sitenote_note":"","_exactmetrics_sitenote_category":0,"_joinchat":[],"footnotes":""},"class_list":["post-1352","page","type-page","status-publish","has-post-thumbnail"],"yoast_head":"<!-- This site is optimized with the Yoast SEO plugin v25.1 - https:\/\/yoast.com\/wordpress\/plugins\/seo\/ -->\n<title>Ki\u015fisel Verilerin Korunmas\u0131<\/title>\n<meta name=\"description\" content=\"K.V.K.K. E\u011fitim ve Dan\u0131\u015fmanl\u0131k Verdi\u011fimiz hizmetler kurumlar\u0131n kanun hakk\u0131nda bilgilendirilmesinden ki\u015filerle irtibatta olan son\" \/>\n<meta name=\"robots\" content=\"index, follow, max-snippet:-1, max-image-preview:large, max-video-preview:-1\" \/>\n<link rel=\"canonical\" href=\"https:\/\/hypnosecoachinghamburg.com\/tr\/k-v-k\/\" \/>\n<meta property=\"og:locale\" content=\"tr_TR\" \/>\n<meta property=\"og:type\" content=\"article\" \/>\n<meta property=\"og:title\" content=\"Ki\u015fisel Verilerin Korunmas\u0131\" \/>\n<meta property=\"og:description\" content=\"K.V.K.K. E\u011fitim ve Dan\u0131\u015fmanl\u0131k Verdi\u011fimiz hizmetler kurumlar\u0131n kanun hakk\u0131nda bilgilendirilmesinden ki\u015filerle irtibatta olan son\" \/>\n<meta property=\"og:url\" content=\"https:\/\/hypnosecoachinghamburg.com\/tr\/k-v-k\/\" \/>\n<meta property=\"og:site_name\" content=\"NRA\" \/>\n<meta property=\"article:publisher\" content=\"https:\/\/www.facebook.com\/naciyerafiq.arli\" \/>\n<meta property=\"article:modified_time\" content=\"2024-05-25T20:01:53+00:00\" \/>\n<meta property=\"og:image\" content=\"https:\/\/hypnosecoachinghamburg.com\/tr\/wp-content\/uploads\/2020\/02\/pexels-markus-winkler-4160125-scaled.jpg\" \/>\n\t<meta property=\"og:image:width\" content=\"2560\" \/>\n\t<meta property=\"og:image:height\" content=\"1707\" \/>\n\t<meta property=\"og:image:type\" content=\"image\/jpeg\" \/>\n<meta name=\"twitter:card\" content=\"summary_large_image\" \/>\n<meta name=\"twitter:label1\" content=\"Tahmini okuma s\u00fcresi\" \/>\n\t<meta name=\"twitter:data1\" content=\"2 dakika\" \/>\n<script type=\"application\/ld+json\" class=\"yoast-schema-graph\">{\"@context\":\"https:\/\/schema.org\",\"@graph\":[{\"@type\":\"WebPage\",\"@id\":\"https:\/\/hypnosecoachinghamburg.com\/tr\/k-v-k\/\",\"url\":\"https:\/\/hypnosecoachinghamburg.com\/tr\/k-v-k\/\",\"name\":\"Ki\u015fisel Verilerin Korunmas\u0131\",\"isPartOf\":{\"@id\":\"https:\/\/hypnosecoachinghamburg.com\/tr\/#website\"},\"primaryImageOfPage\":{\"@id\":\"https:\/\/hypnosecoachinghamburg.com\/tr\/k-v-k\/#primaryimage\"},\"image\":{\"@id\":\"https:\/\/hypnosecoachinghamburg.com\/tr\/k-v-k\/#primaryimage\"},\"thumbnailUrl\":\"https:\/\/hypnosecoachinghamburg.com\/tr\/wp-content\/uploads\/2020\/02\/pexels-markus-winkler-4160125-scaled.jpg\",\"datePublished\":\"2024-05-22T08:50:47+00:00\",\"dateModified\":\"2024-05-25T20:01:53+00:00\",\"description\":\"K.V.K.K. E\u011fitim ve Dan\u0131\u015fmanl\u0131k Verdi\u011fimiz hizmetler kurumlar\u0131n kanun hakk\u0131nda bilgilendirilmesinden ki\u015filerle irtibatta olan son\",\"breadcrumb\":{\"@id\":\"https:\/\/hypnosecoachinghamburg.com\/tr\/k-v-k\/#breadcrumb\"},\"inLanguage\":\"tr\",\"potentialAction\":[{\"@type\":\"ReadAction\",\"target\":[\"https:\/\/hypnosecoachinghamburg.com\/tr\/k-v-k\/\"]}]},{\"@type\":\"ImageObject\",\"inLanguage\":\"tr\",\"@id\":\"https:\/\/hypnosecoachinghamburg.com\/tr\/k-v-k\/#primaryimage\",\"url\":\"https:\/\/hypnosecoachinghamburg.com\/tr\/wp-content\/uploads\/2020\/02\/pexels-markus-winkler-4160125-scaled.jpg\",\"contentUrl\":\"https:\/\/hypnosecoachinghamburg.com\/tr\/wp-content\/uploads\/2020\/02\/pexels-markus-winkler-4160125-scaled.jpg\",\"width\":2560,\"height\":1707},{\"@type\":\"BreadcrumbList\",\"@id\":\"https:\/\/hypnosecoachinghamburg.com\/tr\/k-v-k\/#breadcrumb\",\"itemListElement\":[{\"@type\":\"ListItem\",\"position\":1,\"name\":\"Anasayfa\",\"item\":\"https:\/\/hypnosecoachinghamburg.com\/tr\/\"},{\"@type\":\"ListItem\",\"position\":2,\"name\":\"K.V.K.\"}]},{\"@type\":\"WebSite\",\"@id\":\"https:\/\/hypnosecoachinghamburg.com\/tr\/#website\",\"url\":\"https:\/\/hypnosecoachinghamburg.com\/tr\/\",\"name\":\"NRA\",\"description\":\"Psikoterapi Alan\u0131nda Do\u011fal Tedavi Uzman\u0131 &amp; Hipnoz Terapisti\",\"publisher\":{\"@id\":\"https:\/\/hypnosecoachinghamburg.com\/tr\/#organization\"},\"potentialAction\":[{\"@type\":\"SearchAction\",\"target\":{\"@type\":\"EntryPoint\",\"urlTemplate\":\"https:\/\/hypnosecoachinghamburg.com\/tr\/?s={search_term_string}\"},\"query-input\":{\"@type\":\"PropertyValueSpecification\",\"valueRequired\":true,\"valueName\":\"search_term_string\"}}],\"inLanguage\":\"tr\"},{\"@type\":\"Organization\",\"@id\":\"https:\/\/hypnosecoachinghamburg.com\/tr\/#organization\",\"name\":\"NRA\",\"url\":\"https:\/\/hypnosecoachinghamburg.com\/tr\/\",\"logo\":{\"@type\":\"ImageObject\",\"inLanguage\":\"tr\",\"@id\":\"https:\/\/hypnosecoachinghamburg.com\/tr\/#\/schema\/logo\/image\/\",\"url\":\"https:\/\/hypnosecoachinghamburg.com\/tr\/wp-content\/uploads\/2019\/07\/logo-nra.png\",\"contentUrl\":\"https:\/\/hypnosecoachinghamburg.com\/tr\/wp-content\/uploads\/2019\/07\/logo-nra.png\",\"width\":681,\"height\":521,\"caption\":\"NRA\"},\"image\":{\"@id\":\"https:\/\/hypnosecoachinghamburg.com\/tr\/#\/schema\/logo\/image\/\"},\"sameAs\":[\"https:\/\/www.facebook.com\/naciyerafiq.arli\",\"https:\/\/www.instagram.com\/hypnosepraxishamburg\/\"]}]}<\/script>\n<!-- \/ Yoast SEO plugin. -->","yoast_head_json":{"title":"Ki\u015fisel Verilerin Korunmas\u0131","description":"K.V.K.K. E\u011fitim ve Dan\u0131\u015fmanl\u0131k Verdi\u011fimiz hizmetler kurumlar\u0131n kanun hakk\u0131nda bilgilendirilmesinden ki\u015filerle irtibatta olan son","robots":{"index":"index","follow":"follow","max-snippet":"max-snippet:-1","max-image-preview":"max-image-preview:large","max-video-preview":"max-video-preview:-1"},"canonical":"https:\/\/hypnosecoachinghamburg.com\/tr\/k-v-k\/","og_locale":"tr_TR","og_type":"article","og_title":"Ki\u015fisel Verilerin Korunmas\u0131","og_description":"K.V.K.K. E\u011fitim ve Dan\u0131\u015fmanl\u0131k Verdi\u011fimiz hizmetler kurumlar\u0131n kanun hakk\u0131nda bilgilendirilmesinden ki\u015filerle irtibatta olan son","og_url":"https:\/\/hypnosecoachinghamburg.com\/tr\/k-v-k\/","og_site_name":"NRA","article_publisher":"https:\/\/www.facebook.com\/naciyerafiq.arli","article_modified_time":"2024-05-25T20:01:53+00:00","og_image":[{"width":2560,"height":1707,"url":"https:\/\/hypnosecoachinghamburg.com\/tr\/wp-content\/uploads\/2020\/02\/pexels-markus-winkler-4160125-scaled.jpg","type":"image\/jpeg"}],"twitter_card":"summary_large_image","twitter_misc":{"Tahmini okuma s\u00fcresi":"2 dakika"},"schema":{"@context":"https:\/\/schema.org","@graph":[{"@type":"WebPage","@id":"https:\/\/hypnosecoachinghamburg.com\/tr\/k-v-k\/","url":"https:\/\/hypnosecoachinghamburg.com\/tr\/k-v-k\/","name":"Ki\u015fisel Verilerin Korunmas\u0131","isPartOf":{"@id":"https:\/\/hypnosecoachinghamburg.com\/tr\/#website"},"primaryImageOfPage":{"@id":"https:\/\/hypnosecoachinghamburg.com\/tr\/k-v-k\/#primaryimage"},"image":{"@id":"https:\/\/hypnosecoachinghamburg.com\/tr\/k-v-k\/#primaryimage"},"thumbnailUrl":"https:\/\/hypnosecoachinghamburg.com\/tr\/wp-content\/uploads\/2020\/02\/pexels-markus-winkler-4160125-scaled.jpg","datePublished":"2024-05-22T08:50:47+00:00","dateModified":"2024-05-25T20:01:53+00:00","description":"K.V.K.K. E\u011fitim ve Dan\u0131\u015fmanl\u0131k Verdi\u011fimiz hizmetler kurumlar\u0131n kanun hakk\u0131nda bilgilendirilmesinden ki\u015filerle irtibatta olan son","breadcrumb":{"@id":"https:\/\/hypnosecoachinghamburg.com\/tr\/k-v-k\/#breadcrumb"},"inLanguage":"tr","potentialAction":[{"@type":"ReadAction","target":["https:\/\/hypnosecoachinghamburg.com\/tr\/k-v-k\/"]}]},{"@type":"ImageObject","inLanguage":"tr","@id":"https:\/\/hypnosecoachinghamburg.com\/tr\/k-v-k\/#primaryimage","url":"https:\/\/hypnosecoachinghamburg.com\/tr\/wp-content\/uploads\/2020\/02\/pexels-markus-winkler-4160125-scaled.jpg","contentUrl":"https:\/\/hypnosecoachinghamburg.com\/tr\/wp-content\/uploads\/2020\/02\/pexels-markus-winkler-4160125-scaled.jpg","width":2560,"height":1707},{"@type":"BreadcrumbList","@id":"https:\/\/hypnosecoachinghamburg.com\/tr\/k-v-k\/#breadcrumb","itemListElement":[{"@type":"ListItem","position":1,"name":"Anasayfa","item":"https:\/\/hypnosecoachinghamburg.com\/tr\/"},{"@type":"ListItem","position":2,"name":"K.V.K."}]},{"@type":"WebSite","@id":"https:\/\/hypnosecoachinghamburg.com\/tr\/#website","url":"https:\/\/hypnosecoachinghamburg.com\/tr\/","name":"NRA","description":"Psikoterapi Alan\u0131nda Do\u011fal Tedavi Uzman\u0131 &amp; Hipnoz Terapisti","publisher":{"@id":"https:\/\/hypnosecoachinghamburg.com\/tr\/#organization"},"potentialAction":[{"@type":"SearchAction","target":{"@type":"EntryPoint","urlTemplate":"https:\/\/hypnosecoachinghamburg.com\/tr\/?s={search_term_string}"},"query-input":{"@type":"PropertyValueSpecification","valueRequired":true,"valueName":"search_term_string"}}],"inLanguage":"tr"},{"@type":"Organization","@id":"https:\/\/hypnosecoachinghamburg.com\/tr\/#organization","name":"NRA","url":"https:\/\/hypnosecoachinghamburg.com\/tr\/","logo":{"@type":"ImageObject","inLanguage":"tr","@id":"https:\/\/hypnosecoachinghamburg.com\/tr\/#\/schema\/logo\/image\/","url":"https:\/\/hypnosecoachinghamburg.com\/tr\/wp-content\/uploads\/2019\/07\/logo-nra.png","contentUrl":"https:\/\/hypnosecoachinghamburg.com\/tr\/wp-content\/uploads\/2019\/07\/logo-nra.png","width":681,"height":521,"caption":"NRA"},"image":{"@id":"https:\/\/hypnosecoachinghamburg.com\/tr\/#\/schema\/logo\/image\/"},"sameAs":["https:\/\/www.facebook.com\/naciyerafiq.arli","https:\/\/www.instagram.com\/hypnosepraxishamburg\/"]}]}},"_links":{"self":[{"href":"https:\/\/hypnosecoachinghamburg.com\/tr\/wp-json\/wp\/v2\/pages\/1352","targetHints":{"allow":["GET"]}}],"collection":[{"href":"https:\/\/hypnosecoachinghamburg.com\/tr\/wp-json\/wp\/v2\/pages"}],"about":[{"href":"https:\/\/hypnosecoachinghamburg.com\/tr\/wp-json\/wp\/v2\/types\/page"}],"author":[{"embeddable":true,"href":"https:\/\/hypnosecoachinghamburg.com\/tr\/wp-json\/wp\/v2\/users\/1"}],"replies":[{"embeddable":true,"href":"https:\/\/hypnosecoachinghamburg.com\/tr\/wp-json\/wp\/v2\/comments?post=1352"}],"version-history":[{"count":12,"href":"https:\/\/hypnosecoachinghamburg.com\/tr\/wp-json\/wp\/v2\/pages\/1352\/revisions"}],"predecessor-version":[{"id":1775,"href":"https:\/\/hypnosecoachinghamburg.com\/tr\/wp-json\/wp\/v2\/pages\/1352\/revisions\/1775"}],"wp:featuredmedia":[{"embeddable":true,"href":"https:\/\/hypnosecoachinghamburg.com\/tr\/wp-json\/wp\/v2\/media\/1693"}],"wp:attachment":[{"href":"https:\/\/hypnosecoachinghamburg.com\/tr\/wp-json\/wp\/v2\/media?parent=1352"}],"curies":[{"name":"wp","href":"https:\/\/api.w.org\/{rel}","templated":true}]}}