{"id":1296,"date":"2024-05-15T10:52:27","date_gmt":"2024-05-15T07:52:27","guid":{"rendered":"http:\/\/nra.demoadresi.com\/?page_id=1296"},"modified":"2024-05-25T23:13:51","modified_gmt":"2024-05-25T20:13:51","slug":"referanslar","status":"publish","type":"page","link":"https:\/\/hypnosecoachinghamburg.com\/tr\/referanslar\/","title":{"rendered":"Referanslar"},"content":{"rendered":"<p>[vc_row][vc_column][vc_column_text]<\/p>\n<h1>Deneyim raporu<\/h1>\n<h2>Dan\u0131\u015fanlardan geri d\u00f6n\u00fc\u015fler<\/h2>\n<p>[\/vc_column_text][\/vc_column][\/vc_row][vc_row][vc_column][vc_single_image image=&#8221;1298&#8243; img_size=&#8221;full&#8221; alignment=&#8221;center&#8221;][\/vc_column][\/vc_row][vc_row][vc_column][vc_column_text]<\/p>\n<h1><b>DANISANLARDAN YORUMLAR<\/b><\/h1>\n<hr class=\"wp-block-separator is-style-dots\" \/>\n<p>Sevgili Naciye,<br \/>\nsen harikuladesin, sen hayat kurtar\u0131c\u0131 olarak da tan\u0131mlanabilirsin. Sen bana yeni bir hayat verdin ve bu da parayla \u00f6denemeyecek olan bir hediye.<br \/>\nSenin sayende fare ve s\u0131\u00e7anlara kar\u015f\u0131 olan fobimi kontrol alt\u0131na almay\u0131 ve bu konuyla ba\u015f etmeyi \u00f6\u011frendim. Senin dan\u0131\u015fmanl\u0131\u011f\u0131n tam bana g\u00f6reydi ve sen beni her daim dinlemeye haz\u0131rd\u0131n. Senden ko\u00e7luk almakla ilgili ad\u0131m\u0131 att\u0131\u011f\u0131m i\u00e7in son derece mutluyum.<br \/>\nKendi hayat\u0131m\u0131 ve korkular\u0131m\u0131 kendimin y\u00f6netebilece\u011fi konusunda her seansta o kadar motive oldum ki. Art\u0131k daha rahat ve g\u00fcven sa\u00e7\u0131yorum. Daha \u00f6nceleri korku hissetmeden \u00fcstesinden gelemeyece\u011fim hususlar\u0131n art\u0131k \u00fcstesinden gelebildi\u011fimi ve bu durumun da sonradan fark edildi\u011fini idrak ettim. Ve sonra kendi kendime g\u00fclmek ve kendimi \u00f6vmek zorunda kal\u0131yorum.<br \/>\nD\u00fc\u015f\u00fcncelerim ve beklentilerin senin hipnoz ko\u00e7lu\u011fundan fazlas\u0131yla a\u015f\u0131ld\u0131. Y\u0131llar boyu geli\u015fmi\u015f olan korkular\u0131m\u0131n sadece \u00fc\u00e7 seans sonra neredeyse yok olmas\u0131n\u0131 r\u00fcyalar\u0131mda bile ger\u00e7ekten beklemezdim. Seanslar esnas\u0131nda tecr\u00fcbe etti\u011fim g\u00fczel ve yo\u011fun deneyimler, y\u0131llar boyu biriktirmi\u015f oldu\u011fum duygusal y\u00fckten kurtulmama ve ge\u00e7mi\u015fimdeki belirli hususlar\u0131 da geride b\u0131rakmam konusunda yard\u0131mc\u0131 olmaktad\u0131r. Sende alm\u0131\u015f oldu\u011fum seanslardan sonra kendimi uzun zamandan sonra ger\u00e7ekten \u00f6zg\u00fcr ve mutlu hissediyorum.<br \/>\nYard\u0131mlar\u0131n i\u00e7in \u00e7ok te\u015fekk\u00fcrler Naciye!<\/p>\n<p>A.G.<\/p>\n<hr class=\"wp-block-separator is-style-dots\" \/>\n<p>Merhaba,<br \/>\nterapi s\u00fcrecini ba\u015far\u0131l\u0131 bir \u015fekilde tamamlamamdan sonra, \u015fu an itibariyle neredeyse sekiz ay ge\u00e7ti. Benim i\u00e7in bir y\u00fck te\u015fkil eden her \u015feyden kurtuldum. \u00d6zellikle de olumsuz d\u00fc\u015f\u00fcnce kal\u0131plar\u0131ndan art\u0131k serbestim. Normal g\u00fcndelik hayata kat\u0131lma ba\u011flam\u0131nda son derece tutuk olan bir ki\u015fiden, \u015fimdi bir zamanlar hedef olarak koymu\u015f oldu\u011fu t\u00fcm hayallerini ger\u00e7ekle\u015ftirmi\u015f olan biri meydana geldi.<br \/>\n\u015eu ana kadar 20 kg zay\u0131flad\u0131m, e\u011fitimimi ba\u015far\u0131l\u0131 bir \u015fekilde tamamlad\u0131m, ehliyetimi ald\u0131m ve bende yo\u011fun bir bi\u00e7imde kaybetme korkusunu tetikleyen insanlardan da uzakla\u015ft\u0131m. Art\u0131k kendi ayaklar\u0131m\u0131n \u00fczerinde durabiliyorum ve hayat\u0131n tam anlam\u0131yla tad\u0131n\u0131 \u00e7\u0131karabiliyorum. Hipnoz tedavisi bende son derece ba\u015far\u0131l\u0131 oldu ve de\u011fi\u015fim de olduk\u00e7a h\u0131zl\u0131 bir \u015fekilde meydana geldi. \u00d6dedi\u011fim paraya de\u011fdi, zira hayat kalitem olduk\u00e7a olumlu bir bi\u00e7imde etkilendi. Herkese \u00f6zellikle tavsiye edebilirim.<\/p>\n<p>B.K.<\/p>\n<hr class=\"wp-block-separator is-style-dots\" \/>\n<p>Sevgili Naciye,<br \/>\nsenin sayende yeni hayat\u0131m\u0131 kabul ettim ve hayat\u0131m\u0131 kendi ellerime almaya ba\u015flad\u0131m.<br \/>\nDaha \u00f6nce hi\u00e7 bir zaman bu kadar sa\u011fl\u0131kl\u0131 hissetmemi\u015ftim kendimi. \u015eu an kafam serbest. Nihayet her \u015feyin benim i\u00e7in fazla oldu\u011funu ve ufac\u0131k \u015feyleri de devasa bir da\u011f olarak hissetmiyorum. Daha kolay karar veriyorum ve bazen baz\u0131 \u015feyler hayal etti\u011fim gibi olmasa da art\u0131k hi\u00e7bir \u015feyden pi\u015fmanl\u0131k duymuyorum. Baz\u0131 durumlarla daha iyi ba\u015f edebiliyorum ve olaylara daha olumlu yakla\u015f\u0131yorum ve bundan dolay\u0131 bazen kendimi bile zor tan\u0131yorum. Art\u0131k daha fazla sevin\u00e7 de hissediyorum. Ger\u00e7ekten \u00e7ok \u015fey olumlu y\u00f6nde geli\u015fme g\u00f6sterdi. T\u00fcm aile hayat\u0131m da bunun sayesinde olduk\u00e7a iyile\u015fti. \u00d6zellikle g\u00fczel olan husus ise, terapide s\u00fcrekli olarak kullanabildi\u011fim veya uygulayabildi\u011fim \u00e7ok \u015fey \u00f6\u011frenmi\u015f olmamd\u0131r.<br \/>\nIst\u0131rap \u00e7ekmeme neden olan k\u0131s\u0131r d\u00f6ng\u00fcy\u00fc nihayet k\u0131rabildim. Kendimi \u00f6zg\u00fcvenli, \u00e7ekici ve i\u00e7sel a\u00e7\u0131dan \u00e7ok daha huzurlu hissediyorum.<br \/>\nHipnoz terapisi sayesinde bende mevcut olan bir\u00e7ok blokaj \u00e7\u00f6z\u00fcld\u00fc. Tekrar her zaman sana terapiye gelme konusunda teredd\u00fct etmem. BEN\u0130M i\u00e7in son derece e\u015fsiz bir bulu\u015fmayd\u0131. Senin espri anlay\u0131\u015f\u0131n ve duyarl\u0131l\u0131\u011f\u0131n sayesinde kendimi senin yan\u0131nda son derece iyi hissettim.<br \/>\n\u00c7ok te\u015fekk\u00fcr ediyorum,<\/p>\n<p>Y.<\/p>\n<hr class=\"wp-block-separator is-style-dots\" \/>\n<p>Merhaba Naciye,<br \/>\nhipnoz terapisinden \u00f6nce, s\u0131k\u00e7a i\u00e7sel ve sinirli bir huzursuzluktan, memnuniyetsizlikten, \u00fcz\u00fcnt\u00fcden, h\u0131zl\u0131 kalp at\u0131\u015f\u0131ndan ve korkulardan \u015fikayet ediyordum\u2026<br \/>\nBir\u00e7ok \u015feyi s\u0131k\u00e7a ki\u015fisel olarak alg\u0131lad\u0131m, son derece fazla olumsuz d\u00fc\u015f\u00fcnceye sahiptim ve bu durum da ya\u015fam enerjimin olduk\u00e7a azalmas\u0131na sebep oluyordu.<br \/>\nBu y\u00fczden k\u0131\u015f vakti her zaman sar\u0131 kantaron ve kediotu kullanmak zorunda kal\u0131yordum.<br \/>\nTerapiden beri \u00e7ok daha \u00f6zg\u00fcvenli oldum. Olduk\u00e7a \u00e7e\u015fitli olan korkular\u0131m gerileme g\u00f6sterdi. Yine so\u011fuk terler basmadan ve kalp \u00e7arp\u0131nt\u0131s\u0131 hissetmeden bir u\u00e7a\u011fa binebiliyorum, b\u00fcy\u00fck gruplar \u00f6n\u00fcnde konu\u015fmalar yapabiliyorum, asans\u00f6re binebiliyorum veya hayvanlara dokunabiliyorum. Organizasyonlarda insan topluluklar\u0131 art\u0131k beni korkutmuyor. \u0130nsanlar aras\u0131 \u00e7at\u0131\u015fmalar\u0131 \u00e7ok daha iyi \u00e7\u00f6zebiliyorum. Hipnoterapi, onlarca y\u0131ld\u0131r birikmi\u015f olan bilin\u00e7alt\u0131ndaki eski y\u00fcklerden kurtulmak i\u00e7in son derece iyi bir metot.<\/p>\n<p>O.<\/p>\n<hr class=\"wp-block-separator is-style-dots\" \/>\n<p>Merhaba Naciye,<br \/>\n\u0130lk ba\u015fta 4 kez meydana gelen bel f\u0131t\u0131\u011f\u0131 vakalar\u0131m nedeniyle olu\u015fan yo\u011fun a\u011fr\u0131lar\u0131mdan dolay\u0131 terapiye gittim (hipnoanaliz). A\u011fr\u0131lara art\u0131k dayanamad\u0131\u011f\u0131m i\u00e7in, a\u011f\u0131r a\u011fr\u0131 kediciler ve anestezi ila\u00e7lar\u0131 kulland\u0131m. Hipnoz terapisi sayesinde a\u011fr\u0131 kesicileri sadece iki hafta sonra art\u0131k kullanmamaya ba\u015flad\u0131m. Art\u0131k hayat\u0131ma ila\u00e7 almadan devam edebiliyorum. Sadece bir ay sonra art\u0131k a\u011fr\u0131lar\u0131m yoktu. Haftal\u0131k terapi seanslar\u0131 sayesinde \u00e7ok fazla \u015fey \u00f6\u011frendim ve bilin\u00e7alt\u0131m\u0131 da eski y\u00fcklerden temizleyebildim. Sa\u011fl\u0131\u011f\u0131m\u0131 tamamen yeniden kavu\u015ftum ve hipnoterapi sayesinde de \u00f6zg\u00fcvenim olduk\u00e7a artt\u0131. Kendi kendime istedi\u011fim zaman yard\u0131m edebildi\u011fim olduk\u00e7a devasa bir aletim var art\u0131k elimde.<br \/>\nHerkese eski y\u00fcklerden kurtulmak ve ge\u00e7mi\u015fin kelep\u00e7elerinden \u00f6zg\u00fcr olabilmek i\u00e7in hayatlar\u0131nda bir kez hipnoanaliz (bilin\u00e7alt\u0131n\u0131n temizlenmesi) yapt\u0131rmalar\u0131n\u0131 tavsiye edebilirim. Her insan bu ad\u0131m\u0131 atmal\u0131d\u0131r, \u00e7\u00fcnk\u00fc ondan sonra her \u015fey olumu bir bi\u00e7imde de\u011fi\u015fim g\u00f6stermektedir.<br \/>\nD\u00fc\u015f\u00fcncelerim ve t\u00fcm hayat\u0131m hipnoterapi sayesinde olumlu bir bi\u00e7imde de\u011fi\u015fim g\u00f6sterdiler.<\/p>\n<p>Sende bu terapiyi yapt\u0131\u011f\u0131m i\u00e7in son derece mutluyum. Benim iyile\u015fmem i\u00e7in yard\u0131mc\u0131 oldu\u011fun ve bana harika bir alet sundu\u011fun i\u00e7in \u00e7ok te\u015fekk\u00fcr ediyorum Naciye Abla. Ne mutlu bana ki seninle tan\u0131\u015fabildim.<\/p>\n<p>E.<\/p>\n<hr class=\"wp-block-separator is-style-dots\" \/>\n<p>Merhaba,<br \/>\nterapiye ba\u015flamadan \u00f6nce, olduk\u00e7a uzun bir s\u00fcre depresif hissediyordum ve eskiden zevk ald\u0131\u011f\u0131m \u015feyler de bana art\u0131k zevk vermiyordu. Art\u0131k ya\u015fam sevincim yoktu ve mutsuzdum. D\u00fc\u015f\u00fcncelerim \u00e7o\u011funlukla olduk\u00e7a olumsuzdu. Terapi esnas\u0131nda ise d\u00fc\u015f\u00fcncelerimde ve davran\u0131\u015flar\u0131mda ger\u00e7ekten de de\u011fi\u015fimler meydana geldi\u011fini fark ettim. Di\u011fer insanlara kar\u015f\u0131 da davran\u0131\u015flar\u0131m de\u011fi\u015fti ve di\u011ferlerine kar\u015f\u0131 \u00e7ok daha olumluyum art\u0131k. Her ne yap\u0131yorsam, art\u0131k severek ve zevkle yap\u0131yorum. Ya\u015fam sevincim tekrar geri geldi. Bir hipnoterapinin neler yapabilece\u011fini asla hayal edemezdim. Bu terapiyi yapt\u0131\u011f\u0131m i\u00e7in \u00e7ok memnun oldum ve mutluyum. Art\u0131k bamba\u015fka bir insan oldum.<\/p>\n<p>H.C.[\/vc_column_text][\/vc_column][\/vc_row]<\/p>\n","protected":false},"excerpt":{"rendered":"<p>[vc_row][vc_column][vc_column_text] Deneyim raporu Dan\u0131\u015fanlardan geri d\u00f6n\u00fc\u015fler [\/vc_column_text][\/vc_column][\/vc_row][vc_row][vc_column][vc_single_image image=&#8221;1298&#8243; img_size=&#8221;full&#8221; alignment=&#8221;center&#8221;][\/vc_column][\/vc_row][vc_row][vc_column][vc_column_text] DANISANLARDAN YORUMLAR Sevgili Naciye, sen harikuladesin, sen hayat kurtar\u0131c\u0131 olarak da tan\u0131mlanabilirsin. Sen bana yeni bir hayat verdin ve bu da parayla \u00f6denemeyecek olan bir hediye. Senin sayende fare ve s\u0131\u00e7anlara kar\u015f\u0131 olan fobimi kontrol alt\u0131na almay\u0131 ve bu konuyla ba\u015f etmeyi \u00f6\u011frendim. Senin dan\u0131\u015fmanl\u0131\u011f\u0131n <\/p>\n","protected":false},"author":1,"featured_media":1731,"parent":0,"menu_order":0,"comment_status":"closed","ping_status":"closed","template":"page-blocks.php","meta":{"_exactmetrics_skip_tracking":false,"_exactmetrics_sitenote_active":false,"_exactmetrics_sitenote_note":"","_exactmetrics_sitenote_category":0,"_joinchat":[],"footnotes":""},"class_list":["post-1296","page","type-page","status-publish","has-post-thumbnail"],"yoast_head":"<!-- This site is optimized with the Yoast SEO plugin v25.1 - https:\/\/yoast.com\/wordpress\/plugins\/seo\/ -->\n<title>tedavi icin referanslar<\/title>\n<meta name=\"description\" content=\"Ki\u015finin hayat\u0131n\u0131 derinden etkileyen ve ya\u015fam kalitesini d\u00fc\u015f\u00fcren, tedavi edilmesi gereken durumlar\u0131 sa\u011fl\u0131k sorunlar\u0131 olarak nitelendiriyoruz.\" \/>\n<meta name=\"robots\" content=\"index, follow, max-snippet:-1, max-image-preview:large, max-video-preview:-1\" \/>\n<link rel=\"canonical\" href=\"https:\/\/hypnosecoachinghamburg.com\/tr\/referanslar\/\" \/>\n<meta property=\"og:locale\" content=\"tr_TR\" \/>\n<meta property=\"og:type\" content=\"article\" \/>\n<meta property=\"og:title\" content=\"tedavi icin referanslar\" \/>\n<meta property=\"og:description\" content=\"Ki\u015finin hayat\u0131n\u0131 derinden etkileyen ve ya\u015fam kalitesini d\u00fc\u015f\u00fcren, tedavi edilmesi gereken durumlar\u0131 sa\u011fl\u0131k sorunlar\u0131 olarak nitelendiriyoruz.\" \/>\n<meta property=\"og:url\" content=\"https:\/\/hypnosecoachinghamburg.com\/tr\/referanslar\/\" \/>\n<meta property=\"og:site_name\" content=\"NRA\" \/>\n<meta property=\"article:publisher\" content=\"https:\/\/www.facebook.com\/naciyerafiq.arli\" \/>\n<meta property=\"article:modified_time\" content=\"2024-05-25T20:13:51+00:00\" \/>\n<meta property=\"og:image\" content=\"https:\/\/hypnosecoachinghamburg.com\/tr\/wp-content\/uploads\/2022\/10\/thumbs-up-g8cf72f9eb_1920.jpg\" \/>\n\t<meta property=\"og:image:width\" content=\"1920\" \/>\n\t<meta property=\"og:image:height\" content=\"1280\" \/>\n\t<meta property=\"og:image:type\" content=\"image\/jpeg\" \/>\n<meta name=\"twitter:card\" content=\"summary_large_image\" \/>\n<meta name=\"twitter:label1\" content=\"Tahmini okuma s\u00fcresi\" \/>\n\t<meta name=\"twitter:data1\" content=\"6 dakika\" \/>\n<script type=\"application\/ld+json\" class=\"yoast-schema-graph\">{\"@context\":\"https:\/\/schema.org\",\"@graph\":[{\"@type\":\"WebPage\",\"@id\":\"https:\/\/hypnosecoachinghamburg.com\/tr\/referanslar\/\",\"url\":\"https:\/\/hypnosecoachinghamburg.com\/tr\/referanslar\/\",\"name\":\"tedavi icin referanslar\",\"isPartOf\":{\"@id\":\"https:\/\/hypnosecoachinghamburg.com\/tr\/#website\"},\"primaryImageOfPage\":{\"@id\":\"https:\/\/hypnosecoachinghamburg.com\/tr\/referanslar\/#primaryimage\"},\"image\":{\"@id\":\"https:\/\/hypnosecoachinghamburg.com\/tr\/referanslar\/#primaryimage\"},\"thumbnailUrl\":\"https:\/\/hypnosecoachinghamburg.com\/tr\/wp-content\/uploads\/2022\/10\/thumbs-up-g8cf72f9eb_1920.jpg\",\"datePublished\":\"2024-05-15T07:52:27+00:00\",\"dateModified\":\"2024-05-25T20:13:51+00:00\",\"description\":\"Ki\u015finin hayat\u0131n\u0131 derinden etkileyen ve ya\u015fam kalitesini d\u00fc\u015f\u00fcren, tedavi edilmesi gereken durumlar\u0131 sa\u011fl\u0131k sorunlar\u0131 olarak nitelendiriyoruz.\",\"breadcrumb\":{\"@id\":\"https:\/\/hypnosecoachinghamburg.com\/tr\/referanslar\/#breadcrumb\"},\"inLanguage\":\"tr\",\"potentialAction\":[{\"@type\":\"ReadAction\",\"target\":[\"https:\/\/hypnosecoachinghamburg.com\/tr\/referanslar\/\"]}]},{\"@type\":\"ImageObject\",\"inLanguage\":\"tr\",\"@id\":\"https:\/\/hypnosecoachinghamburg.com\/tr\/referanslar\/#primaryimage\",\"url\":\"https:\/\/hypnosecoachinghamburg.com\/tr\/wp-content\/uploads\/2022\/10\/thumbs-up-g8cf72f9eb_1920.jpg\",\"contentUrl\":\"https:\/\/hypnosecoachinghamburg.com\/tr\/wp-content\/uploads\/2022\/10\/thumbs-up-g8cf72f9eb_1920.jpg\",\"width\":1920,\"height\":1280},{\"@type\":\"BreadcrumbList\",\"@id\":\"https:\/\/hypnosecoachinghamburg.com\/tr\/referanslar\/#breadcrumb\",\"itemListElement\":[{\"@type\":\"ListItem\",\"position\":1,\"name\":\"Anasayfa\",\"item\":\"https:\/\/hypnosecoachinghamburg.com\/tr\/\"},{\"@type\":\"ListItem\",\"position\":2,\"name\":\"Referanslar\"}]},{\"@type\":\"WebSite\",\"@id\":\"https:\/\/hypnosecoachinghamburg.com\/tr\/#website\",\"url\":\"https:\/\/hypnosecoachinghamburg.com\/tr\/\",\"name\":\"NRA\",\"description\":\"Psikoterapi Alan\u0131nda Do\u011fal Tedavi Uzman\u0131 &amp; Hipnoz Terapisti\",\"publisher\":{\"@id\":\"https:\/\/hypnosecoachinghamburg.com\/tr\/#organization\"},\"potentialAction\":[{\"@type\":\"SearchAction\",\"target\":{\"@type\":\"EntryPoint\",\"urlTemplate\":\"https:\/\/hypnosecoachinghamburg.com\/tr\/?s={search_term_string}\"},\"query-input\":{\"@type\":\"PropertyValueSpecification\",\"valueRequired\":true,\"valueName\":\"search_term_string\"}}],\"inLanguage\":\"tr\"},{\"@type\":\"Organization\",\"@id\":\"https:\/\/hypnosecoachinghamburg.com\/tr\/#organization\",\"name\":\"NRA\",\"url\":\"https:\/\/hypnosecoachinghamburg.com\/tr\/\",\"logo\":{\"@type\":\"ImageObject\",\"inLanguage\":\"tr\",\"@id\":\"https:\/\/hypnosecoachinghamburg.com\/tr\/#\/schema\/logo\/image\/\",\"url\":\"https:\/\/hypnosecoachinghamburg.com\/tr\/wp-content\/uploads\/2019\/07\/logo-nra.png\",\"contentUrl\":\"https:\/\/hypnosecoachinghamburg.com\/tr\/wp-content\/uploads\/2019\/07\/logo-nra.png\",\"width\":681,\"height\":521,\"caption\":\"NRA\"},\"image\":{\"@id\":\"https:\/\/hypnosecoachinghamburg.com\/tr\/#\/schema\/logo\/image\/\"},\"sameAs\":[\"https:\/\/www.facebook.com\/naciyerafiq.arli\",\"https:\/\/www.instagram.com\/hypnosepraxishamburg\/\"]}]}<\/script>\n<!-- \/ Yoast SEO plugin. -->","yoast_head_json":{"title":"tedavi icin referanslar","description":"Ki\u015finin hayat\u0131n\u0131 derinden etkileyen ve ya\u015fam kalitesini d\u00fc\u015f\u00fcren, tedavi edilmesi gereken durumlar\u0131 sa\u011fl\u0131k sorunlar\u0131 olarak nitelendiriyoruz.","robots":{"index":"index","follow":"follow","max-snippet":"max-snippet:-1","max-image-preview":"max-image-preview:large","max-video-preview":"max-video-preview:-1"},"canonical":"https:\/\/hypnosecoachinghamburg.com\/tr\/referanslar\/","og_locale":"tr_TR","og_type":"article","og_title":"tedavi icin referanslar","og_description":"Ki\u015finin hayat\u0131n\u0131 derinden etkileyen ve ya\u015fam kalitesini d\u00fc\u015f\u00fcren, tedavi edilmesi gereken durumlar\u0131 sa\u011fl\u0131k sorunlar\u0131 olarak nitelendiriyoruz.","og_url":"https:\/\/hypnosecoachinghamburg.com\/tr\/referanslar\/","og_site_name":"NRA","article_publisher":"https:\/\/www.facebook.com\/naciyerafiq.arli","article_modified_time":"2024-05-25T20:13:51+00:00","og_image":[{"width":1920,"height":1280,"url":"https:\/\/hypnosecoachinghamburg.com\/tr\/wp-content\/uploads\/2022\/10\/thumbs-up-g8cf72f9eb_1920.jpg","type":"image\/jpeg"}],"twitter_card":"summary_large_image","twitter_misc":{"Tahmini okuma s\u00fcresi":"6 dakika"},"schema":{"@context":"https:\/\/schema.org","@graph":[{"@type":"WebPage","@id":"https:\/\/hypnosecoachinghamburg.com\/tr\/referanslar\/","url":"https:\/\/hypnosecoachinghamburg.com\/tr\/referanslar\/","name":"tedavi icin referanslar","isPartOf":{"@id":"https:\/\/hypnosecoachinghamburg.com\/tr\/#website"},"primaryImageOfPage":{"@id":"https:\/\/hypnosecoachinghamburg.com\/tr\/referanslar\/#primaryimage"},"image":{"@id":"https:\/\/hypnosecoachinghamburg.com\/tr\/referanslar\/#primaryimage"},"thumbnailUrl":"https:\/\/hypnosecoachinghamburg.com\/tr\/wp-content\/uploads\/2022\/10\/thumbs-up-g8cf72f9eb_1920.jpg","datePublished":"2024-05-15T07:52:27+00:00","dateModified":"2024-05-25T20:13:51+00:00","description":"Ki\u015finin hayat\u0131n\u0131 derinden etkileyen ve ya\u015fam kalitesini d\u00fc\u015f\u00fcren, tedavi edilmesi gereken durumlar\u0131 sa\u011fl\u0131k sorunlar\u0131 olarak nitelendiriyoruz.","breadcrumb":{"@id":"https:\/\/hypnosecoachinghamburg.com\/tr\/referanslar\/#breadcrumb"},"inLanguage":"tr","potentialAction":[{"@type":"ReadAction","target":["https:\/\/hypnosecoachinghamburg.com\/tr\/referanslar\/"]}]},{"@type":"ImageObject","inLanguage":"tr","@id":"https:\/\/hypnosecoachinghamburg.com\/tr\/referanslar\/#primaryimage","url":"https:\/\/hypnosecoachinghamburg.com\/tr\/wp-content\/uploads\/2022\/10\/thumbs-up-g8cf72f9eb_1920.jpg","contentUrl":"https:\/\/hypnosecoachinghamburg.com\/tr\/wp-content\/uploads\/2022\/10\/thumbs-up-g8cf72f9eb_1920.jpg","width":1920,"height":1280},{"@type":"BreadcrumbList","@id":"https:\/\/hypnosecoachinghamburg.com\/tr\/referanslar\/#breadcrumb","itemListElement":[{"@type":"ListItem","position":1,"name":"Anasayfa","item":"https:\/\/hypnosecoachinghamburg.com\/tr\/"},{"@type":"ListItem","position":2,"name":"Referanslar"}]},{"@type":"WebSite","@id":"https:\/\/hypnosecoachinghamburg.com\/tr\/#website","url":"https:\/\/hypnosecoachinghamburg.com\/tr\/","name":"NRA","description":"Psikoterapi Alan\u0131nda Do\u011fal Tedavi Uzman\u0131 &amp; Hipnoz Terapisti","publisher":{"@id":"https:\/\/hypnosecoachinghamburg.com\/tr\/#organization"},"potentialAction":[{"@type":"SearchAction","target":{"@type":"EntryPoint","urlTemplate":"https:\/\/hypnosecoachinghamburg.com\/tr\/?s={search_term_string}"},"query-input":{"@type":"PropertyValueSpecification","valueRequired":true,"valueName":"search_term_string"}}],"inLanguage":"tr"},{"@type":"Organization","@id":"https:\/\/hypnosecoachinghamburg.com\/tr\/#organization","name":"NRA","url":"https:\/\/hypnosecoachinghamburg.com\/tr\/","logo":{"@type":"ImageObject","inLanguage":"tr","@id":"https:\/\/hypnosecoachinghamburg.com\/tr\/#\/schema\/logo\/image\/","url":"https:\/\/hypnosecoachinghamburg.com\/tr\/wp-content\/uploads\/2019\/07\/logo-nra.png","contentUrl":"https:\/\/hypnosecoachinghamburg.com\/tr\/wp-content\/uploads\/2019\/07\/logo-nra.png","width":681,"height":521,"caption":"NRA"},"image":{"@id":"https:\/\/hypnosecoachinghamburg.com\/tr\/#\/schema\/logo\/image\/"},"sameAs":["https:\/\/www.facebook.com\/naciyerafiq.arli","https:\/\/www.instagram.com\/hypnosepraxishamburg\/"]}]}},"_links":{"self":[{"href":"https:\/\/hypnosecoachinghamburg.com\/tr\/wp-json\/wp\/v2\/pages\/1296","targetHints":{"allow":["GET"]}}],"collection":[{"href":"https:\/\/hypnosecoachinghamburg.com\/tr\/wp-json\/wp\/v2\/pages"}],"about":[{"href":"https:\/\/hypnosecoachinghamburg.com\/tr\/wp-json\/wp\/v2\/types\/page"}],"author":[{"embeddable":true,"href":"https:\/\/hypnosecoachinghamburg.com\/tr\/wp-json\/wp\/v2\/users\/1"}],"replies":[{"embeddable":true,"href":"https:\/\/hypnosecoachinghamburg.com\/tr\/wp-json\/wp\/v2\/comments?post=1296"}],"version-history":[{"count":8,"href":"https:\/\/hypnosecoachinghamburg.com\/tr\/wp-json\/wp\/v2\/pages\/1296\/revisions"}],"predecessor-version":[{"id":1745,"href":"https:\/\/hypnosecoachinghamburg.com\/tr\/wp-json\/wp\/v2\/pages\/1296\/revisions\/1745"}],"wp:featuredmedia":[{"embeddable":true,"href":"https:\/\/hypnosecoachinghamburg.com\/tr\/wp-json\/wp\/v2\/media\/1731"}],"wp:attachment":[{"href":"https:\/\/hypnosecoachinghamburg.com\/tr\/wp-json\/wp\/v2\/media?parent=1296"}],"curies":[{"name":"wp","href":"https:\/\/api.w.org\/{rel}","templated":true}]}}