{"id":1285,"date":"2024-05-25T10:39:54","date_gmt":"2024-05-25T07:39:54","guid":{"rendered":"http:\/\/nra.demoadresi.com\/?page_id=1285"},"modified":"2024-05-25T22:54:11","modified_gmt":"2024-05-25T19:54:11","slug":"hakkimda-naciye-rafiq-arli-hamburg-depresyon-korku","status":"publish","type":"page","link":"https:\/\/hypnosecoachinghamburg.com\/tr\/hakkimda-naciye-rafiq-arli-hamburg-depresyon-korku\/","title":{"rendered":"Hakk\u0131mda"},"content":{"rendered":"<p>[vc_row][vc_column][vc_column_text]<\/p>\n<h1>Hakk\u0131mda<\/h1>\n<p>[\/vc_column_text][\/vc_column][\/vc_row][vc_row][vc_column][vc_single_image image=&#8221;1540&#8243; img_size=&#8221;full&#8221; alignment=&#8221;center&#8221;][\/vc_column][\/vc_row][vc_row][vc_column][vc_column_text]<\/p>\n<h1 class=\"hero-title\">Hakk\u0131mda<\/h1>\n<p>Hamburg\u2019da do\u011fdum \/ do\u011fum y\u0131l\u0131m 1976<br \/>\nEczac\u0131l\u0131k alan\u0131nda e\u011fitim<br \/>\nHipnoz alan\u0131nda \u00fcniversite e\u011fitimi<br \/>\nPsikoterapi alan\u0131nda do\u011fal tedavi uzman\u0131<br \/>\nD\u00f6rt \u00e7ocuk annesi<br \/>\nRahmen e.V. (Hamburg\u2019da M\u00fcsl\u00fcmanlar i\u00e7in psikolojik yard\u0131m derne\u011fi) derne\u011finin kurucu \u00fcyesi ve \u015fu anda dan\u0131\u015fma kurulu \u00fcyesi<\/p>\n<h2><strong>Yeterlilikler<\/strong><\/h2>\n<ul>\n<li>Psikoterapi alan\u0131nda do\u011fal tedavi uzman\u0131<\/li>\n<li>Bireysel psikolojik hayat tarz\u0131 analizi ve dan\u0131\u015fmanl\u0131k (Pedagojik Dan\u0131\u015fmanl\u0131k ve G\u00f6zetim i\u00e7in Hamburg Enstit\u00fcs\u00fc)<\/li>\n<li>Rogers uyar\u0131nca dan\u0131\u015fan odakl\u0131 konu\u015fma terapisi (Do\u011fal T\u0131p i\u00e7in Hamburg Akademisi)<\/li>\n<li>Psikoterapi alan\u0131nda do\u011fal tedavi uzman\u0131n\u0131n e\u011fitimi ve s\u0131nav haz\u0131rl\u0131\u011f\u0131 (Do\u011fal T\u0131p i\u00e7in Hamburg Akademisi)<\/li>\n<li>Hipnoz, hipnoterapi ve hipnoz ko\u00e7lu\u011fu alan\u0131nda \u00fcniversite e\u011fitimi (Hypnovita, Klinik Hipnoz ve Hipnoz Ko\u00e7lu\u011fu Enstit\u00fcs\u00fc)<\/li>\n<li>Teori ve pratikte hipnoz (Hypnovita)<\/li>\n<li>Derin hipnoz, telkin ama\u00e7l\u0131 hipnoz ve h\u0131zl\u0131 hipnoz (Hypnovita)<\/li>\n<li>Dinamik, kaynak odakl\u0131 ve sa\u011fl\u0131k a\u00e7\u0131s\u0131ndan \u00f6nleyici hipnoz, kaynak aktivasyonu (hypnovita)<\/li>\n<li>Hipnoz tedavisiyle sigara b\u0131rakma e kilo kayb\u0131 (Hypnovita)<\/li>\n<li>Ruhsal blokajlar\u0131n ele al\u0131nmas\u0131 ve \u00e7\u00f6z\u00fclmesi, a\u011fr\u0131 tedavisi (Hypnovita)<\/li>\n<li>Regresyon terapileri, rahatlama ve kendi kendini hipnoz teknikleri (Hypnovita)<\/li>\n<li>Analitik odakl\u0131 hipnoz terapisi, yeniden canlanma hipnozu &amp; hipnoanaliz (Hypnovita)<\/li>\n<li>Psikolojik destek sa\u011flama alan\u0131nda e\u011fitim (Kuzey Almanya\u2019da Protestan-Lutheran Kilisesi)<\/li>\n<li>St. Georg Hastanesi\u2019nde g\u00f6n\u00fcll\u00fc psikolojik destek g\u00f6revi<\/li>\n<li>Rahmen e.V. (Hamburg\u2019da M\u00fcsl\u00fcmanlar i\u00e7in psikolojik yard\u0131m derne\u011fi) derne\u011finin kurucu \u00fcyesi ve \u015fu anda dan\u0131\u015fma kurulu \u00fcyesi<\/li>\n<li>S\u00f6zs\u00fcz hipnoz ve hipnoza imkan tan\u0131yan alanlar (Rahatlama Enstit\u00fcs\u00fc Klangwelten)<\/li>\n<li>Yap\u0131c\u0131, k\u00fclt\u00fcrleraras\u0131 \u00e7at\u0131\u015fma arabuluculu\u011fu (Yap\u0131c\u0131 \u00c7at\u0131\u015fma Y\u00fcr\u00fctme ve Arabuluculuk Enstit\u00fcs\u00fc)<\/li>\n<li>Sertifikal\u0131 \u201aSoul and Parts\u2018 terapisti (pro Training Center Baden, \u0130svi\u00e7re\u2019de hipnoz terapisi )<\/li>\n<li>Yukar\u0131da belirtilmi\u015f olan alanlarda d\u00fczenli g\u00f6zetim ve e\u011fitimler<\/li>\n<li>Say\u0131s\u0131z \u00f6zel e\u011fitimler, \u00f6rn. Timeline, EFT, a\u011fr\u0131 d\u00fczenlemesi vb.<\/li>\n<\/ul>\n<p>[\/vc_column_text][\/vc_column][\/vc_row][vc_row][vc_column width=&#8221;1\/2&#8243;][vc_single_image image=&#8221;1464&#8243; img_size=&#8221;full&#8221; alignment=&#8221;center&#8221; onclick=&#8221;link_image&#8221;][\/vc_column][vc_column width=&#8221;1\/2&#8243;][vc_single_image image=&#8221;1461&#8243; img_size=&#8221;full&#8221; alignment=&#8221;center&#8221; onclick=&#8221;link_image&#8221;][\/vc_column][\/vc_row]<\/p>\n","protected":false},"excerpt":{"rendered":"<p>[vc_row][vc_column][vc_column_text] Hakk\u0131mda [\/vc_column_text][\/vc_column][\/vc_row][vc_row][vc_column][vc_single_image image=&#8221;1540&#8243; img_size=&#8221;full&#8221; alignment=&#8221;center&#8221;][\/vc_column][\/vc_row][vc_row][vc_column][vc_column_text] Hakk\u0131mda Hamburg\u2019da do\u011fdum \/ do\u011fum y\u0131l\u0131m 1976 Eczac\u0131l\u0131k alan\u0131nda e\u011fitim Hipnoz alan\u0131nda \u00fcniversite e\u011fitimi Psikoterapi alan\u0131nda do\u011fal tedavi uzman\u0131 D\u00f6rt \u00e7ocuk annesi Rahmen e.V. (Hamburg\u2019da M\u00fcsl\u00fcmanlar i\u00e7in psikolojik yard\u0131m derne\u011fi) derne\u011finin kurucu \u00fcyesi ve \u015fu anda dan\u0131\u015fma kurulu \u00fcyesi Yeterlilikler Psikoterapi alan\u0131nda do\u011fal tedavi uzman\u0131 Bireysel psikolojik hayat tarz\u0131 <\/p>\n","protected":false},"author":1,"featured_media":1463,"parent":0,"menu_order":0,"comment_status":"closed","ping_status":"closed","template":"page-blocks.php","meta":{"_exactmetrics_skip_tracking":false,"_exactmetrics_sitenote_active":false,"_exactmetrics_sitenote_note":"","_exactmetrics_sitenote_category":0,"_joinchat":[],"footnotes":""},"class_list":["post-1285","page","type-page","status-publish","has-post-thumbnail"],"yoast_head":"<!-- This site is optimized with the Yoast SEO plugin v25.1 - https:\/\/yoast.com\/wordpress\/plugins\/seo\/ -->\n<title>Hakkimda: Naciye Rafiq Arli, Hamburg, Depresyon, Korku<\/title>\n<meta name=\"description\" content=\"Analitik hipnoz Ki\u015finin bu sorundan kal\u0131c\u0131 olarak kurtulmas\u0131n\u0131 sa\u011flayan \u00e7ok g\u00fc\u00e7l\u00fc ve etkili bir hipnotik iyile\u015ftirme y\u00f6ntemidir.\" \/>\n<meta name=\"robots\" content=\"index, follow, max-snippet:-1, max-image-preview:large, max-video-preview:-1\" \/>\n<link rel=\"canonical\" href=\"https:\/\/hypnosecoachinghamburg.com\/tr\/hakkimda-naciye-rafiq-arli-hamburg-depresyon-korku\/\" \/>\n<meta property=\"og:locale\" content=\"tr_TR\" \/>\n<meta property=\"og:type\" content=\"article\" \/>\n<meta property=\"og:title\" content=\"Hakkimda: Naciye Rafiq Arli, Hamburg, Depresyon, Korku\" \/>\n<meta property=\"og:description\" content=\"Analitik hipnoz Ki\u015finin bu sorundan kal\u0131c\u0131 olarak kurtulmas\u0131n\u0131 sa\u011flayan \u00e7ok g\u00fc\u00e7l\u00fc ve etkili bir hipnotik iyile\u015ftirme y\u00f6ntemidir.\" \/>\n<meta property=\"og:url\" content=\"https:\/\/hypnosecoachinghamburg.com\/tr\/hakkimda-naciye-rafiq-arli-hamburg-depresyon-korku\/\" \/>\n<meta property=\"og:site_name\" content=\"NRA\" \/>\n<meta property=\"article:publisher\" content=\"https:\/\/www.facebook.com\/naciyerafiq.arli\" \/>\n<meta property=\"article:modified_time\" content=\"2024-05-25T19:54:11+00:00\" \/>\n<meta property=\"og:image\" content=\"https:\/\/hypnosecoachinghamburg.com\/tr\/wp-content\/uploads\/2019\/08\/c01ba34d-c315-4752-9a6c-ff4e283fcfed-1.jpeg\" \/>\n\t<meta property=\"og:image:width\" content=\"1496\" \/>\n\t<meta property=\"og:image:height\" content=\"1000\" \/>\n\t<meta property=\"og:image:type\" content=\"image\/jpeg\" \/>\n<meta name=\"twitter:card\" content=\"summary_large_image\" \/>\n<meta name=\"twitter:label1\" content=\"Tahmini okuma s\u00fcresi\" \/>\n\t<meta name=\"twitter:data1\" content=\"2 dakika\" \/>\n<script type=\"application\/ld+json\" class=\"yoast-schema-graph\">{\"@context\":\"https:\/\/schema.org\",\"@graph\":[{\"@type\":\"WebPage\",\"@id\":\"https:\/\/hypnosecoachinghamburg.com\/tr\/hakkimda-naciye-rafiq-arli-hamburg-depresyon-korku\/\",\"url\":\"https:\/\/hypnosecoachinghamburg.com\/tr\/hakkimda-naciye-rafiq-arli-hamburg-depresyon-korku\/\",\"name\":\"Hakkimda: Naciye Rafiq Arli, Hamburg, Depresyon, Korku\",\"isPartOf\":{\"@id\":\"https:\/\/hypnosecoachinghamburg.com\/tr\/#website\"},\"primaryImageOfPage\":{\"@id\":\"https:\/\/hypnosecoachinghamburg.com\/tr\/hakkimda-naciye-rafiq-arli-hamburg-depresyon-korku\/#primaryimage\"},\"image\":{\"@id\":\"https:\/\/hypnosecoachinghamburg.com\/tr\/hakkimda-naciye-rafiq-arli-hamburg-depresyon-korku\/#primaryimage\"},\"thumbnailUrl\":\"https:\/\/hypnosecoachinghamburg.com\/tr\/wp-content\/uploads\/2019\/08\/c01ba34d-c315-4752-9a6c-ff4e283fcfed-1.jpeg\",\"datePublished\":\"2024-05-25T07:39:54+00:00\",\"dateModified\":\"2024-05-25T19:54:11+00:00\",\"description\":\"Analitik hipnoz Ki\u015finin bu sorundan kal\u0131c\u0131 olarak kurtulmas\u0131n\u0131 sa\u011flayan \u00e7ok g\u00fc\u00e7l\u00fc ve etkili bir hipnotik iyile\u015ftirme y\u00f6ntemidir.\",\"breadcrumb\":{\"@id\":\"https:\/\/hypnosecoachinghamburg.com\/tr\/hakkimda-naciye-rafiq-arli-hamburg-depresyon-korku\/#breadcrumb\"},\"inLanguage\":\"tr\",\"potentialAction\":[{\"@type\":\"ReadAction\",\"target\":[\"https:\/\/hypnosecoachinghamburg.com\/tr\/hakkimda-naciye-rafiq-arli-hamburg-depresyon-korku\/\"]}]},{\"@type\":\"ImageObject\",\"inLanguage\":\"tr\",\"@id\":\"https:\/\/hypnosecoachinghamburg.com\/tr\/hakkimda-naciye-rafiq-arli-hamburg-depresyon-korku\/#primaryimage\",\"url\":\"https:\/\/hypnosecoachinghamburg.com\/tr\/wp-content\/uploads\/2019\/08\/c01ba34d-c315-4752-9a6c-ff4e283fcfed-1.jpeg\",\"contentUrl\":\"https:\/\/hypnosecoachinghamburg.com\/tr\/wp-content\/uploads\/2019\/08\/c01ba34d-c315-4752-9a6c-ff4e283fcfed-1.jpeg\",\"width\":1496,\"height\":1000,\"caption\":\"Naciye Rafiq-Arli\"},{\"@type\":\"BreadcrumbList\",\"@id\":\"https:\/\/hypnosecoachinghamburg.com\/tr\/hakkimda-naciye-rafiq-arli-hamburg-depresyon-korku\/#breadcrumb\",\"itemListElement\":[{\"@type\":\"ListItem\",\"position\":1,\"name\":\"Anasayfa\",\"item\":\"https:\/\/hypnosecoachinghamburg.com\/tr\/\"},{\"@type\":\"ListItem\",\"position\":2,\"name\":\"Hakk\u0131mda\"}]},{\"@type\":\"WebSite\",\"@id\":\"https:\/\/hypnosecoachinghamburg.com\/tr\/#website\",\"url\":\"https:\/\/hypnosecoachinghamburg.com\/tr\/\",\"name\":\"NRA\",\"description\":\"Psikoterapi Alan\u0131nda Do\u011fal Tedavi Uzman\u0131 &amp; Hipnoz Terapisti\",\"publisher\":{\"@id\":\"https:\/\/hypnosecoachinghamburg.com\/tr\/#organization\"},\"potentialAction\":[{\"@type\":\"SearchAction\",\"target\":{\"@type\":\"EntryPoint\",\"urlTemplate\":\"https:\/\/hypnosecoachinghamburg.com\/tr\/?s={search_term_string}\"},\"query-input\":{\"@type\":\"PropertyValueSpecification\",\"valueRequired\":true,\"valueName\":\"search_term_string\"}}],\"inLanguage\":\"tr\"},{\"@type\":\"Organization\",\"@id\":\"https:\/\/hypnosecoachinghamburg.com\/tr\/#organization\",\"name\":\"NRA\",\"url\":\"https:\/\/hypnosecoachinghamburg.com\/tr\/\",\"logo\":{\"@type\":\"ImageObject\",\"inLanguage\":\"tr\",\"@id\":\"https:\/\/hypnosecoachinghamburg.com\/tr\/#\/schema\/logo\/image\/\",\"url\":\"https:\/\/hypnosecoachinghamburg.com\/tr\/wp-content\/uploads\/2019\/07\/logo-nra.png\",\"contentUrl\":\"https:\/\/hypnosecoachinghamburg.com\/tr\/wp-content\/uploads\/2019\/07\/logo-nra.png\",\"width\":681,\"height\":521,\"caption\":\"NRA\"},\"image\":{\"@id\":\"https:\/\/hypnosecoachinghamburg.com\/tr\/#\/schema\/logo\/image\/\"},\"sameAs\":[\"https:\/\/www.facebook.com\/naciyerafiq.arli\",\"https:\/\/www.instagram.com\/hypnosepraxishamburg\/\"]}]}<\/script>\n<!-- \/ Yoast SEO plugin. -->","yoast_head_json":{"title":"Hakkimda: Naciye Rafiq Arli, Hamburg, Depresyon, Korku","description":"Analitik hipnoz Ki\u015finin bu sorundan kal\u0131c\u0131 olarak kurtulmas\u0131n\u0131 sa\u011flayan \u00e7ok g\u00fc\u00e7l\u00fc ve etkili bir hipnotik iyile\u015ftirme y\u00f6ntemidir.","robots":{"index":"index","follow":"follow","max-snippet":"max-snippet:-1","max-image-preview":"max-image-preview:large","max-video-preview":"max-video-preview:-1"},"canonical":"https:\/\/hypnosecoachinghamburg.com\/tr\/hakkimda-naciye-rafiq-arli-hamburg-depresyon-korku\/","og_locale":"tr_TR","og_type":"article","og_title":"Hakkimda: Naciye Rafiq Arli, Hamburg, Depresyon, Korku","og_description":"Analitik hipnoz Ki\u015finin bu sorundan kal\u0131c\u0131 olarak kurtulmas\u0131n\u0131 sa\u011flayan \u00e7ok g\u00fc\u00e7l\u00fc ve etkili bir hipnotik iyile\u015ftirme y\u00f6ntemidir.","og_url":"https:\/\/hypnosecoachinghamburg.com\/tr\/hakkimda-naciye-rafiq-arli-hamburg-depresyon-korku\/","og_site_name":"NRA","article_publisher":"https:\/\/www.facebook.com\/naciyerafiq.arli","article_modified_time":"2024-05-25T19:54:11+00:00","og_image":[{"width":1496,"height":1000,"url":"https:\/\/hypnosecoachinghamburg.com\/tr\/wp-content\/uploads\/2019\/08\/c01ba34d-c315-4752-9a6c-ff4e283fcfed-1.jpeg","type":"image\/jpeg"}],"twitter_card":"summary_large_image","twitter_misc":{"Tahmini okuma s\u00fcresi":"2 dakika"},"schema":{"@context":"https:\/\/schema.org","@graph":[{"@type":"WebPage","@id":"https:\/\/hypnosecoachinghamburg.com\/tr\/hakkimda-naciye-rafiq-arli-hamburg-depresyon-korku\/","url":"https:\/\/hypnosecoachinghamburg.com\/tr\/hakkimda-naciye-rafiq-arli-hamburg-depresyon-korku\/","name":"Hakkimda: Naciye Rafiq Arli, Hamburg, Depresyon, Korku","isPartOf":{"@id":"https:\/\/hypnosecoachinghamburg.com\/tr\/#website"},"primaryImageOfPage":{"@id":"https:\/\/hypnosecoachinghamburg.com\/tr\/hakkimda-naciye-rafiq-arli-hamburg-depresyon-korku\/#primaryimage"},"image":{"@id":"https:\/\/hypnosecoachinghamburg.com\/tr\/hakkimda-naciye-rafiq-arli-hamburg-depresyon-korku\/#primaryimage"},"thumbnailUrl":"https:\/\/hypnosecoachinghamburg.com\/tr\/wp-content\/uploads\/2019\/08\/c01ba34d-c315-4752-9a6c-ff4e283fcfed-1.jpeg","datePublished":"2024-05-25T07:39:54+00:00","dateModified":"2024-05-25T19:54:11+00:00","description":"Analitik hipnoz Ki\u015finin bu sorundan kal\u0131c\u0131 olarak kurtulmas\u0131n\u0131 sa\u011flayan \u00e7ok g\u00fc\u00e7l\u00fc ve etkili bir hipnotik iyile\u015ftirme y\u00f6ntemidir.","breadcrumb":{"@id":"https:\/\/hypnosecoachinghamburg.com\/tr\/hakkimda-naciye-rafiq-arli-hamburg-depresyon-korku\/#breadcrumb"},"inLanguage":"tr","potentialAction":[{"@type":"ReadAction","target":["https:\/\/hypnosecoachinghamburg.com\/tr\/hakkimda-naciye-rafiq-arli-hamburg-depresyon-korku\/"]}]},{"@type":"ImageObject","inLanguage":"tr","@id":"https:\/\/hypnosecoachinghamburg.com\/tr\/hakkimda-naciye-rafiq-arli-hamburg-depresyon-korku\/#primaryimage","url":"https:\/\/hypnosecoachinghamburg.com\/tr\/wp-content\/uploads\/2019\/08\/c01ba34d-c315-4752-9a6c-ff4e283fcfed-1.jpeg","contentUrl":"https:\/\/hypnosecoachinghamburg.com\/tr\/wp-content\/uploads\/2019\/08\/c01ba34d-c315-4752-9a6c-ff4e283fcfed-1.jpeg","width":1496,"height":1000,"caption":"Naciye Rafiq-Arli"},{"@type":"BreadcrumbList","@id":"https:\/\/hypnosecoachinghamburg.com\/tr\/hakkimda-naciye-rafiq-arli-hamburg-depresyon-korku\/#breadcrumb","itemListElement":[{"@type":"ListItem","position":1,"name":"Anasayfa","item":"https:\/\/hypnosecoachinghamburg.com\/tr\/"},{"@type":"ListItem","position":2,"name":"Hakk\u0131mda"}]},{"@type":"WebSite","@id":"https:\/\/hypnosecoachinghamburg.com\/tr\/#website","url":"https:\/\/hypnosecoachinghamburg.com\/tr\/","name":"NRA","description":"Psikoterapi Alan\u0131nda Do\u011fal Tedavi Uzman\u0131 &amp; Hipnoz Terapisti","publisher":{"@id":"https:\/\/hypnosecoachinghamburg.com\/tr\/#organization"},"potentialAction":[{"@type":"SearchAction","target":{"@type":"EntryPoint","urlTemplate":"https:\/\/hypnosecoachinghamburg.com\/tr\/?s={search_term_string}"},"query-input":{"@type":"PropertyValueSpecification","valueRequired":true,"valueName":"search_term_string"}}],"inLanguage":"tr"},{"@type":"Organization","@id":"https:\/\/hypnosecoachinghamburg.com\/tr\/#organization","name":"NRA","url":"https:\/\/hypnosecoachinghamburg.com\/tr\/","logo":{"@type":"ImageObject","inLanguage":"tr","@id":"https:\/\/hypnosecoachinghamburg.com\/tr\/#\/schema\/logo\/image\/","url":"https:\/\/hypnosecoachinghamburg.com\/tr\/wp-content\/uploads\/2019\/07\/logo-nra.png","contentUrl":"https:\/\/hypnosecoachinghamburg.com\/tr\/wp-content\/uploads\/2019\/07\/logo-nra.png","width":681,"height":521,"caption":"NRA"},"image":{"@id":"https:\/\/hypnosecoachinghamburg.com\/tr\/#\/schema\/logo\/image\/"},"sameAs":["https:\/\/www.facebook.com\/naciyerafiq.arli","https:\/\/www.instagram.com\/hypnosepraxishamburg\/"]}]}},"_links":{"self":[{"href":"https:\/\/hypnosecoachinghamburg.com\/tr\/wp-json\/wp\/v2\/pages\/1285","targetHints":{"allow":["GET"]}}],"collection":[{"href":"https:\/\/hypnosecoachinghamburg.com\/tr\/wp-json\/wp\/v2\/pages"}],"about":[{"href":"https:\/\/hypnosecoachinghamburg.com\/tr\/wp-json\/wp\/v2\/types\/page"}],"author":[{"embeddable":true,"href":"https:\/\/hypnosecoachinghamburg.com\/tr\/wp-json\/wp\/v2\/users\/1"}],"replies":[{"embeddable":true,"href":"https:\/\/hypnosecoachinghamburg.com\/tr\/wp-json\/wp\/v2\/comments?post=1285"}],"version-history":[{"count":19,"href":"https:\/\/hypnosecoachinghamburg.com\/tr\/wp-json\/wp\/v2\/pages\/1285\/revisions"}],"predecessor-version":[{"id":1735,"href":"https:\/\/hypnosecoachinghamburg.com\/tr\/wp-json\/wp\/v2\/pages\/1285\/revisions\/1735"}],"wp:featuredmedia":[{"embeddable":true,"href":"https:\/\/hypnosecoachinghamburg.com\/tr\/wp-json\/wp\/v2\/media\/1463"}],"wp:attachment":[{"href":"https:\/\/hypnosecoachinghamburg.com\/tr\/wp-json\/wp\/v2\/media?parent=1285"}],"curies":[{"name":"wp","href":"https:\/\/api.w.org\/{rel}","templated":true}]}}